{"id":643,"date":"2023-06-07T13:35:36","date_gmt":"2023-06-07T11:35:36","guid":{"rendered":"https:\/\/sueca13flores.com\/?page_id=643"},"modified":"2023-06-16T12:16:35","modified_gmt":"2023-06-16T10:16:35","slug":"beerdigungsblumen","status":"publish","type":"page","link":"https:\/\/sueca13flores.com\/de\/beerdigungsblumen\/","title":{"rendered":"Blumen f\u00fcr die Beerdigung"},"content":{"rendered":"<p>In Zeiten von Verlust und Trauer bieten wir unsere Kollektion von Trauerblumen und Kr\u00e4nzen als Ausdruck von Liebe, Respekt und Beileid an.<\/p>\n<p>Unsere Trauerblumen und -kr\u00e4nze sind der perfekte Blumenschmuck, um sich von einem geliebten Menschen zu verabschieden und der Familie und den Freunden Trost zu spenden. Jedes Blumenarrangement besteht aus frischen, hochwertigen Blumen, die sorgf\u00e4ltig ausgew\u00e4hlt werden, um eine Botschaft der Liebe, des Friedens und des Trostes zu vermitteln.<\/p>\n<p>Wir sind uns der Bedeutung dieser heiklen Momente bewusst und haben uns verpflichtet, einen respektvollen, pers\u00f6nlichen und sofortigen Service zu bieten. Unsere Website bietet Ihnen die Sicherheit, Ihr Blumenarrangement auszuw\u00e4hlen und zu personalisieren, indem Sie jedes Detail selbst bestimmen k\u00f6nnen. Aufgrund der Unmittelbarkeit der Lieferung empfehlen wir Ihnen, uns zu kontaktieren<b>\u00a0per Telefon.<\/b><\/p>\n<p>Wir bieten Ihnen p\u00fcnktliche und diskrete Zustellungsm\u00f6glichkeiten, damit Ihre Zuneigung zur richtigen Zeit am richtigen Ort ankommt.<\/p>\n<p>Zus\u00e4tzlich zu den traditionellen Blumenschmuckst\u00fccken und Trauerkr\u00e4nzen bieten wir Ihnen die M\u00f6glichkeit, besondere Details hinzuzuf\u00fcgen, wie z. B. B\u00e4nder mit pers\u00f6nlichen Botschaften oder die Einbeziehung der Lieblingsblumen des Verstorbenen. Wir k\u00fcmmern uns um jedes Detail, damit Ihr Blumenschmuck einzigartig und aussagekr\u00e4ftig ist.<\/p>\n<p>Vertrauen Sie darauf, dass unser Florist Ihnen bei der Auswahl von Trauerkr\u00e4nzen und Blumenarrangements eine respektvolle und sinnvolle Erfahrung bietet. Erinnern Sie sich an Ihre Lieben mit Sch\u00f6nheit und W\u00fcrde durch unsere sorgf\u00e4ltig gestalteten Blumenarrangements.<\/p>\n<p>&nbsp;<\/p>","protected":false},"excerpt":{"rendered":"<p>In Zeiten von Verlust und Trauer bieten wir unsere Kollektion von Trauerkr\u00e4nzen und Trauerblumen als Ausdruck von Liebe, Respekt und Beileid an. Unsere Trauerkr\u00e4nze und Trauerblumen sind die perfekte florale Hommage, um sich von einem geliebten Menschen zu verabschieden und Familie und Freunden Trost zu spenden. Jedes Blumenarrangement wird ... <a title=\"Blumen f\u00fcr die Beerdigung\" class=\"read-more\" href=\"https:\/\/sueca13flores.com\/de\/beerdigungsblumen\/\" aria-label=\"Mehr Informationen \u00fcber Blumen f\u00fcr Beerdigungen\">Weiterlesen<\/a><\/p>","protected":false},"author":2,"featured_media":714,"parent":0,"menu_order":0,"comment_status":"closed","ping_status":"closed","template":"","meta":{"footnotes":""},"class_list":["post-643","page","type-page","status-publish","has-post-thumbnail"],"_links":{"self":[{"href":"https:\/\/sueca13flores.com\/de\/wp-json\/wp\/v2\/pages\/643","targetHints":{"allow":["GET"]}}],"collection":[{"href":"https:\/\/sueca13flores.com\/de\/wp-json\/wp\/v2\/pages"}],"about":[{"href":"https:\/\/sueca13flores.com\/de\/wp-json\/wp\/v2\/types\/page"}],"author":[{"embeddable":true,"href":"https:\/\/sueca13flores.com\/de\/wp-json\/wp\/v2\/users\/2"}],"replies":[{"embeddable":true,"href":"https:\/\/sueca13flores.com\/de\/wp-json\/wp\/v2\/comments?post=643"}],"version-history":[{"count":4,"href":"https:\/\/sueca13flores.com\/de\/wp-json\/wp\/v2\/pages\/643\/revisions"}],"predecessor-version":[{"id":740,"href":"https:\/\/sueca13flores.com\/de\/wp-json\/wp\/v2\/pages\/643\/revisions\/740"}],"wp:featuredmedia":[{"embeddable":true,"href":"https:\/\/sueca13flores.com\/de\/wp-json\/wp\/v2\/media\/714"}],"wp:attachment":[{"href":"https:\/\/sueca13flores.com\/de\/wp-json\/wp\/v2\/media?parent=643"}],"curies":[{"name":"wp","href":"https:\/\/api.w.org\/{rel}","templated":true}]}}