{"id":647,"date":"2023-06-07T13:36:10","date_gmt":"2023-06-07T11:36:10","guid":{"rendered":"https:\/\/sueca13flores.com\/?page_id=647"},"modified":"2023-06-16T12:30:29","modified_gmt":"2023-06-16T10:30:29","slug":"unternehmen-und-veranstaltungen","status":"publish","type":"page","link":"https:\/\/sueca13flores.com\/de\/unternehmen-und-veranstaltungen\/","title":{"rendered":"Unternehmen und Veranstaltungen"},"content":{"rendered":"<p>Wir bieten einen au\u00dfergew\u00f6hnlichen Blumenarrangement- und Pflanzenservice f\u00fcr Ihr B\u00fcro, Ihre Warter\u00e4ume, Messest\u00e4nde, Ausstellungsr\u00e4ume und Firmenveranstaltungen. Entdecken Sie, wie unsere Experten f\u00fcr frische Blumen und Pflanzen Ihre Gesch\u00e4ftsr\u00e4ume in elegante, einladende und lebendige Umgebungen verwandeln k\u00f6nnen.<\/p>\n<p>Wir haben auch eine Reihe von hochwertigen Kunstpflanzen mit besonders nat\u00fcrlicher Oberfl\u00e4che aus Kokosfasern und Pinienrinde.<\/p>\n<p>Unsere ma\u00dfgeschneiderten Blumenarrangements werden mit Pr\u00e4zision und Liebe zum Detail entworfen, um das Wesen und das Image Ihres Unternehmens widerzuspiegeln. Von eleganten und modernen Kompositionen bis hin zu lebhaften und farbenfrohen Arrangements passen wir uns Ihren Vorlieben und der von Ihnen gew\u00fcnschten Atmosph\u00e4re an. Jedes Arrangement wird mit frischen, qualitativ hochwertigen Blumen gestaltet, um ein atemberaubendes und lang anhaltendes Erscheinungsbild zu gew\u00e4hrleisten.<\/p>\n<p>Zus\u00e4tzlich zu den Blumenarrangements bieten wir auch einen umfassenden Pflanzenpflegeservice an, damit Ihre R\u00e4ume gr\u00fcn und gesund bleiben. Unser Team von Pflanzenexperten k\u00fcmmert sich um die Bew\u00e4sserung, den Beschnitt und die allgemeine Pflege Ihrer Pflanzen, damit sie immer optimal aussehen. Wir k\u00fcmmern uns um alles, damit Sie sich auf das konzentrieren k\u00f6nnen, was am wichtigsten ist: Ihr Gesch\u00e4ft.<\/p>\n<p>Unser Blumenarrangement- und Pflanzenpflege-Service ist flexibel und auf Ihre Bed\u00fcrfnisse zugeschnitten. Ob Sie ein Blumenarrangement f\u00fcr einen besonderen Anlass oder ein regelm\u00e4\u00dfiges Pflegeprogramm ben\u00f6tigen, wir bieten Ihnen ma\u00dfgeschneiderte L\u00f6sungen. W\u00f6chentliche, zweiw\u00f6chentliche und monatliche Blumenabonnements sind ebenfalls m\u00f6glich. Die Lieferung ist in der Stadt Valencia kostenlos.<\/p>\n<p>Unser Team hat ein offenes Ohr f\u00fcr Ihre Bed\u00fcrfnisse, beantwortet Ihre Fragen und ber\u00e4t Sie fachkundig bei der Auswahl von Blumenarrangements und Pflanzen, die zu Ihren R\u00e4umlichkeiten und Gesch\u00e4ftszielen passen.<\/p>\n<p>Verpassen Sie nicht die Gelegenheit, Ihre Kunden, Mitarbeiter und Gesch\u00e4ftspartner mit unseren erstklassigen Blumenarrangements und Pflanzen zu beeindrucken. Entdecken Sie, wie unsere Dienstleistungen im Bereich Blumenarrangements und Pflanzenpflege das Image Ihres Unternehmens aufwerten k\u00f6nnen. Wir beraten Sie auch zu Firmengeschenken wie Geburt, Jubil\u00e4um, Ruhestand und Todestag.<\/p>\n<p>Kontaktieren Sie uns \u00fcber die <a href=\"https:\/\/sueca13flores.com\/de\/kontakt\/\"><strong>Webformular <\/strong><\/a>oder per Telefon und vereinbaren Sie eine kostenlose Beratung. Unser Team von Blumen- und Pflanzenexperten sorgt f\u00fcr eine angenehme und professionelle Atmosph\u00e4re in Ihrem B\u00fcro, auf Ihrem Messestand oder bei einer Firmenveranstaltung.<\/p>\n<p>&nbsp;<\/p>","protected":false},"excerpt":{"rendered":"<p>Te ofrecemos un servicio excepcional de arreglos florales y mantenimiento de plantas para tu despacho, oficina, salas de espera, stands de Ferias, showrooms y eventos corporativos. Descubre c\u00f3mo nuestras flores frescas y nuestros expertos en plantas pueden transformar tus espacios de negocios en ambientes elegantes, acogedores y llenos de vida. Disponemos tambi\u00e9n de una gama &#8230; <a title=\"Unternehmen und Veranstaltungen\" class=\"read-more\" href=\"https:\/\/sueca13flores.com\/de\/unternehmen-und-veranstaltungen\/\" aria-label=\"Mehr Informationen \u00fcber Empresas y Eventos\">Weiterlesen<\/a><\/p>","protected":false},"author":2,"featured_media":724,"parent":0,"menu_order":0,"comment_status":"closed","ping_status":"closed","template":"","meta":{"footnotes":""},"class_list":["post-647","page","type-page","status-publish","has-post-thumbnail"],"_links":{"self":[{"href":"https:\/\/sueca13flores.com\/de\/wp-json\/wp\/v2\/pages\/647","targetHints":{"allow":["GET"]}}],"collection":[{"href":"https:\/\/sueca13flores.com\/de\/wp-json\/wp\/v2\/pages"}],"about":[{"href":"https:\/\/sueca13flores.com\/de\/wp-json\/wp\/v2\/types\/page"}],"author":[{"embeddable":true,"href":"https:\/\/sueca13flores.com\/de\/wp-json\/wp\/v2\/users\/2"}],"replies":[{"embeddable":true,"href":"https:\/\/sueca13flores.com\/de\/wp-json\/wp\/v2\/comments?post=647"}],"version-history":[{"count":5,"href":"https:\/\/sueca13flores.com\/de\/wp-json\/wp\/v2\/pages\/647\/revisions"}],"predecessor-version":[{"id":742,"href":"https:\/\/sueca13flores.com\/de\/wp-json\/wp\/v2\/pages\/647\/revisions\/742"}],"wp:featuredmedia":[{"embeddable":true,"href":"https:\/\/sueca13flores.com\/de\/wp-json\/wp\/v2\/media\/724"}],"wp:attachment":[{"href":"https:\/\/sueca13flores.com\/de\/wp-json\/wp\/v2\/media?parent=647"}],"curies":[{"name":"wp","href":"https:\/\/api.w.org\/{rel}","templated":true}]}}