{"id":1026,"date":"2024-03-07T17:36:29","date_gmt":"2024-03-07T16:36:29","guid":{"rendered":"https:\/\/sueca13flores.com\/?post_type=product&#038;p=1026"},"modified":"2025-10-23T18:16:45","modified_gmt":"2025-10-23T16:16:45","slug":"konservierte-hortensien-korsage-lilith","status":"publish","type":"product","link":"https:\/\/sueca13flores.com\/de\/produkt\/konservierte-hortensien-korsage-lilith\/","title":{"rendered":"Lilith Konservierter Hortensienstrau\u00df"},"content":{"rendered":"","protected":false},"excerpt":{"rendered":"<p>&nbsp;<\/p>\n<p><span style=\"vertical-align: inherit;\"><span style=\"vertical-align: inherit;\">Das perfekte kleine Geschenk f\u00fcr jeden Tag und zu jeder Zeit.<\/span><\/span><\/p>\n<p><span style=\"vertical-align: inherit;\"> <span style=\"vertical-align: inherit;\">Dieser Strau\u00df aus konservierten Hortensien in Violett-T\u00f6nen mit Gr\u00fcn und Blumen ist langlebig, unverg\u00e4nglich, fest und elegant.<\/span><\/span><\/p>\n<p><span style=\"vertical-align: inherit;\"><span style=\"vertical-align: inherit;\">Einige der beigef\u00fcgten Blumen k\u00f6nnen variieren, da jede einzelne von ihnen handgefertigt ist.<\/span><\/span><\/p>\n<p><span style=\"vertical-align: inherit;\"><span style=\"vertical-align: inherit;\">Vor direkter Sonneneinstrahlung und Wasser sch\u00fctzen.<\/span><\/span><\/p>\n<p><span style=\"vertical-align: inherit;\"><span style=\"vertical-align: inherit;\">Sie k\u00f6nnen kostenlos eine kurze Widmung hinzuf\u00fcgen.<\/span><\/span><\/p>","protected":false},"featured_media":1027,"comment_status":"open","ping_status":"closed","template":"","meta":[],"product_brand":[],"product_cat":[41,21],"product_tag":[],"class_list":{"0":"post-1026","1":"product","2":"type-product","3":"status-publish","4":"has-post-thumbnail","6":"product_cat-dia-de-la-mujer","7":"product_cat-flores-preservadas","9":"first","10":"instock","11":"taxable","12":"shipping-taxable","13":"purchasable","14":"product-type-simple"},"_links":{"self":[{"href":"https:\/\/sueca13flores.com\/de\/wp-json\/wp\/v2\/product\/1026","targetHints":{"allow":["GET"]}}],"collection":[{"href":"https:\/\/sueca13flores.com\/de\/wp-json\/wp\/v2\/product"}],"about":[{"href":"https:\/\/sueca13flores.com\/de\/wp-json\/wp\/v2\/types\/product"}],"replies":[{"embeddable":true,"href":"https:\/\/sueca13flores.com\/de\/wp-json\/wp\/v2\/comments?post=1026"}],"wp:featuredmedia":[{"embeddable":true,"href":"https:\/\/sueca13flores.com\/de\/wp-json\/wp\/v2\/media\/1027"}],"wp:attachment":[{"href":"https:\/\/sueca13flores.com\/de\/wp-json\/wp\/v2\/media?parent=1026"}],"wp:term":[{"taxonomy":"product_brand","embeddable":true,"href":"https:\/\/sueca13flores.com\/de\/wp-json\/wp\/v2\/product_brand?post=1026"},{"taxonomy":"product_cat","embeddable":true,"href":"https:\/\/sueca13flores.com\/de\/wp-json\/wp\/v2\/product_cat?post=1026"},{"taxonomy":"product_tag","embeddable":true,"href":"https:\/\/sueca13flores.com\/de\/wp-json\/wp\/v2\/product_tag?post=1026"}],"curies":[{"name":"wp","href":"https:\/\/api.w.org\/{rel}","templated":true}]}}