{"id":164,"date":"2020-11-13T13:54:12","date_gmt":"2020-11-13T12:54:12","guid":{"rendered":"https:\/\/sueca13flores.com\/?post_type=product&#038;p=164"},"modified":"2025-10-17T19:01:13","modified_gmt":"2025-10-17T17:01:13","slug":"strause-aus-konservierten-und-getrockneten-blumen","status":"publish","type":"product","link":"https:\/\/sueca13flores.com\/de\/produkt\/strause-aus-konservierten-und-getrockneten-blumen\/","title":{"rendered":"Eingemachte und getrocknete Blumenstr\u00e4u\u00dfe"},"content":{"rendered":"","protected":false},"excerpt":{"rendered":"<p>Kleine Str\u00e4u\u00dfe aus konservierten und getrockneten Blumen. Ideal f\u00fcr Liebhaber von Blumen, die nicht viel Pflege ben\u00f6tigen. Da es sich um konservierte Naturblumen handelt, brauchen sie kein Wasser und bleiben lange Zeit sch\u00f6n.<\/p>\n<p>Die Farben variieren je nach Blumenkomposition, ebenso wie die Blumen, die wir verwenden. Jeder Strau\u00df ist ein Unikat, da er handgefertigt ist. Sie bestehen alle aus konservierten Hortensien, Gr\u00fcnpflanzen wie Schwertfarn und Trockenblumen wie Limonium, Paniculata usw.<\/p>\n<p>Wir empfehlen, sie nicht dem Sonnenlicht auszusetzen und sie nicht nass zu machen, damit sie lange Zeit unter idealen Bedingungen bleiben.<\/p>\n<p>&nbsp;<\/p>\n<p>&nbsp;<\/p>","protected":false},"featured_media":165,"comment_status":"open","ping_status":"closed","template":"","meta":[],"product_brand":[],"product_cat":[21],"product_tag":[],"class_list":{"0":"post-164","1":"product","2":"type-product","3":"status-publish","4":"has-post-thumbnail","6":"product_cat-flores-preservadas","8":"first","9":"instock","10":"taxable","11":"shipping-taxable","12":"purchasable","13":"product-type-simple"},"_links":{"self":[{"href":"https:\/\/sueca13flores.com\/de\/wp-json\/wp\/v2\/product\/164","targetHints":{"allow":["GET"]}}],"collection":[{"href":"https:\/\/sueca13flores.com\/de\/wp-json\/wp\/v2\/product"}],"about":[{"href":"https:\/\/sueca13flores.com\/de\/wp-json\/wp\/v2\/types\/product"}],"replies":[{"embeddable":true,"href":"https:\/\/sueca13flores.com\/de\/wp-json\/wp\/v2\/comments?post=164"}],"wp:featuredmedia":[{"embeddable":true,"href":"https:\/\/sueca13flores.com\/de\/wp-json\/wp\/v2\/media\/165"}],"wp:attachment":[{"href":"https:\/\/sueca13flores.com\/de\/wp-json\/wp\/v2\/media?parent=164"}],"wp:term":[{"taxonomy":"product_brand","embeddable":true,"href":"https:\/\/sueca13flores.com\/de\/wp-json\/wp\/v2\/product_brand?post=164"},{"taxonomy":"product_cat","embeddable":true,"href":"https:\/\/sueca13flores.com\/de\/wp-json\/wp\/v2\/product_cat?post=164"},{"taxonomy":"product_tag","embeddable":true,"href":"https:\/\/sueca13flores.com\/de\/wp-json\/wp\/v2\/product_tag?post=164"}],"curies":[{"name":"wp","href":"https:\/\/api.w.org\/{rel}","templated":true}]}}