{"id":2400,"date":"2024-11-25T20:19:44","date_gmt":"2024-11-25T19:19:44","guid":{"rendered":"https:\/\/sueca13flores.com\/?post_type=product&#038;p=2400"},"modified":"2025-12-16T17:36:36","modified_gmt":"2025-12-16T16:36:36","slug":"weihnachtskranz-werkstatt-30-11-18-bis-20-uhr","status":"publish","type":"product","link":"https:\/\/sueca13flores.com\/de\/produkt\/weihnachtskranz-werkstatt-30-11-18-bis-20-uhr\/","title":{"rendered":"Workshop \u201eTischdekorationen f\u00fcr Kinder\u201d 13.12. um 17:30 Uhr"},"content":{"rendered":"","protected":false},"excerpt":{"rendered":"<p>Reservieren Sie Ihren Platz f\u00fcr diesen unterhaltsamen Workshop zum Thema Tischdekoration f\u00fcr Kinder von 5 bis 12 Jahren.  Sie lernen mit Floristiktechniken, ihre eigene Tischdekoration f\u00fcr die Feiertage zu gestalten. Wir verwenden nat\u00fcrliche und duftende Materialien wie Tanne, Eukalyptus, Thuja und alle Arten von duftenden und \u00f6kologischen Weihnachtsdekorationen. Und wir lassen ihrer Fantasie freien Lauf.<\/p>\n<p>Der Workshop beinhaltet alle Materialien und ein Fr\u00fchst\u00fcck, um neue Energie zu tanken.<\/p>\n<p>&nbsp;<\/p>","protected":false},"featured_media":3305,"comment_status":"open","ping_status":"closed","template":"","meta":[],"product_brand":[],"product_cat":[39],"product_tag":[],"class_list":{"0":"post-2400","1":"product","2":"type-product","3":"status-publish","4":"has-post-thumbnail","6":"product_cat-navidad","8":"first","9":"outofstock","10":"taxable","11":"shipping-taxable","12":"purchasable","13":"product-type-simple"},"_links":{"self":[{"href":"https:\/\/sueca13flores.com\/de\/wp-json\/wp\/v2\/product\/2400","targetHints":{"allow":["GET"]}}],"collection":[{"href":"https:\/\/sueca13flores.com\/de\/wp-json\/wp\/v2\/product"}],"about":[{"href":"https:\/\/sueca13flores.com\/de\/wp-json\/wp\/v2\/types\/product"}],"replies":[{"embeddable":true,"href":"https:\/\/sueca13flores.com\/de\/wp-json\/wp\/v2\/comments?post=2400"}],"wp:featuredmedia":[{"embeddable":true,"href":"https:\/\/sueca13flores.com\/de\/wp-json\/wp\/v2\/media\/3305"}],"wp:attachment":[{"href":"https:\/\/sueca13flores.com\/de\/wp-json\/wp\/v2\/media?parent=2400"}],"wp:term":[{"taxonomy":"product_brand","embeddable":true,"href":"https:\/\/sueca13flores.com\/de\/wp-json\/wp\/v2\/product_brand?post=2400"},{"taxonomy":"product_cat","embeddable":true,"href":"https:\/\/sueca13flores.com\/de\/wp-json\/wp\/v2\/product_cat?post=2400"},{"taxonomy":"product_tag","embeddable":true,"href":"https:\/\/sueca13flores.com\/de\/wp-json\/wp\/v2\/product_tag?post=2400"}],"curies":[{"name":"wp","href":"https:\/\/api.w.org\/{rel}","templated":true}]}}