{"id":2613,"date":"2025-03-03T19:22:32","date_gmt":"2025-03-03T18:22:32","guid":{"rendered":"https:\/\/sueca13flores.com\/?post_type=product&#038;p=2613"},"modified":"2025-03-03T19:23:07","modified_gmt":"2025-03-03T18:23:07","slug":"blumenstraus-8m-der-florist","status":"publish","type":"product","link":"https:\/\/sueca13flores.com\/de\/produkt\/blumenstraus-8m-der-florist\/","title":{"rendered":"Blumenstrau\u00df 8M La Florista"},"content":{"rendered":"","protected":false},"excerpt":{"rendered":"<p>&nbsp;<\/p>\n<p>\u00dcberraschungsstrau\u00df mit frischen Blumen nach Wahl des Blumenh\u00e4ndlers zum Tag der arbeitenden Frau. Alle Str\u00e4u\u00dfe werden von farbenfrohen Blumen mit einem Hauch von Lila begleitet. F\u00fcgen Sie eine kostenlose BRIEF-Widmung hinzu.<\/p>","protected":false},"featured_media":2614,"comment_status":"open","ping_status":"closed","template":"","meta":[],"product_brand":[],"product_cat":[41],"product_tag":[],"class_list":{"0":"post-2613","1":"product","2":"type-product","3":"status-publish","4":"has-post-thumbnail","6":"product_cat-dia-de-la-mujer","8":"first","9":"instock","10":"taxable","11":"shipping-taxable","12":"purchasable","13":"product-type-simple"},"_links":{"self":[{"href":"https:\/\/sueca13flores.com\/de\/wp-json\/wp\/v2\/product\/2613","targetHints":{"allow":["GET"]}}],"collection":[{"href":"https:\/\/sueca13flores.com\/de\/wp-json\/wp\/v2\/product"}],"about":[{"href":"https:\/\/sueca13flores.com\/de\/wp-json\/wp\/v2\/types\/product"}],"replies":[{"embeddable":true,"href":"https:\/\/sueca13flores.com\/de\/wp-json\/wp\/v2\/comments?post=2613"}],"wp:featuredmedia":[{"embeddable":true,"href":"https:\/\/sueca13flores.com\/de\/wp-json\/wp\/v2\/media\/2614"}],"wp:attachment":[{"href":"https:\/\/sueca13flores.com\/de\/wp-json\/wp\/v2\/media?parent=2613"}],"wp:term":[{"taxonomy":"product_brand","embeddable":true,"href":"https:\/\/sueca13flores.com\/de\/wp-json\/wp\/v2\/product_brand?post=2613"},{"taxonomy":"product_cat","embeddable":true,"href":"https:\/\/sueca13flores.com\/de\/wp-json\/wp\/v2\/product_cat?post=2613"},{"taxonomy":"product_tag","embeddable":true,"href":"https:\/\/sueca13flores.com\/de\/wp-json\/wp\/v2\/product_tag?post=2613"}],"curies":[{"name":"wp","href":"https:\/\/api.w.org\/{rel}","templated":true}]}}