{"id":2735,"date":"2025-04-14T19:56:34","date_gmt":"2025-04-14T17:56:34","guid":{"rendered":"https:\/\/sueca13flores.com\/?post_type=product&#038;p=2735"},"modified":"2026-03-30T09:25:15","modified_gmt":"2026-03-30T07:25:15","slug":"straus-aus-zwei-sant-jordi-rosen","status":"publish","type":"product","link":"https:\/\/sueca13flores.com\/de\/produkt\/straus-aus-zwei-sant-jordi-rosen\/","title":{"rendered":"Blumenstrau\u00df aus zwei Sant Jordi-Rosen"},"content":{"rendered":"","protected":false},"excerpt":{"rendered":"<p>&nbsp;<\/p>\n<p>Eleganter Strau\u00df aus zwei roten Rosen der Sorte freedom, dekoriert mit Weizen und gr\u00fcnen St\u00f6cken, zur Feier des Sant Jordi's Day und des International Book Day.<br \/>\nSie k\u00f6nnen eine kostenlose BRIEF-Widmung hinzuf\u00fcgen.<\/p>\n<p>&nbsp;<\/p>\n<p>&nbsp;<\/p>","protected":false},"featured_media":2736,"comment_status":"closed","ping_status":"closed","template":"","meta":[],"product_brand":[],"product_cat":[88],"product_tag":[],"class_list":{"0":"post-2735","1":"product","2":"type-product","3":"status-publish","4":"has-post-thumbnail","6":"product_cat-sant-jordi","8":"first","9":"instock","10":"taxable","11":"shipping-taxable","12":"purchasable","13":"product-type-simple"},"_links":{"self":[{"href":"https:\/\/sueca13flores.com\/de\/wp-json\/wp\/v2\/product\/2735","targetHints":{"allow":["GET"]}}],"collection":[{"href":"https:\/\/sueca13flores.com\/de\/wp-json\/wp\/v2\/product"}],"about":[{"href":"https:\/\/sueca13flores.com\/de\/wp-json\/wp\/v2\/types\/product"}],"replies":[{"embeddable":true,"href":"https:\/\/sueca13flores.com\/de\/wp-json\/wp\/v2\/comments?post=2735"}],"wp:featuredmedia":[{"embeddable":true,"href":"https:\/\/sueca13flores.com\/de\/wp-json\/wp\/v2\/media\/2736"}],"wp:attachment":[{"href":"https:\/\/sueca13flores.com\/de\/wp-json\/wp\/v2\/media?parent=2735"}],"wp:term":[{"taxonomy":"product_brand","embeddable":true,"href":"https:\/\/sueca13flores.com\/de\/wp-json\/wp\/v2\/product_brand?post=2735"},{"taxonomy":"product_cat","embeddable":true,"href":"https:\/\/sueca13flores.com\/de\/wp-json\/wp\/v2\/product_cat?post=2735"},{"taxonomy":"product_tag","embeddable":true,"href":"https:\/\/sueca13flores.com\/de\/wp-json\/wp\/v2\/product_tag?post=2735"}],"curies":[{"name":"wp","href":"https:\/\/api.w.org\/{rel}","templated":true}]}}