{"id":2773,"date":"2025-04-27T11:16:34","date_gmt":"2025-04-27T09:16:34","guid":{"rendered":"https:\/\/sueca13flores.com\/?post_type=product&#038;p=2773"},"modified":"2025-04-27T11:16:35","modified_gmt":"2025-04-27T09:16:35","slug":"la-dolceta-bouquet","status":"publish","type":"product","link":"https:\/\/sueca13flores.com\/de\/produkt\/la-dolceta-bouquet\/","title":{"rendered":"La Dol\u00e7eta-Bouquet"},"content":{"rendered":"","protected":false},"excerpt":{"rendered":"<p>&nbsp;<\/p>\n<p>Der s\u00fc\u00dfeste und koketteste Strau\u00df der Kollektion. Eine perfekte Kombination aus zarten Farben wie wei\u00dfen Rosen, blauen Hortensien, einem Hauch von aromatischem Gr\u00fcn wie Mastix, der S\u00fc\u00dfe von wei\u00dfem Limonium und dem besonderen Touch von Veronicas machen diesen Strau\u00df zu einem Genuss f\u00fcr die Sinne und zu einem einzigartigen Geschenk, das viele Jahre in Erinnerung bleibt.<\/p>\n<p>Alle unsere Str\u00e4u\u00dfe werden mit gro\u00dfer Sorgfalt, hochwertigen Blumen und viel Blumenkunst hergestellt.<\/p>\n<p>Sie k\u00f6nnen kostenlos eine kurze Widmung hinzuf\u00fcgen.<\/p>","protected":false},"featured_media":2776,"comment_status":"closed","ping_status":"closed","template":"","meta":[],"product_brand":[],"product_cat":[42,26],"product_tag":[],"class_list":{"0":"post-2773","1":"product","2":"type-product","3":"status-publish","4":"has-post-thumbnail","6":"product_cat-dia-de-la-madre","7":"product_cat-composiciones-de-flores-y-plantas","9":"first","10":"instock","11":"taxable","12":"shipping-taxable","13":"purchasable","14":"product-type-simple"},"_links":{"self":[{"href":"https:\/\/sueca13flores.com\/de\/wp-json\/wp\/v2\/product\/2773","targetHints":{"allow":["GET"]}}],"collection":[{"href":"https:\/\/sueca13flores.com\/de\/wp-json\/wp\/v2\/product"}],"about":[{"href":"https:\/\/sueca13flores.com\/de\/wp-json\/wp\/v2\/types\/product"}],"replies":[{"embeddable":true,"href":"https:\/\/sueca13flores.com\/de\/wp-json\/wp\/v2\/comments?post=2773"}],"wp:featuredmedia":[{"embeddable":true,"href":"https:\/\/sueca13flores.com\/de\/wp-json\/wp\/v2\/media\/2776"}],"wp:attachment":[{"href":"https:\/\/sueca13flores.com\/de\/wp-json\/wp\/v2\/media?parent=2773"}],"wp:term":[{"taxonomy":"product_brand","embeddable":true,"href":"https:\/\/sueca13flores.com\/de\/wp-json\/wp\/v2\/product_brand?post=2773"},{"taxonomy":"product_cat","embeddable":true,"href":"https:\/\/sueca13flores.com\/de\/wp-json\/wp\/v2\/product_cat?post=2773"},{"taxonomy":"product_tag","embeddable":true,"href":"https:\/\/sueca13flores.com\/de\/wp-json\/wp\/v2\/product_tag?post=2773"}],"curies":[{"name":"wp","href":"https:\/\/api.w.org\/{rel}","templated":true}]}}