{"id":2947,"date":"2025-07-19T13:52:07","date_gmt":"2025-07-19T11:52:07","guid":{"rendered":"https:\/\/sueca13flores.com\/?post_type=product&#038;p=2947"},"modified":"2025-07-19T13:52:07","modified_gmt":"2025-07-19T11:52:07","slug":"kleiner-bomboniere-mit-frischen-blumen","status":"publish","type":"product","link":"https:\/\/sueca13flores.com\/de\/produkt\/kleiner-bomboniere-mit-frischen-blumen\/","title":{"rendered":"Kleine Frischblumen-Bombonera"},"content":{"rendered":"","protected":false},"excerpt":{"rendered":"<p>&nbsp;<\/p>\n<p>K\u00f6nnen Sie sich vorstellen, eine elegante schwarze Schachtel mit einer Schleife zu erhalten, und wenn Sie sie \u00f6ffnen, erscheinen wundervolle frische Blumen, die Sie genie\u00dfen k\u00f6nnen?<\/p>\n<p>Jede Bonbonniere ist ein Unikat, das von Hand gefertigt wird und je nach Jahreszeit mit anderen Blumen \u00fcberrascht. Erwarten Sie also keine Bonbonniere, die mit der Abbildung identisch ist. Ihre wird am Tag der Bestellung exklusiv f\u00fcr Sie angefertigt. Wir bevorzugen valencianische und nationale Blumen aus der Region und das dazugeh\u00f6rige Gr\u00fcn.<\/p>\n<p>Ungef\u00e4hre Ma\u00dfe: 15-17 cm im Durchmesser und ca. 12 cm in der H\u00f6he.<\/p>\n<p>Sie k\u00f6nnen kostenlos eine kurze Widmung hinzuf\u00fcgen.<\/p>","protected":false},"featured_media":2948,"comment_status":"closed","ping_status":"closed","template":"","meta":[],"product_brand":[],"product_cat":[38],"product_tag":[],"class_list":{"0":"post-2947","1":"product","2":"type-product","3":"status-publish","4":"has-post-thumbnail","6":"product_cat-centros-y-cestas-de-flores","8":"first","9":"instock","10":"taxable","11":"shipping-taxable","12":"purchasable","13":"product-type-simple"},"_links":{"self":[{"href":"https:\/\/sueca13flores.com\/de\/wp-json\/wp\/v2\/product\/2947","targetHints":{"allow":["GET"]}}],"collection":[{"href":"https:\/\/sueca13flores.com\/de\/wp-json\/wp\/v2\/product"}],"about":[{"href":"https:\/\/sueca13flores.com\/de\/wp-json\/wp\/v2\/types\/product"}],"replies":[{"embeddable":true,"href":"https:\/\/sueca13flores.com\/de\/wp-json\/wp\/v2\/comments?post=2947"}],"wp:featuredmedia":[{"embeddable":true,"href":"https:\/\/sueca13flores.com\/de\/wp-json\/wp\/v2\/media\/2948"}],"wp:attachment":[{"href":"https:\/\/sueca13flores.com\/de\/wp-json\/wp\/v2\/media?parent=2947"}],"wp:term":[{"taxonomy":"product_brand","embeddable":true,"href":"https:\/\/sueca13flores.com\/de\/wp-json\/wp\/v2\/product_brand?post=2947"},{"taxonomy":"product_cat","embeddable":true,"href":"https:\/\/sueca13flores.com\/de\/wp-json\/wp\/v2\/product_cat?post=2947"},{"taxonomy":"product_tag","embeddable":true,"href":"https:\/\/sueca13flores.com\/de\/wp-json\/wp\/v2\/product_tag?post=2947"}],"curies":[{"name":"wp","href":"https:\/\/api.w.org\/{rel}","templated":true}]}}