{"id":3148,"date":"2025-10-17T18:54:42","date_gmt":"2025-10-17T16:54:42","guid":{"rendered":"https:\/\/sueca13flores.com\/?post_type=product&#038;p=3148"},"modified":"2025-10-17T18:54:42","modified_gmt":"2025-10-17T16:54:42","slug":"workshop-fur-blumenkurbisse-kinder-fruhschicht-25-10","status":"publish","type":"product","link":"https:\/\/sueca13flores.com\/de\/produkt\/workshop-fur-blumenkurbisse-kinder-fruhschicht-25-10\/","title":{"rendered":"Blumenk\u00fcrbis-Workshop Kinder Morgenschicht 25\/10"},"content":{"rendered":"","protected":false},"excerpt":{"rendered":"<p>&nbsp;<\/p>\n<p><span style=\"font-size: inherit;\">Richtet sich an Kinder zwischen 4 und 12 Jahren.<\/span><\/p>\n<p>Sie lernen, wie sie ihren eigenen nat\u00fcrlichen K\u00fcrbis mit frischen Blumen und floristischen Techniken verzieren und ihn mit nach Hause nehmen k\u00f6nnen. Alle Materialien sind inbegriffen.<br \/>\nSie k\u00f6nnen in Kost\u00fcmen kommen.<br \/>\n\ud83c\udf42\ud83c\udf83\u2620<\/p>\n<p>Wenn Sie online buchen, erhalten Sie eine Best\u00e4tigung f\u00fcr Ihren Platz.<\/p>\n<p>Zeitplan von 11.00 bis 12.30 Uhr.<\/p>","protected":false},"featured_media":3147,"comment_status":"closed","ping_status":"closed","template":"","meta":[],"product_brand":[],"product_cat":[42],"product_tag":[],"class_list":{"0":"post-3148","1":"product","2":"type-product","3":"status-publish","4":"has-post-thumbnail","6":"product_cat-dia-de-la-madre","8":"first","9":"instock","10":"taxable","11":"shipping-taxable","12":"purchasable","13":"product-type-simple"},"_links":{"self":[{"href":"https:\/\/sueca13flores.com\/de\/wp-json\/wp\/v2\/product\/3148","targetHints":{"allow":["GET"]}}],"collection":[{"href":"https:\/\/sueca13flores.com\/de\/wp-json\/wp\/v2\/product"}],"about":[{"href":"https:\/\/sueca13flores.com\/de\/wp-json\/wp\/v2\/types\/product"}],"replies":[{"embeddable":true,"href":"https:\/\/sueca13flores.com\/de\/wp-json\/wp\/v2\/comments?post=3148"}],"wp:featuredmedia":[{"embeddable":true,"href":"https:\/\/sueca13flores.com\/de\/wp-json\/wp\/v2\/media\/3147"}],"wp:attachment":[{"href":"https:\/\/sueca13flores.com\/de\/wp-json\/wp\/v2\/media?parent=3148"}],"wp:term":[{"taxonomy":"product_brand","embeddable":true,"href":"https:\/\/sueca13flores.com\/de\/wp-json\/wp\/v2\/product_brand?post=3148"},{"taxonomy":"product_cat","embeddable":true,"href":"https:\/\/sueca13flores.com\/de\/wp-json\/wp\/v2\/product_cat?post=3148"},{"taxonomy":"product_tag","embeddable":true,"href":"https:\/\/sueca13flores.com\/de\/wp-json\/wp\/v2\/product_tag?post=3148"}],"curies":[{"name":"wp","href":"https:\/\/api.w.org\/{rel}","templated":true}]}}