{"id":3281,"date":"2025-11-24T19:44:19","date_gmt":"2025-11-24T18:44:19","guid":{"rendered":"https:\/\/sueca13flores.com\/?post_type=product&#038;p=3281"},"modified":"2025-12-04T11:49:27","modified_gmt":"2025-12-04T10:49:27","slug":"weihnachtselfe-mit-naturlichem-weihnachtsbaum","status":"publish","type":"product","link":"https:\/\/sueca13flores.com\/de\/produkt\/weihnachtselfe-mit-naturlichem-weihnachtsbaum\/","title":{"rendered":"Weihnachtswichtel mit nat\u00fcrlichem Baum"},"content":{"rendered":"","protected":false},"excerpt":{"rendered":"<p>&nbsp;<\/p>\n<p>Dieser kleine Weihnachtself kommt, um Weihnachten anzuk\u00fcndigen. Er tr\u00e4gt einen nat\u00fcrlichen Weihnachtsbaum bei sich, den Sie in dieser Weihnachtszeit wachsen sehen werden.<\/p>\n<p>Ein perfektes Geschenk f\u00fcr Ihre Lieben, um zu verk\u00fcnden, dass Weihnachten vor der T\u00fcr steht.<\/p>\n<p>Sie k\u00f6nnen kostenlos eine kurze Widmung hinzuf\u00fcgen.<\/p>\n<p>Ungef\u00e4hre H\u00f6he der Elfe 20 cm.<\/p>","protected":false},"featured_media":3282,"comment_status":"closed","ping_status":"closed","template":"","meta":[],"product_brand":[],"product_cat":[39],"product_tag":[],"class_list":{"0":"post-3281","1":"product","2":"type-product","3":"status-publish","4":"has-post-thumbnail","6":"product_cat-navidad","8":"first","9":"instock","10":"taxable","11":"shipping-taxable","12":"purchasable","13":"product-type-simple"},"_links":{"self":[{"href":"https:\/\/sueca13flores.com\/de\/wp-json\/wp\/v2\/product\/3281","targetHints":{"allow":["GET"]}}],"collection":[{"href":"https:\/\/sueca13flores.com\/de\/wp-json\/wp\/v2\/product"}],"about":[{"href":"https:\/\/sueca13flores.com\/de\/wp-json\/wp\/v2\/types\/product"}],"replies":[{"embeddable":true,"href":"https:\/\/sueca13flores.com\/de\/wp-json\/wp\/v2\/comments?post=3281"}],"wp:featuredmedia":[{"embeddable":true,"href":"https:\/\/sueca13flores.com\/de\/wp-json\/wp\/v2\/media\/3282"}],"wp:attachment":[{"href":"https:\/\/sueca13flores.com\/de\/wp-json\/wp\/v2\/media?parent=3281"}],"wp:term":[{"taxonomy":"product_brand","embeddable":true,"href":"https:\/\/sueca13flores.com\/de\/wp-json\/wp\/v2\/product_brand?post=3281"},{"taxonomy":"product_cat","embeddable":true,"href":"https:\/\/sueca13flores.com\/de\/wp-json\/wp\/v2\/product_cat?post=3281"},{"taxonomy":"product_tag","embeddable":true,"href":"https:\/\/sueca13flores.com\/de\/wp-json\/wp\/v2\/product_tag?post=3281"}],"curies":[{"name":"wp","href":"https:\/\/api.w.org\/{rel}","templated":true}]}}