{"id":3284,"date":"2025-11-24T19:54:50","date_gmt":"2025-11-24T18:54:50","guid":{"rendered":"https:\/\/sueca13flores.com\/?post_type=product&#038;p=3284"},"modified":"2026-01-02T10:45:47","modified_gmt":"2026-01-02T09:45:47","slug":"geschmuckte-weihnachtstanne","status":"publish","type":"product","link":"https:\/\/sueca13flores.com\/de\/produkt\/geschmuckte-weihnachtstanne\/","title":{"rendered":"Geschm\u00fcckter Weihnachtsbaum aus Fichtenholz"},"content":{"rendered":"","protected":false},"excerpt":{"rendered":"<p>&nbsp;<\/p>\n<p>Ein bezaubernder nat\u00fcrlicher Weihnachtsbaum, geschm\u00fcckt mit nat\u00fcrlichen und aromatischen Elementen wie Orangenscheiben, aromatischem Zimt und Tannenzapfen. Er ist ca. 1,10 m hoch und wird mit einer nat\u00fcrlichen Bastschleife und in Sackleinen gewickelt geliefert.<\/p>\n<p>Begr\u00fc\u00dfen Sie Weihnachten mit unseren geschm\u00fcckten Naturb\u00e4umen. Wenn Sie eine besondere Dekoration w\u00fcnschen, kontaktieren Sie uns bitte. Auch wenn Sie andere Gr\u00f6\u00dfen w\u00fcnschen.<\/p>\n<p>&nbsp;<\/p>\n<p>&nbsp;<\/p>","protected":false},"featured_media":3285,"comment_status":"closed","ping_status":"closed","template":"","meta":[],"product_brand":[],"product_cat":[39],"product_tag":[],"class_list":{"0":"post-3284","1":"product","2":"type-product","3":"status-publish","4":"has-post-thumbnail","6":"product_cat-navidad","8":"first","9":"outofstock","10":"taxable","11":"shipping-taxable","12":"purchasable","13":"product-type-simple"},"_links":{"self":[{"href":"https:\/\/sueca13flores.com\/de\/wp-json\/wp\/v2\/product\/3284","targetHints":{"allow":["GET"]}}],"collection":[{"href":"https:\/\/sueca13flores.com\/de\/wp-json\/wp\/v2\/product"}],"about":[{"href":"https:\/\/sueca13flores.com\/de\/wp-json\/wp\/v2\/types\/product"}],"replies":[{"embeddable":true,"href":"https:\/\/sueca13flores.com\/de\/wp-json\/wp\/v2\/comments?post=3284"}],"wp:featuredmedia":[{"embeddable":true,"href":"https:\/\/sueca13flores.com\/de\/wp-json\/wp\/v2\/media\/3285"}],"wp:attachment":[{"href":"https:\/\/sueca13flores.com\/de\/wp-json\/wp\/v2\/media?parent=3284"}],"wp:term":[{"taxonomy":"product_brand","embeddable":true,"href":"https:\/\/sueca13flores.com\/de\/wp-json\/wp\/v2\/product_brand?post=3284"},{"taxonomy":"product_cat","embeddable":true,"href":"https:\/\/sueca13flores.com\/de\/wp-json\/wp\/v2\/product_cat?post=3284"},{"taxonomy":"product_tag","embeddable":true,"href":"https:\/\/sueca13flores.com\/de\/wp-json\/wp\/v2\/product_tag?post=3284"}],"curies":[{"name":"wp","href":"https:\/\/api.w.org\/{rel}","templated":true}]}}