{"id":3490,"date":"2026-02-12T19:15:54","date_gmt":"2026-02-12T18:15:54","guid":{"rendered":"https:\/\/sueca13flores.com\/?post_type=product&#038;p=3490"},"modified":"2026-02-19T12:11:19","modified_gmt":"2026-02-19T11:11:19","slug":"rosette","status":"publish","type":"product","link":"https:\/\/sueca13flores.com\/de\/produkt\/rosette\/","title":{"rendered":"Rosette"},"content":{"rendered":"","protected":false},"excerpt":{"rendered":"<p>&nbsp;<\/p>\n<p>Dieser kleine Rosenstrauch ist ein perfektes Geschenk f\u00fcr Rosenliebhaber, die sich w\u00fcnschen, dass er so lange h\u00e4lt wie die Liebe.<\/p>\n<p>Es wird sich \u00fcber viele Streicheleinheiten, Sonne und ein gutes Substrat freuen. Es wird speziell f\u00fcr den Valentinstag dekoriert.<\/p>\n<p>Die Bl\u00fctenfarbe kann je nach Verf\u00fcgbarkeit variieren.<\/p>","protected":false},"featured_media":3491,"comment_status":"closed","ping_status":"closed","template":"","meta":[],"product_brand":[],"product_cat":[42],"product_tag":[],"class_list":{"0":"post-3490","1":"product","2":"type-product","3":"status-publish","4":"has-post-thumbnail","6":"product_cat-dia-de-la-madre","8":"first","9":"instock","10":"taxable","11":"shipping-taxable","12":"purchasable","13":"product-type-simple"},"_links":{"self":[{"href":"https:\/\/sueca13flores.com\/de\/wp-json\/wp\/v2\/product\/3490","targetHints":{"allow":["GET"]}}],"collection":[{"href":"https:\/\/sueca13flores.com\/de\/wp-json\/wp\/v2\/product"}],"about":[{"href":"https:\/\/sueca13flores.com\/de\/wp-json\/wp\/v2\/types\/product"}],"replies":[{"embeddable":true,"href":"https:\/\/sueca13flores.com\/de\/wp-json\/wp\/v2\/comments?post=3490"}],"wp:featuredmedia":[{"embeddable":true,"href":"https:\/\/sueca13flores.com\/de\/wp-json\/wp\/v2\/media\/3491"}],"wp:attachment":[{"href":"https:\/\/sueca13flores.com\/de\/wp-json\/wp\/v2\/media?parent=3490"}],"wp:term":[{"taxonomy":"product_brand","embeddable":true,"href":"https:\/\/sueca13flores.com\/de\/wp-json\/wp\/v2\/product_brand?post=3490"},{"taxonomy":"product_cat","embeddable":true,"href":"https:\/\/sueca13flores.com\/de\/wp-json\/wp\/v2\/product_cat?post=3490"},{"taxonomy":"product_tag","embeddable":true,"href":"https:\/\/sueca13flores.com\/de\/wp-json\/wp\/v2\/product_tag?post=3490"}],"curies":[{"name":"wp","href":"https:\/\/api.w.org\/{rel}","templated":true}]}}