{"id":3802,"date":"2026-04-26T10:04:03","date_gmt":"2026-04-26T08:04:03","guid":{"rendered":"https:\/\/sueca13flores.com\/?post_type=product&#038;p=3802"},"modified":"2026-04-26T10:04:03","modified_gmt":"2026-04-26T08:04:03","slug":"keramik-pflanzer","status":"publish","type":"product","link":"https:\/\/sueca13flores.com\/de\/produkt\/keramik-pflanzer\/","title":{"rendered":"Keramische Blument\u00f6pfe"},"content":{"rendered":"","protected":false},"excerpt":{"rendered":"<p>&nbsp;<\/p>\n<p>In diesem sch\u00f6nen Mini-Pflanzgef\u00e4\u00df verbergen sich zwei kleine Sch\u00e4tze, eine bl\u00fchende Kalanchoe und eine Phytonie.<\/p>\n<p>Das perfekte Geschenk f\u00fcr Liebhaber von kleinen Dingen. Der kleine Garten ist aus Keramik und hat ein ganz besonderes Design.<\/p>\n<p>Wenn Sie m\u00f6chten, k\u00f6nnen Sie eine kostenlose kurze Widmung hinzuf\u00fcgen.<\/p>\n<p>Ungef\u00e4hre H\u00f6he des Pflanzgef\u00e4\u00dfes 18 cm<\/p>","protected":false},"featured_media":3805,"comment_status":"closed","ping_status":"closed","template":"","meta":[],"product_brand":[],"product_cat":[42,22],"product_tag":[],"class_list":{"0":"post-3802","1":"product","2":"type-product","3":"status-publish","4":"has-post-thumbnail","6":"product_cat-dia-de-la-madre","7":"product_cat-plantas","9":"first","10":"instock","11":"taxable","12":"shipping-taxable","13":"purchasable","14":"product-type-simple"},"_links":{"self":[{"href":"https:\/\/sueca13flores.com\/de\/wp-json\/wp\/v2\/product\/3802","targetHints":{"allow":["GET"]}}],"collection":[{"href":"https:\/\/sueca13flores.com\/de\/wp-json\/wp\/v2\/product"}],"about":[{"href":"https:\/\/sueca13flores.com\/de\/wp-json\/wp\/v2\/types\/product"}],"replies":[{"embeddable":true,"href":"https:\/\/sueca13flores.com\/de\/wp-json\/wp\/v2\/comments?post=3802"}],"wp:featuredmedia":[{"embeddable":true,"href":"https:\/\/sueca13flores.com\/de\/wp-json\/wp\/v2\/media\/3805"}],"wp:attachment":[{"href":"https:\/\/sueca13flores.com\/de\/wp-json\/wp\/v2\/media?parent=3802"}],"wp:term":[{"taxonomy":"product_brand","embeddable":true,"href":"https:\/\/sueca13flores.com\/de\/wp-json\/wp\/v2\/product_brand?post=3802"},{"taxonomy":"product_cat","embeddable":true,"href":"https:\/\/sueca13flores.com\/de\/wp-json\/wp\/v2\/product_cat?post=3802"},{"taxonomy":"product_tag","embeddable":true,"href":"https:\/\/sueca13flores.com\/de\/wp-json\/wp\/v2\/product_tag?post=3802"}],"curies":[{"name":"wp","href":"https:\/\/api.w.org\/{rel}","templated":true}]}}