{"id":3833,"date":"2026-04-26T17:50:09","date_gmt":"2026-04-26T15:50:09","guid":{"rendered":"https:\/\/sueca13flores.com\/?post_type=product&#038;p=3833"},"modified":"2026-04-26T17:50:10","modified_gmt":"2026-04-26T15:50:10","slug":"anturium-de-luxe","status":"publish","type":"product","link":"https:\/\/sueca13flores.com\/de\/produkt\/anturium-de-luxe\/","title":{"rendered":"Anturium de Luxe"},"content":{"rendered":"","protected":false},"excerpt":{"rendered":"<p>&nbsp;<\/p>\n<p>Este fant\u00e1stico anturium es el rey de la corona de las plantas de interior, elegancia y fortaleza para una planta que apenas necesita cuidados para la belleza que traer\u00e1 a tu hogar.<\/p>\n<p>Las flores pueden ser blancas, rojas o rosas.<\/p>\n<p>Se acompa\u00f1a de una estilosa y elegante maceta de cer\u00e1mica esmaltada de dise\u00f1o. Puede variar el color de la misma seg\u00fan disponibilidad.<\/p>\n<p>Sie k\u00f6nnen kostenlos eine kurze Widmung hinzuf\u00fcgen.<\/p>\n<p>Altura de la planta aproximada 70 cm di\u00e1metro de la maceta 14 cm.<\/p>","protected":false},"featured_media":3835,"comment_status":"closed","ping_status":"closed","template":"","meta":[],"product_brand":[],"product_cat":[42,22],"product_tag":[],"class_list":{"0":"post-3833","1":"product","2":"type-product","3":"status-publish","4":"has-post-thumbnail","6":"product_cat-dia-de-la-madre","7":"product_cat-plantas","9":"first","10":"instock","11":"taxable","12":"shipping-taxable","13":"purchasable","14":"product-type-simple"},"_links":{"self":[{"href":"https:\/\/sueca13flores.com\/de\/wp-json\/wp\/v2\/product\/3833","targetHints":{"allow":["GET"]}}],"collection":[{"href":"https:\/\/sueca13flores.com\/de\/wp-json\/wp\/v2\/product"}],"about":[{"href":"https:\/\/sueca13flores.com\/de\/wp-json\/wp\/v2\/types\/product"}],"replies":[{"embeddable":true,"href":"https:\/\/sueca13flores.com\/de\/wp-json\/wp\/v2\/comments?post=3833"}],"wp:featuredmedia":[{"embeddable":true,"href":"https:\/\/sueca13flores.com\/de\/wp-json\/wp\/v2\/media\/3835"}],"wp:attachment":[{"href":"https:\/\/sueca13flores.com\/de\/wp-json\/wp\/v2\/media?parent=3833"}],"wp:term":[{"taxonomy":"product_brand","embeddable":true,"href":"https:\/\/sueca13flores.com\/de\/wp-json\/wp\/v2\/product_brand?post=3833"},{"taxonomy":"product_cat","embeddable":true,"href":"https:\/\/sueca13flores.com\/de\/wp-json\/wp\/v2\/product_cat?post=3833"},{"taxonomy":"product_tag","embeddable":true,"href":"https:\/\/sueca13flores.com\/de\/wp-json\/wp\/v2\/product_tag?post=3833"}],"curies":[{"name":"wp","href":"https:\/\/api.w.org\/{rel}","templated":true}]}}