{"id":3838,"date":"2026-04-26T18:22:14","date_gmt":"2026-04-26T16:22:14","guid":{"rendered":"https:\/\/sueca13flores.com\/?post_type=product&#038;p=3838"},"modified":"2026-04-26T18:22:14","modified_gmt":"2026-04-26T16:22:14","slug":"cestita-de-kalanchoes","status":"publish","type":"product","link":"https:\/\/sueca13flores.com\/de\/produkt\/cestita-de-kalanchoes\/","title":{"rendered":"Cestita de kalanchoes"},"content":{"rendered":"","protected":false},"excerpt":{"rendered":"<p>&nbsp;<\/p>\n<p>\u00bfHay algo m\u00e1s primaveral y m\u00e1s alegre que esta\u00a0 coqueta y campestre cesta de kalanchoes?<\/p>\n<p>Regala esta cesta y haz feliz a quien m\u00e1s quieres. La cesta se acompa\u00f1a de dos kalanchoes de unos 30 cm de altura. Hay varios colores as\u00ed que pondremos uno bien bonito. Si deseas alg\u00fan color en especial, a\u00f1ade tu sugerencia en observaciones y si hay disponibilidad, pondremos tu color.<\/p>\n<p>Sie k\u00f6nnen kostenlos eine kurze Widmung hinzuf\u00fcgen.<\/p>\n<p>&nbsp;<\/p>","protected":false},"featured_media":3839,"comment_status":"closed","ping_status":"closed","template":"","meta":[],"product_brand":[],"product_cat":[42,22],"product_tag":[],"class_list":{"0":"post-3838","1":"product","2":"type-product","3":"status-publish","4":"has-post-thumbnail","6":"product_cat-dia-de-la-madre","7":"product_cat-plantas","9":"first","10":"instock","11":"taxable","12":"shipping-taxable","13":"purchasable","14":"product-type-simple"},"_links":{"self":[{"href":"https:\/\/sueca13flores.com\/de\/wp-json\/wp\/v2\/product\/3838","targetHints":{"allow":["GET"]}}],"collection":[{"href":"https:\/\/sueca13flores.com\/de\/wp-json\/wp\/v2\/product"}],"about":[{"href":"https:\/\/sueca13flores.com\/de\/wp-json\/wp\/v2\/types\/product"}],"replies":[{"embeddable":true,"href":"https:\/\/sueca13flores.com\/de\/wp-json\/wp\/v2\/comments?post=3838"}],"wp:featuredmedia":[{"embeddable":true,"href":"https:\/\/sueca13flores.com\/de\/wp-json\/wp\/v2\/media\/3839"}],"wp:attachment":[{"href":"https:\/\/sueca13flores.com\/de\/wp-json\/wp\/v2\/media?parent=3838"}],"wp:term":[{"taxonomy":"product_brand","embeddable":true,"href":"https:\/\/sueca13flores.com\/de\/wp-json\/wp\/v2\/product_brand?post=3838"},{"taxonomy":"product_cat","embeddable":true,"href":"https:\/\/sueca13flores.com\/de\/wp-json\/wp\/v2\/product_cat?post=3838"},{"taxonomy":"product_tag","embeddable":true,"href":"https:\/\/sueca13flores.com\/de\/wp-json\/wp\/v2\/product_tag?post=3838"}],"curies":[{"name":"wp","href":"https:\/\/api.w.org\/{rel}","templated":true}]}}