{"id":3849,"date":"2026-04-26T19:05:27","date_gmt":"2026-04-26T17:05:27","guid":{"rendered":"https:\/\/sueca13flores.com\/?post_type=product&#038;p=3849"},"modified":"2026-04-26T19:05:28","modified_gmt":"2026-04-26T17:05:28","slug":"hortensia-rosa","status":"publish","type":"product","link":"https:\/\/sueca13flores.com\/de\/produkt\/hortensia-rosa\/","title":{"rendered":"Hortensia Rosa"},"content":{"rendered":"","protected":false},"excerpt":{"rendered":"<p>&nbsp;<\/p>\n<p>Ni palabras, ni tarjetas\u2026 este a\u00f1o d\u00edselo con una hortensia. Es cl\u00e1sica, es preciosa y tiene esa esencia de los jardines de toda la vida que tanto nos gusta. Un regalo con ra\u00edces para la persona que m\u00e1s te cuida. \u00a1Le va a encantar!<\/p>\n<p>Precisa riego abundante y nada de sol directo pero mucha luz.<\/p>\n<p>Si deseas a\u00f1adir una dedicatoria breve, no dudes en indicarlo en observaciones.<\/p>\n<p>Korb nicht enthalten.<\/p>","protected":false},"featured_media":3850,"comment_status":"closed","ping_status":"closed","template":"","meta":[],"product_brand":[],"product_cat":[42,22],"product_tag":[],"class_list":{"0":"post-3849","1":"product","2":"type-product","3":"status-publish","4":"has-post-thumbnail","6":"product_cat-dia-de-la-madre","7":"product_cat-plantas","9":"first","10":"instock","11":"taxable","12":"shipping-taxable","13":"purchasable","14":"product-type-simple"},"_links":{"self":[{"href":"https:\/\/sueca13flores.com\/de\/wp-json\/wp\/v2\/product\/3849","targetHints":{"allow":["GET"]}}],"collection":[{"href":"https:\/\/sueca13flores.com\/de\/wp-json\/wp\/v2\/product"}],"about":[{"href":"https:\/\/sueca13flores.com\/de\/wp-json\/wp\/v2\/types\/product"}],"replies":[{"embeddable":true,"href":"https:\/\/sueca13flores.com\/de\/wp-json\/wp\/v2\/comments?post=3849"}],"wp:featuredmedia":[{"embeddable":true,"href":"https:\/\/sueca13flores.com\/de\/wp-json\/wp\/v2\/media\/3850"}],"wp:attachment":[{"href":"https:\/\/sueca13flores.com\/de\/wp-json\/wp\/v2\/media?parent=3849"}],"wp:term":[{"taxonomy":"product_brand","embeddable":true,"href":"https:\/\/sueca13flores.com\/de\/wp-json\/wp\/v2\/product_brand?post=3849"},{"taxonomy":"product_cat","embeddable":true,"href":"https:\/\/sueca13flores.com\/de\/wp-json\/wp\/v2\/product_cat?post=3849"},{"taxonomy":"product_tag","embeddable":true,"href":"https:\/\/sueca13flores.com\/de\/wp-json\/wp\/v2\/product_tag?post=3849"}],"curies":[{"name":"wp","href":"https:\/\/api.w.org\/{rel}","templated":true}]}}