{"id":574,"date":"2023-06-03T19:06:47","date_gmt":"2023-06-03T17:06:47","guid":{"rendered":"https:\/\/sueca13flores.com\/?post_type=product&#038;p=574"},"modified":"2026-03-07T17:12:10","modified_gmt":"2026-03-07T16:12:10","slug":"silvestre","status":"publish","type":"product","link":"https:\/\/sueca13flores.com\/de\/produkt\/silvestre\/","title":{"rendered":"Wilde Bande"},"content":{"rendered":"","protected":false},"excerpt":{"rendered":"<p>&nbsp;<\/p>\n<p><span style=\"vertical-align: inherit;\"><span style=\"vertical-align: inherit;\"><span style=\"vertical-align: inherit;\">Entdecken Sie unsere herrlichen Str\u00e4u\u00dfe aus frischen Blumen, die Sie ohne Wasser aufbewahren k\u00f6nnen. Diese Blumenarrangements sind ideal, um jeden Raum zu dekorieren, ohne dass Sie sich um ihre Pflege k\u00fcmmern m\u00fcssen. Dank der sorgf\u00e4ltigen Auswahl frischer, haltbarer Blumen behalten unsere Str\u00e4u\u00dfe ihre Sch\u00f6nheit lange Zeit. Jedes Arrangement zeichnet sich durch eine Kombination aus leuchtenden Farben und zarten T\u00f6nen aus und verleiht jedem Anlass einen Hauch von Eleganz und Freude. Ein perfektes Geschenk, das lange h\u00e4lt, da kein Wasser oder besondere Pflege erforderlich ist.<\/span><\/span><\/span><\/p>\n<p><span style=\"vertical-align: inherit;\"><span style=\"vertical-align: inherit;\"><span style=\"vertical-align: inherit;\">Sie k\u00f6nnen kostenlos eine KURZE Widmung hinzuf\u00fcgen. Die Glasvase ist nicht im Lieferumfang enthalten, aber Sie finden sie in unserem Zubeh\u00f6rbereich.<\/span><\/span><\/span><\/p>","protected":false},"featured_media":2786,"comment_status":"closed","ping_status":"closed","template":"","meta":[],"product_brand":[],"product_cat":[42,41,21,26],"product_tag":[],"class_list":{"0":"post-574","1":"product","2":"type-product","3":"status-publish","4":"has-post-thumbnail","6":"product_cat-dia-de-la-madre","7":"product_cat-dia-de-la-mujer","8":"product_cat-flores-preservadas","9":"product_cat-composiciones-de-flores-y-plantas","11":"first","12":"instock","13":"taxable","14":"shipping-taxable","15":"purchasable","16":"product-type-simple"},"_links":{"self":[{"href":"https:\/\/sueca13flores.com\/de\/wp-json\/wp\/v2\/product\/574","targetHints":{"allow":["GET"]}}],"collection":[{"href":"https:\/\/sueca13flores.com\/de\/wp-json\/wp\/v2\/product"}],"about":[{"href":"https:\/\/sueca13flores.com\/de\/wp-json\/wp\/v2\/types\/product"}],"replies":[{"embeddable":true,"href":"https:\/\/sueca13flores.com\/de\/wp-json\/wp\/v2\/comments?post=574"}],"wp:featuredmedia":[{"embeddable":true,"href":"https:\/\/sueca13flores.com\/de\/wp-json\/wp\/v2\/media\/2786"}],"wp:attachment":[{"href":"https:\/\/sueca13flores.com\/de\/wp-json\/wp\/v2\/media?parent=574"}],"wp:term":[{"taxonomy":"product_brand","embeddable":true,"href":"https:\/\/sueca13flores.com\/de\/wp-json\/wp\/v2\/product_brand?post=574"},{"taxonomy":"product_cat","embeddable":true,"href":"https:\/\/sueca13flores.com\/de\/wp-json\/wp\/v2\/product_cat?post=574"},{"taxonomy":"product_tag","embeddable":true,"href":"https:\/\/sueca13flores.com\/de\/wp-json\/wp\/v2\/product_tag?post=574"}],"curies":[{"name":"wp","href":"https:\/\/api.w.org\/{rel}","templated":true}]}}