{"id":612,"date":"2023-06-04T20:29:46","date_gmt":"2023-06-04T18:29:46","guid":{"rendered":"https:\/\/sueca13flores.com\/?post_type=product&#038;p=612"},"modified":"2025-05-21T19:09:39","modified_gmt":"2025-05-21T17:09:39","slug":"zentrum-der-provence","status":"publish","type":"product","link":"https:\/\/sueca13flores.com\/de\/produkt\/zentrum-der-provence\/","title":{"rendered":"Provence-Zentrum"},"content":{"rendered":"","protected":false},"excerpt":{"rendered":"<p><span style=\"vertical-align: inherit;\"><span style=\"vertical-align: inherit;\"><span style=\"vertical-align: inherit;\"><span style=\"vertical-align: inherit;\">Natur und Charme in einem Weidenkorb.<\/span><\/span><\/span><\/span><\/p>\n<p><span style=\"vertical-align: inherit;\"><span style=\"vertical-align: inherit;\"><span style=\"vertical-align: inherit;\"><span style=\"vertical-align: inherit;\">Bringen Sie die Sch\u00f6nheit und den Charme eines Korbes frischer Blumen in Ihr Zuhause mit unserem exquisiten Provence Centre.<\/span><\/span><\/span><\/span><\/p>\n<p><span style=\"vertical-align: inherit;\"><span style=\"vertical-align: inherit;\"><span style=\"vertical-align: inherit;\"><span style=\"vertical-align: inherit;\">Dieses bezaubernde Blumenarrangement vereint Rustikalit\u00e4t und Eleganz und bildet einen atemberaubenden Blickfang, der jeden Raum mit seiner Frische und Gelassenheit erhellt.<\/span><\/span><\/span><\/span><\/p>\n<p><span style=\"vertical-align: inherit;\"><span style=\"vertical-align: inherit;\"><span style=\"vertical-align: inherit;\"><span style=\"vertical-align: inherit;\">Unser Provence Centre ist eine harmonische Kombination aus sorgf\u00e4ltig ausgew\u00e4hlten, zarten Wildblumen, die mit \u00fcppig gr\u00fcnem Laub wie Limonium, Eukalyptus, Farnen und Mastix verflochten sind und eine visuell fesselnde Symphonie bilden. Von eleganten G\u00e4nsebl\u00fcmchen \u00fcber farbenfrohe Astromelien bis hin zu bezaubernden Nelken - jedes Element verbindet sich zu einer Explosion von sanften Farben und Strukturen, die das Wesen der Natur widerspiegeln.<\/span><\/span><\/span><\/span><\/p>\n<p><span style=\"vertical-align: inherit;\"><span style=\"vertical-align: inherit;\"><span style=\"vertical-align: inherit;\"><span style=\"vertical-align: inherit;\">In einem nat\u00fcrlichen Weidenkorb pr\u00e4sentiert, verleiht dieser Blumenschmuck jedem Ambiente einen Hauch von rustikalem Charme und W\u00e4rme.<\/span><\/span><\/span><\/span><\/p>\n<p><span style=\"vertical-align: inherit;\"><span style=\"vertical-align: inherit;\"><span style=\"vertical-align: inherit;\"><span style=\"vertical-align: inherit;\">Ein Geschenk, das dem Empf\u00e4nger ein Gef\u00fchl von Ruhe und Gelassenheit vermittelt. Blumen und Laub verstr\u00f6men subtile und angenehme D\u00fcfte, die die Luft mit einer entspannenden und belebenden Atmosph\u00e4re erf\u00fcllen. Dar\u00fcber hinaus haben Blumen die F\u00e4higkeit, die Stimmung aufzuhellen und jeder Umgebung einen Hauch von Fr\u00f6hlichkeit zu verleihen.<\/span><\/span><\/span><\/span><\/p>\n<p><span style=\"vertical-align: inherit;\"><span style=\"vertical-align: inherit;\"><span style=\"vertical-align: inherit;\"><span style=\"vertical-align: inherit;\">In unserem Online-Shop bieten wir Ihnen einzigartige und mit Leidenschaft gefertigte Blumenarrangements von unseren fachkundigen Floristen an. Wann immer wir k\u00f6nnen, w\u00e4hlen wir Blumen von lokalen und saisonalen Erzeugern.<\/span><\/span><\/span><\/span><\/p>\n<p><span style=\"vertical-align: inherit;\"><span style=\"vertical-align: inherit;\"><span style=\"vertical-align: inherit;\"><span style=\"vertical-align: inherit;\">Jedes Arrangement ist ein einzigartiges florales Kunstwerk, das sorgf\u00e4ltig gefertigt wurde, um die Sch\u00f6nheit und den Charme der Natur in ihrer reinsten Form zu vermitteln.<\/span><\/span><\/span><\/span><\/p>\n<p><span style=\"vertical-align: inherit;\"><span style=\"vertical-align: inherit;\"><span style=\"vertical-align: inherit;\"><span style=\"vertical-align: inherit;\">Sie k\u00f6nnen kostenlos eine kurze Widmung hinzuf\u00fcgen.<\/span><\/span><\/span><\/span><\/p>\n<p>&nbsp;<\/p>","protected":false},"featured_media":613,"comment_status":"closed","ping_status":"closed","template":"","meta":[],"product_brand":[],"product_cat":[38],"product_tag":[],"class_list":{"0":"post-612","1":"product","2":"type-product","3":"status-publish","4":"has-post-thumbnail","6":"product_cat-centros-y-cestas-de-flores","8":"first","9":"instock","10":"taxable","11":"shipping-taxable","12":"purchasable","13":"product-type-simple"},"_links":{"self":[{"href":"https:\/\/sueca13flores.com\/de\/wp-json\/wp\/v2\/product\/612","targetHints":{"allow":["GET"]}}],"collection":[{"href":"https:\/\/sueca13flores.com\/de\/wp-json\/wp\/v2\/product"}],"about":[{"href":"https:\/\/sueca13flores.com\/de\/wp-json\/wp\/v2\/types\/product"}],"replies":[{"embeddable":true,"href":"https:\/\/sueca13flores.com\/de\/wp-json\/wp\/v2\/comments?post=612"}],"wp:featuredmedia":[{"embeddable":true,"href":"https:\/\/sueca13flores.com\/de\/wp-json\/wp\/v2\/media\/613"}],"wp:attachment":[{"href":"https:\/\/sueca13flores.com\/de\/wp-json\/wp\/v2\/media?parent=612"}],"wp:term":[{"taxonomy":"product_brand","embeddable":true,"href":"https:\/\/sueca13flores.com\/de\/wp-json\/wp\/v2\/product_brand?post=612"},{"taxonomy":"product_cat","embeddable":true,"href":"https:\/\/sueca13flores.com\/de\/wp-json\/wp\/v2\/product_cat?post=612"},{"taxonomy":"product_tag","embeddable":true,"href":"https:\/\/sueca13flores.com\/de\/wp-json\/wp\/v2\/product_tag?post=612"}],"curies":[{"name":"wp","href":"https:\/\/api.w.org\/{rel}","templated":true}]}}