{"id":614,"date":"2023-06-04T20:48:05","date_gmt":"2023-06-04T18:48:05","guid":{"rendered":"https:\/\/sueca13flores.com\/?post_type=product&#038;p=614"},"modified":"2025-05-21T19:09:39","modified_gmt":"2025-05-21T17:09:39","slug":"der-schonste-korb","status":"publish","type":"product","link":"https:\/\/sueca13flores.com\/de\/produkt\/der-schonste-korb\/","title":{"rendered":"La M\u00e1s Bonita K\u00f6rbchen"},"content":{"rendered":"","protected":false},"excerpt":{"rendered":"<p><span style=\"vertical-align: inherit;\"><span style=\"vertical-align: inherit;\">Wachen Sie jeden Tag mit der Energie und Freude der Sonne auf, mit unserem sch\u00f6nen Korb mit Sonnenblumen und Gerbera.<\/span><\/span><\/p>\n<p><span style=\"vertical-align: inherit;\"><span style=\"vertical-align: inherit;\">Dieses bezaubernde Blumenarrangement kombiniert die strahlende Sch\u00f6nheit von Sonnenblumen mit der lebhaften Zartheit von Gerbera und schafft so ein visuelles Spektakel, das Ihr Zuhause mit Vitalit\u00e4t und Charme erf\u00fcllt.<\/span><\/span><\/p>\n<p><span style=\"vertical-align: inherit;\"><span style=\"vertical-align: inherit;\">Der Most Beautiful Korb wurde mit Sorgfalt und Leidenschaft entworfen, um die Essenz einer sonnigen Wiese voller Leben einzufangen. <\/span><span style=\"vertical-align: inherit;\">Die Sonnenblumen mit ihren leuchtend gelben Bl\u00fctenbl\u00e4ttern, die die Sonnenstrahlen nachahmen, sind die unbestrittenen Stars dieses Zentrums und strahlen in jeder Ecke Freude und Positivit\u00e4t aus. <\/span><span style=\"vertical-align: inherit;\">Gerbera mit ihren leuchtenden Farben und weichen, samtigen Bl\u00fctenbl\u00e4ttern erg\u00e4nzen die strahlende Pr\u00e4senz der Sonnenblumen perfekt und verleihen dem Arrangement eine Dimension von Zartheit und Zerbrechlichkeit.<\/span><\/span><\/p>\n<p><span style=\"vertical-align: inherit;\"><span style=\"vertical-align: inherit;\">Pr\u00e4sentiert in einem handgefertigten Weidenkorb, der Textur und ein nat\u00fcrliches Aussehen verleiht, die Sch\u00f6nheit der Blumen hervorhebt und einen visuell ansprechenden Kontrast schafft. <\/span><span style=\"vertical-align: inherit;\">Dar\u00fcber hinaus bietet der Weidenkorb eine solide und stabile Basis f\u00fcr die Blumen, so dass die Mitte an Ort und Stelle bleibt und frisch und lebendig wirkt.<\/span><\/span><\/p>\n<p><span style=\"vertical-align: inherit;\"><span style=\"vertical-align: inherit;\">Sonnenblumen, Symbole des Gl\u00fccks und der Lebensfreude, werden Ihren Raum erhellen und einen sonnigen Touch in Ihren Alltag bringen. <\/span><span style=\"vertical-align: inherit;\">Die Gerbera mit ihrer gro\u00dfen Farbenvielfalt steht f\u00fcr Freude und Vielfalt und erf\u00fcllt die Atmosph\u00e4re mit einem Gef\u00fchl von Frische und Vitalit\u00e4t.<\/span><\/span><\/p>\n<p><span style=\"vertical-align: inherit;\"><span style=\"vertical-align: inherit;\">Jedes Blumenarrangement ist ein Ausdruck nat\u00fcrlicher Sch\u00f6nheit und wird von Hand gefertigt, um Ihre Sinne zu erfreuen und Ihr Zuhause mit Leben zu erf\u00fcllen. <\/span><span style=\"vertical-align: inherit;\">Unsere Blumen stammen gr\u00f6\u00dftenteils von lokalen Erzeugern, ebenso wie das Gr\u00fcnzeug, das sie begleitet. <\/span><span style=\"vertical-align: inherit;\">Wir versuchen auch, saisonale Blumen zu verwenden, um zus\u00e4tzliche Qualit\u00e4t zu garantieren.<\/span><\/span><\/p>\n<p><span style=\"vertical-align: inherit;\"><span style=\"vertical-align: inherit;\">Sie k\u00f6nnen kostenlos eine kurze Widmung hinzuf\u00fcgen.<\/span><\/span><\/p>\n<p>&nbsp;<\/p>","protected":false},"featured_media":591,"comment_status":"closed","ping_status":"closed","template":"","meta":[],"product_brand":[],"product_cat":[38],"product_tag":[],"class_list":{"0":"post-614","1":"product","2":"type-product","3":"status-publish","4":"has-post-thumbnail","6":"product_cat-centros-y-cestas-de-flores","8":"first","9":"instock","10":"taxable","11":"shipping-taxable","12":"purchasable","13":"product-type-simple"},"_links":{"self":[{"href":"https:\/\/sueca13flores.com\/de\/wp-json\/wp\/v2\/product\/614","targetHints":{"allow":["GET"]}}],"collection":[{"href":"https:\/\/sueca13flores.com\/de\/wp-json\/wp\/v2\/product"}],"about":[{"href":"https:\/\/sueca13flores.com\/de\/wp-json\/wp\/v2\/types\/product"}],"replies":[{"embeddable":true,"href":"https:\/\/sueca13flores.com\/de\/wp-json\/wp\/v2\/comments?post=614"}],"wp:featuredmedia":[{"embeddable":true,"href":"https:\/\/sueca13flores.com\/de\/wp-json\/wp\/v2\/media\/591"}],"wp:attachment":[{"href":"https:\/\/sueca13flores.com\/de\/wp-json\/wp\/v2\/media?parent=614"}],"wp:term":[{"taxonomy":"product_brand","embeddable":true,"href":"https:\/\/sueca13flores.com\/de\/wp-json\/wp\/v2\/product_brand?post=614"},{"taxonomy":"product_cat","embeddable":true,"href":"https:\/\/sueca13flores.com\/de\/wp-json\/wp\/v2\/product_cat?post=614"},{"taxonomy":"product_tag","embeddable":true,"href":"https:\/\/sueca13flores.com\/de\/wp-json\/wp\/v2\/product_tag?post=614"}],"curies":[{"name":"wp","href":"https:\/\/api.w.org\/{rel}","templated":true}]}}