{"id":615,"date":"2023-06-04T21:00:26","date_gmt":"2023-06-04T19:00:26","guid":{"rendered":"https:\/\/sueca13flores.com\/?post_type=product&#038;p=615"},"modified":"2025-06-24T08:29:32","modified_gmt":"2025-06-24T06:29:32","slug":"schone-rosen","status":"publish","type":"product","link":"https:\/\/sueca13flores.com\/de\/produkt\/schone-rosen\/","title":{"rendered":"Sch\u00f6ne Rosen"},"content":{"rendered":"","protected":false},"excerpt":{"rendered":"<p>&nbsp;<\/p>\n<p><span style=\"vertical-align: inherit;\"><span style=\"vertical-align: inherit;\"><span style=\"vertical-align: inherit;\"><span style=\"vertical-align: inherit;\"><span style=\"vertical-align: inherit;\"><span style=\"vertical-align: inherit;\">Ein wundersch\u00f6nes Geschenk, um Liebe und Eleganz zu zelebrieren.<\/span><\/span><\/span><\/span><\/span><\/span><\/p>\n<p><span style=\"vertical-align: inherit;\"><span style=\"vertical-align: inherit;\"><span style=\"vertical-align: inherit;\"><span style=\"vertical-align: inherit;\"><span style=\"vertical-align: inherit;\"><span style=\"vertical-align: inherit;\">Der Belle Roses Basket ist ein romantischer und s\u00fc\u00dfer Spaziergang, der die \u00e4therische Sch\u00f6nheit von Rosen mit der W\u00e4rme und Authentizit\u00e4t eines Weidenkorbs, Gr\u00fcnpflanzen wie Eukalyptus, Farn, Mastix und einem Hauch von Paniculata oder wei\u00dfem Limonium kombiniert, die zusammen ein charmantes Geschenk schaffen, das Liebe und Eleganz in jedem Bl\u00fctenblatt vermittelt.<\/span><\/span><\/span><\/span><\/span><\/span><\/p>\n<p><span style=\"vertical-align: inherit;\"><span style=\"vertical-align: inherit;\"><span style=\"vertical-align: inherit;\"><span style=\"vertical-align: inherit;\"><span style=\"vertical-align: inherit;\"><span style=\"vertical-align: inherit;\">Rosa Rosen, das klassische Symbol f\u00fcr Liebe und Z\u00e4rtlichkeit, haben die Herzen der Menschen seit Jahrhunderten erobert. <\/span><\/span><\/span><\/span><\/span><span style=\"vertical-align: inherit;\"><span style=\"vertical-align: inherit;\"><span style=\"vertical-align: inherit;\"><span style=\"vertical-align: inherit;\"><span style=\"vertical-align: inherit;\">Jede Rose mit ihren zarten Bl\u00fctenbl\u00e4ttern erz\u00e4hlt eine einzigartige und bedeutungsvolle Liebesgeschichte. <\/span><\/span><\/span><\/span><\/span><span style=\"vertical-align: inherit;\"><span style=\"vertical-align: inherit;\"><span style=\"vertical-align: inherit;\"><span style=\"vertical-align: inherit;\"><span style=\"vertical-align: inherit;\">In diesem Korb werden die Rosen in ihrer ganzen Pracht pr\u00e4sentiert und bilden ein visuelles Spektakel, das nicht unbemerkt bleiben wird.<\/span><\/span><\/span><\/span><\/span><\/span><\/p>\n<p><span style=\"vertical-align: inherit;\"><span style=\"vertical-align: inherit;\"><span style=\"vertical-align: inherit;\"><span style=\"vertical-align: inherit;\"><span style=\"vertical-align: inherit;\"><span style=\"vertical-align: inherit;\">Der in Handarbeit geflochtene Weidenkorb verleiht diesem romantischen Geschenk einen Hauch von Authentizit\u00e4t und Rustikalit\u00e4t. <\/span><\/span><\/span><\/span><\/span><span style=\"vertical-align: inherit;\"><span style=\"vertical-align: inherit;\"><span style=\"vertical-align: inherit;\"><span style=\"vertical-align: inherit;\"><span style=\"vertical-align: inherit;\">Der Korb bietet eine solide und stabile Basis f\u00fcr die Rosen, so dass sie w\u00e4hrend des Transports und der Pr\u00e4sentation frisch und an ihrem Platz bleiben. <\/span><\/span><\/span><\/span><\/span><span style=\"vertical-align: inherit;\"><span style=\"vertical-align: inherit;\"><span style=\"vertical-align: inherit;\"><span style=\"vertical-align: inherit;\"><span style=\"vertical-align: inherit;\">Dar\u00fcber hinaus bildet die nat\u00fcrliche Textur des Weidengeflechts einen optisch ansprechenden Kontrast zu der Zartheit und Eleganz der Rosen und verleiht der Pr\u00e4sentation einen Hauch von rustikalem Charme.<\/span><\/span><\/span><\/span><\/span><\/span><\/p>\n<p><span style=\"vertical-align: inherit;\"><span style=\"vertical-align: inherit;\"><span style=\"vertical-align: inherit;\"><span style=\"vertical-align: inherit;\"><span style=\"vertical-align: inherit;\"><span style=\"vertical-align: inherit;\">Rosa Rosen vermitteln Gef\u00fchle der Zuneigung, Dankbarkeit und Bewunderung, so dass dieser Korb das perfekte Geschenk f\u00fcr besondere Anl\u00e4sse wie Jubil\u00e4en, Geburtstage oder romantische Momente ist. <\/span><\/span><\/span><\/span><\/span><span style=\"vertical-align: inherit;\"><span style=\"vertical-align: inherit;\"><span style=\"vertical-align: inherit;\"><span style=\"vertical-align: inherit;\"><span style=\"vertical-align: inherit;\">Jede Rose erz\u00e4hlt eine einzigartige und bedeutungsvolle Liebesgeschichte und macht dieses Geschenk zu einem perfekten Ausdruck Ihrer tiefsten Gef\u00fchle.<\/span><\/span><\/span><\/span><\/span><\/span><\/p>\n<p><span style=\"vertical-align: inherit;\"><span style=\"vertical-align: inherit;\"><span style=\"vertical-align: inherit;\"><span style=\"vertical-align: inherit;\"><span style=\"vertical-align: inherit;\"><span style=\"vertical-align: inherit;\">Jeder Belle-Roses-Korb ist ein einzigartiges Blumenkunstwerk, das die Sch\u00f6nheit und Reinheit der Liebe in ihrer elegantesten Form ausdr\u00fccken soll.<\/span><\/span><\/span><\/span><\/span><\/span><\/p>\n<p><span style=\"vertical-align: inherit;\"><span style=\"vertical-align: inherit;\"><span style=\"vertical-align: inherit;\"><span style=\"vertical-align: inherit;\"><span style=\"vertical-align: inherit;\"><span style=\"vertical-align: inherit;\">Sie k\u00f6nnen kostenlos eine kurze Widmung hinzuf\u00fcgen.<\/span><\/span><\/span><\/span><\/span><\/span><\/p>","protected":false},"featured_media":617,"comment_status":"open","ping_status":"closed","template":"","meta":[],"product_brand":[],"product_cat":[38,40],"product_tag":[],"class_list":{"0":"post-615","1":"product","2":"type-product","3":"status-publish","4":"has-post-thumbnail","6":"product_cat-centros-y-cestas-de-flores","7":"product_cat-san-valentin","9":"first","10":"instock","11":"taxable","12":"shipping-taxable","13":"purchasable","14":"product-type-simple"},"_links":{"self":[{"href":"https:\/\/sueca13flores.com\/de\/wp-json\/wp\/v2\/product\/615","targetHints":{"allow":["GET"]}}],"collection":[{"href":"https:\/\/sueca13flores.com\/de\/wp-json\/wp\/v2\/product"}],"about":[{"href":"https:\/\/sueca13flores.com\/de\/wp-json\/wp\/v2\/types\/product"}],"replies":[{"embeddable":true,"href":"https:\/\/sueca13flores.com\/de\/wp-json\/wp\/v2\/comments?post=615"}],"wp:featuredmedia":[{"embeddable":true,"href":"https:\/\/sueca13flores.com\/de\/wp-json\/wp\/v2\/media\/617"}],"wp:attachment":[{"href":"https:\/\/sueca13flores.com\/de\/wp-json\/wp\/v2\/media?parent=615"}],"wp:term":[{"taxonomy":"product_brand","embeddable":true,"href":"https:\/\/sueca13flores.com\/de\/wp-json\/wp\/v2\/product_brand?post=615"},{"taxonomy":"product_cat","embeddable":true,"href":"https:\/\/sueca13flores.com\/de\/wp-json\/wp\/v2\/product_cat?post=615"},{"taxonomy":"product_tag","embeddable":true,"href":"https:\/\/sueca13flores.com\/de\/wp-json\/wp\/v2\/product_tag?post=615"}],"curies":[{"name":"wp","href":"https:\/\/api.w.org\/{rel}","templated":true}]}}