{"id":619,"date":"2023-06-04T22:35:48","date_gmt":"2023-06-04T20:35:48","guid":{"rendered":"https:\/\/sueca13flores.com\/?post_type=product&#038;p=619"},"modified":"2025-05-21T19:09:39","modified_gmt":"2025-05-21T17:09:39","slug":"landerkorb","status":"publish","type":"product","link":"https:\/\/sueca13flores.com\/de\/produkt\/landerkorb\/","title":{"rendered":"Land Tragetasche"},"content":{"rendered":"","protected":false},"excerpt":{"rendered":"<p><span style=\"vertical-align: inherit;\"><span style=\"vertical-align: inherit;\"><span style=\"vertical-align: inherit;\"><span style=\"vertical-align: inherit;\">Fangen Sie die zeitlose Sch\u00f6nheit der Natur in unserem charmanten Korb im Landhausstil ein. <\/span><span style=\"vertical-align: inherit;\">Dieses bezaubernde Blumenarrangement verbindet die Nostalgie der Landschaft mit der Authentizit\u00e4t getrockneter und konservierter Blumen und ist ein dauerhaftes und charmantes Geschenk, das jedem Raum einen rustikalen Touch verleiht.<\/span><\/span><\/span><\/span><\/p>\n<p><span style=\"vertical-align: inherit;\"><span style=\"vertical-align: inherit;\"><span style=\"vertical-align: inherit;\"><span style=\"vertical-align: inherit;\">Unser Weidenkorb mit konservierten getrockneten Blumen ist eine Hommage an die dauerhafte Sch\u00f6nheit der Natur. <\/span><span style=\"vertical-align: inherit;\">Jede Blume, sorgf\u00e4ltig ausgew\u00e4hlt und konserviert, wurde in ihrer ganzen F\u00fclle eingefangen, wobei ihre urspr\u00fcnglichen Farben und Formen erhalten blieben. <\/span><span style=\"vertical-align: inherit;\">Von zarten, farbenfrohen Statice-Wildblumen in sanften T\u00f6nen, wie Limonium, bis hin zu konserviertem Gr\u00fcn wie Mastix oder Eukalyptus und Farn. <\/span><span style=\"vertical-align: inherit;\">Jedes Element des Arrangements erinnert an die Ruhe und Gelassenheit einer l\u00e4ndlichen Wiese zu allen Jahreszeiten.<\/span><\/span><\/span><\/span><\/p>\n<p><span style=\"vertical-align: inherit;\"><span style=\"vertical-align: inherit;\"><span style=\"vertical-align: inherit;\"><span style=\"vertical-align: inherit;\">Dieser Korb mit getrockneten und konservierten Blumen wird in einem handgefertigten Weidenkorb mit einer Schleife aus Bast pr\u00e4sentiert und vermittelt einen Hauch von Authentizit\u00e4t und Rustikalit\u00e4t. <\/span><span style=\"vertical-align: inherit;\">Der Weidenkorb bietet eine Struktur und ein nat\u00fcrliches Aussehen, das die Sch\u00f6nheit der Blumen hervorhebt und einen visuell ansprechenden Kontrast schafft.\u00a0<\/span><\/span><\/span><\/span><\/p>\n<p><span style=\"vertical-align: inherit;\"><span style=\"vertical-align: inherit;\"><span style=\"vertical-align: inherit;\"><span style=\"vertical-align: inherit;\">Unser Weidenkorb mit konservierten getrockneten Blumen ist nicht nur ein optisch ansprechendes Geschenk, sondern bietet auch den Vorteil, dass er langlebig ist und seine Sch\u00f6nheit \u00fcber lange Zeit beh\u00e4lt. <\/span><span style=\"vertical-align: inherit;\">Getrocknete und konservierte Blumen bed\u00fcrfen keiner besonderen Pflege und behalten ihr frisches und lebendiges Aussehen f\u00fcr eine lange Zeit, so dass Sie ihren rustikalen Charme ohne Sorge genie\u00dfen k\u00f6nnen.<\/span><\/span><\/span><\/span><\/p>\n<p><span style=\"vertical-align: inherit;\"><span style=\"vertical-align: inherit;\"><span style=\"vertical-align: inherit;\"><span style=\"vertical-align: inherit;\">Jeder Korb ist handgefertigt und daher einzigartig und verschieden. <\/span><span style=\"vertical-align: inherit;\">Au\u00dferdem verwenden wir, wann immer m\u00f6glich, saisonale und lokale Blumen wie Statis und Limonium, die in Valencia angebaut werden.\u00a0 \u00a0<\/span><\/span><\/span><\/span><\/p>\n<p><span style=\"vertical-align: inherit;\"><span style=\"vertical-align: inherit;\"><span style=\"vertical-align: inherit;\"><span style=\"vertical-align: inherit;\">Bringen Sie einen Hauch von rustikalem Charme und dauerhaftem Charme in Ihr Zuhause mit unserem bezaubernden Country Basket.<\/span><\/span><\/span><\/span><\/p>\n<p><span style=\"vertical-align: inherit;\"><span style=\"vertical-align: inherit;\"><span style=\"vertical-align: inherit;\"><span style=\"vertical-align: inherit;\">Sie k\u00f6nnen kostenlos eine kurze Widmung hinzuf\u00fcgen.<\/span><\/span><\/span><\/span><\/p>","protected":false},"featured_media":589,"comment_status":"closed","ping_status":"closed","template":"","meta":[],"product_brand":[],"product_cat":[42,21],"product_tag":[],"class_list":{"0":"post-619","1":"product","2":"type-product","3":"status-publish","4":"has-post-thumbnail","6":"product_cat-dia-de-la-madre","7":"product_cat-flores-preservadas","9":"first","10":"instock","11":"taxable","12":"shipping-taxable","13":"purchasable","14":"product-type-simple"},"_links":{"self":[{"href":"https:\/\/sueca13flores.com\/de\/wp-json\/wp\/v2\/product\/619","targetHints":{"allow":["GET"]}}],"collection":[{"href":"https:\/\/sueca13flores.com\/de\/wp-json\/wp\/v2\/product"}],"about":[{"href":"https:\/\/sueca13flores.com\/de\/wp-json\/wp\/v2\/types\/product"}],"replies":[{"embeddable":true,"href":"https:\/\/sueca13flores.com\/de\/wp-json\/wp\/v2\/comments?post=619"}],"wp:featuredmedia":[{"embeddable":true,"href":"https:\/\/sueca13flores.com\/de\/wp-json\/wp\/v2\/media\/589"}],"wp:attachment":[{"href":"https:\/\/sueca13flores.com\/de\/wp-json\/wp\/v2\/media?parent=619"}],"wp:term":[{"taxonomy":"product_brand","embeddable":true,"href":"https:\/\/sueca13flores.com\/de\/wp-json\/wp\/v2\/product_brand?post=619"},{"taxonomy":"product_cat","embeddable":true,"href":"https:\/\/sueca13flores.com\/de\/wp-json\/wp\/v2\/product_cat?post=619"},{"taxonomy":"product_tag","embeddable":true,"href":"https:\/\/sueca13flores.com\/de\/wp-json\/wp\/v2\/product_tag?post=619"}],"curies":[{"name":"wp","href":"https:\/\/api.w.org\/{rel}","templated":true}]}}