{"id":625,"date":"2023-06-04T22:56:05","date_gmt":"2023-06-04T20:56:05","guid":{"rendered":"https:\/\/sueca13flores.com\/?post_type=product&#038;p=625"},"modified":"2026-01-26T19:28:09","modified_gmt":"2026-01-26T18:28:09","slug":"ewigkeit-rote-rose-kuppel","status":"publish","type":"product","link":"https:\/\/sueca13flores.com\/de\/produkt\/ewigkeit-rote-rose-kuppel\/","title":{"rendered":"Ewige Rote Rose Kuppel"},"content":{"rendered":"","protected":false},"excerpt":{"rendered":"<p><span style=\"vertical-align: inherit;\"><span style=\"vertical-align: inherit;\"><span style=\"vertical-align: inherit;\"><span style=\"vertical-align: inherit;\"><span style=\"vertical-align: inherit;\"><span style=\"vertical-align: inherit;\">Unsere Kristallkuppel mit konservierten roten Rosen ist ein zeitloses Symbol f\u00fcr Liebe und Romantik. <\/span><\/span><\/span><\/span><\/span><span style=\"vertical-align: inherit;\"><span style=\"vertical-align: inherit;\"><span style=\"vertical-align: inherit;\"><span style=\"vertical-align: inherit;\"><span style=\"vertical-align: inherit;\">Die rote Rose, bekannt als das Symbol der leidenschaftlichen Liebe, hat die Herzen der Menschen im Laufe der Geschichte erobert. <\/span><\/span><\/span><\/span><\/span><span style=\"vertical-align: inherit;\"><span style=\"vertical-align: inherit;\"><span style=\"vertical-align: inherit;\"><span style=\"vertical-align: inherit;\"><span style=\"vertical-align: inherit;\">Jedes einzelne Rosenblatt wurde sorgf\u00e4ltig konserviert, um seine urspr\u00fcngliche Form, Farbe und Textur zu bewahren und eine dauerhafte Sch\u00f6nheit zu erzielen, die die Zeit \u00fcberdauert.<\/span><\/span><\/span><\/span><\/span><\/span><\/p>\n<p><span style=\"vertical-align: inherit;\"><span style=\"vertical-align: inherit;\"><span style=\"vertical-align: inherit;\"><span style=\"vertical-align: inherit;\"><span style=\"vertical-align: inherit;\"><span style=\"vertical-align: inherit;\">Die Glaskuppel mit ihrer Transparenz verleiht der konservierten Rose einen Hauch von Magie und Geheimnis. <\/span><\/span><\/span><\/span><\/span><span style=\"vertical-align: inherit;\"><span style=\"vertical-align: inherit;\"><span style=\"vertical-align: inherit;\"><span style=\"vertical-align: inherit;\"><span style=\"vertical-align: inherit;\">Die Kuppel sch\u00fctzt die Rose und hebt sie hervor, wodurch eine bezaubernde und fesselnde Atmosph\u00e4re entsteht. <\/span><\/span><\/span><\/span><\/span><span style=\"vertical-align: inherit;\"><span style=\"vertical-align: inherit;\"><span style=\"vertical-align: inherit;\"><span style=\"vertical-align: inherit;\"><span style=\"vertical-align: inherit;\">Dar\u00fcber hinaus sorgt der Kuppelsockel aus hochwertigen Materialien f\u00fcr Stabilit\u00e4t und ein elegantes Erscheinungsbild, das die Rose in ihrer ganzen Pracht erstrahlen l\u00e4sst.<\/span><\/span><\/span><\/span><\/span><\/span><\/p>\n<p><span style=\"vertical-align: inherit;\"><span style=\"vertical-align: inherit;\"><span style=\"vertical-align: inherit;\"><span style=\"vertical-align: inherit;\"><span style=\"vertical-align: inherit;\"><span style=\"vertical-align: inherit;\">Unsere Kristallkuppel mit konservierter roter Rose ist nicht nur ein atemberaubendes Dekorationsst\u00fcck, sondern auch ein Geschenk voller Bedeutung und Symbolik. <\/span><\/span><\/span><\/span><\/span><span style=\"vertical-align: inherit;\"><span style=\"vertical-align: inherit;\"><span style=\"vertical-align: inherit;\"><span style=\"vertical-align: inherit;\"><span style=\"vertical-align: inherit;\">Die rote Rose steht f\u00fcr leidenschaftliche Liebe, Bewunderung und Hingabe und macht dieses Ornament zu einem perfekten Geschenk f\u00fcr besondere Anl\u00e4sse wie Jahrestage, Geburtstage oder romantische Momente. <\/span><\/span><\/span><\/span><\/span><span style=\"vertical-align: inherit;\"><span style=\"vertical-align: inherit;\"><span style=\"vertical-align: inherit;\"><span style=\"vertical-align: inherit;\"><span style=\"vertical-align: inherit;\">Jedes Mal, wenn jemand die konservierte Rose im Inneren der Kuppel betrachtet, wird er an die ewige Liebe und Sch\u00f6nheit erinnert, die sie darstellt.<\/span><\/span><\/span><\/span><\/span><\/span><\/p>\n<p><span style=\"vertical-align: inherit;\"><span style=\"vertical-align: inherit;\"><span style=\"vertical-align: inherit;\"><span style=\"vertical-align: inherit;\"><span style=\"vertical-align: inherit;\"><span style=\"vertical-align: inherit;\">Verleihen Sie Ihrem Zuhause einen Hauch von romantischem Charme oder \u00fcberraschen Sie jemand Besonderen mit unserer bezaubernden Kristallkuppel mit konservierten roten Rosen.\u00a0<\/span><\/span><\/span><\/span><\/span><\/span><\/p>\n<p><span style=\"vertical-align: inherit;\"><span style=\"vertical-align: inherit;\"><span style=\"vertical-align: inherit;\"><span style=\"vertical-align: inherit;\"><span style=\"vertical-align: inherit;\"><span style=\"vertical-align: inherit;\">Sie k\u00f6nnen kostenlos eine kurze Widmung hinzuf\u00fcgen.<\/span><\/span><\/span><\/span><\/span><\/span><\/p>","protected":false},"featured_media":626,"comment_status":"open","ping_status":"closed","template":"","meta":[],"product_brand":[],"product_cat":[21,24,40],"product_tag":[],"class_list":{"0":"post-625","1":"product","2":"type-product","3":"status-publish","4":"has-post-thumbnail","6":"product_cat-flores-preservadas","7":"product_cat-rosas","8":"product_cat-san-valentin","10":"first","11":"instock","12":"taxable","13":"shipping-taxable","14":"purchasable","15":"product-type-simple"},"_links":{"self":[{"href":"https:\/\/sueca13flores.com\/de\/wp-json\/wp\/v2\/product\/625","targetHints":{"allow":["GET"]}}],"collection":[{"href":"https:\/\/sueca13flores.com\/de\/wp-json\/wp\/v2\/product"}],"about":[{"href":"https:\/\/sueca13flores.com\/de\/wp-json\/wp\/v2\/types\/product"}],"replies":[{"embeddable":true,"href":"https:\/\/sueca13flores.com\/de\/wp-json\/wp\/v2\/comments?post=625"}],"wp:featuredmedia":[{"embeddable":true,"href":"https:\/\/sueca13flores.com\/de\/wp-json\/wp\/v2\/media\/626"}],"wp:attachment":[{"href":"https:\/\/sueca13flores.com\/de\/wp-json\/wp\/v2\/media?parent=625"}],"wp:term":[{"taxonomy":"product_brand","embeddable":true,"href":"https:\/\/sueca13flores.com\/de\/wp-json\/wp\/v2\/product_brand?post=625"},{"taxonomy":"product_cat","embeddable":true,"href":"https:\/\/sueca13flores.com\/de\/wp-json\/wp\/v2\/product_cat?post=625"},{"taxonomy":"product_tag","embeddable":true,"href":"https:\/\/sueca13flores.com\/de\/wp-json\/wp\/v2\/product_tag?post=625"}],"curies":[{"name":"wp","href":"https:\/\/api.w.org\/{rel}","templated":true}]}}