{"id":773,"date":"2023-07-25T19:46:35","date_gmt":"2023-07-25T17:46:35","guid":{"rendered":"https:\/\/sueca13flores.com\/?post_type=product&#038;p=773"},"modified":"2024-09-10T10:33:24","modified_gmt":"2024-09-10T08:33:24","slug":"selvagem-topf","status":"publish","type":"product","link":"https:\/\/sueca13flores.com\/de\/produkt\/selvagem-topf\/","title":{"rendered":"Portugiesischer handgefertigter Blumentopf Porto"},"content":{"rendered":"","protected":false},"excerpt":{"rendered":"<p><span style=\"vertical-align: inherit;\"><span style=\"vertical-align: inherit;\"><span style=\"vertical-align: inherit;\"><span style=\"vertical-align: inherit;\"><span style=\"vertical-align: inherit;\"><span style=\"vertical-align: inherit;\">Sch\u00f6ner handgefertigter Topf aus portugiesischer Keramik mit originellem Design und Glasur.<\/span><\/span><\/span><\/span><\/span><\/span><\/p>\n<p><span style=\"vertical-align: inherit;\"><span style=\"vertical-align: inherit;\"><span style=\"vertical-align: inherit;\"><span style=\"vertical-align: inherit;\"><span style=\"vertical-align: inherit;\"><span style=\"vertical-align: inherit;\">Die T\u00f6pfe sind aus hochwertigem Keramikmaterial hergestellt, das eine hohe Festigkeit und Langlebigkeit der T\u00f6pfe gew\u00e4hrleistet. <\/span><\/span><\/span><\/span><\/span><span style=\"vertical-align: inherit;\"><span style=\"vertical-align: inherit;\"><span style=\"vertical-align: inherit;\"><span style=\"vertical-align: inherit;\"><span style=\"vertical-align: inherit;\">Machen Sie Ihre Pflanzen zu Protagonisten und verleihen Sie Ihrem Zuhause mit unseren portugiesischen Keramikt\u00f6pfen einen besonderen Touch. <\/span><\/span><\/span><\/span><\/span><span style=\"vertical-align: inherit;\"><span style=\"vertical-align: inherit;\"><span style=\"vertical-align: inherit;\"><span style=\"vertical-align: inherit;\"><span style=\"vertical-align: inherit;\">Diese handgefertigten St\u00fccke verleihen jeder Umgebung einen Hauch von Authentizit\u00e4t und W\u00e4rme und schaffen einen Raum voller Charme und Originalit\u00e4t.<\/span><\/span><\/span><\/span><\/span><\/span><\/p>\n<p><span style=\"vertical-align: inherit;\"><span style=\"vertical-align: inherit;\"><span style=\"vertical-align: inherit;\"><span style=\"vertical-align: inherit;\"><span style=\"vertical-align: inherit;\"><span style=\"vertical-align: inherit;\">Ungef\u00e4hre Ma\u00dfe:<\/span><\/span><\/span><\/span><\/span><\/span><\/p>\n<p>14 cm hoch 15 cm Durchmesser der \u00d6ffnung.<\/p>\n<p>&nbsp;<\/p>\n<p><span style=\"vertical-align: inherit;\"><span style=\"vertical-align: inherit;\"><span style=\"vertical-align: inherit;\"><span style=\"vertical-align: inherit;\"><span style=\"vertical-align: inherit;\"><span style=\"vertical-align: inherit;\">Pflanze nicht enthalten.<\/span><\/span><\/span><\/span><\/span><\/span><\/p>","protected":false},"featured_media":2064,"comment_status":"closed","ping_status":"closed","template":"","meta":[],"product_brand":[],"product_cat":[23],"product_tag":[],"class_list":{"0":"post-773","1":"product","2":"type-product","3":"status-publish","4":"has-post-thumbnail","6":"product_cat-complementos","8":"first","9":"instock","10":"taxable","11":"shipping-taxable","12":"purchasable","13":"product-type-simple"},"_links":{"self":[{"href":"https:\/\/sueca13flores.com\/de\/wp-json\/wp\/v2\/product\/773","targetHints":{"allow":["GET"]}}],"collection":[{"href":"https:\/\/sueca13flores.com\/de\/wp-json\/wp\/v2\/product"}],"about":[{"href":"https:\/\/sueca13flores.com\/de\/wp-json\/wp\/v2\/types\/product"}],"replies":[{"embeddable":true,"href":"https:\/\/sueca13flores.com\/de\/wp-json\/wp\/v2\/comments?post=773"}],"wp:featuredmedia":[{"embeddable":true,"href":"https:\/\/sueca13flores.com\/de\/wp-json\/wp\/v2\/media\/2064"}],"wp:attachment":[{"href":"https:\/\/sueca13flores.com\/de\/wp-json\/wp\/v2\/media?parent=773"}],"wp:term":[{"taxonomy":"product_brand","embeddable":true,"href":"https:\/\/sueca13flores.com\/de\/wp-json\/wp\/v2\/product_brand?post=773"},{"taxonomy":"product_cat","embeddable":true,"href":"https:\/\/sueca13flores.com\/de\/wp-json\/wp\/v2\/product_cat?post=773"},{"taxonomy":"product_tag","embeddable":true,"href":"https:\/\/sueca13flores.com\/de\/wp-json\/wp\/v2\/product_tag?post=773"}],"curies":[{"name":"wp","href":"https:\/\/api.w.org\/{rel}","templated":true}]}}