{"id":795,"date":"2023-08-07T18:26:53","date_gmt":"2023-08-07T16:26:53","guid":{"rendered":"https:\/\/sueca13flores.com\/?post_type=product&#038;p=795"},"modified":"2025-05-22T06:49:52","modified_gmt":"2025-05-22T04:49:52","slug":"capacito-campestre-siemprevivas","status":"publish","type":"product","link":"https:\/\/sueca13flores.com\/de\/produkt\/capacito-campestre-siemprevivas\/","title":{"rendered":"Capacito Campestre Siemprevivas"},"content":{"rendered":"","protected":false},"excerpt":{"rendered":"<p><span style=\"vertical-align: inherit;\"><span style=\"vertical-align: inherit;\"><span style=\"vertical-align: inherit;\"><span style=\"vertical-align: inherit;\">Entdecken Sie unseren charmanten Korb im Landhausstil. <\/span><span style=\"vertical-align: inherit;\">Dieses bezaubernde Blumenarrangement verbindet die Frische der Natur mit der Authentizit\u00e4t getrockneter und konservierter Blumen und schafft so ein dauerhaftes und charmantes Geschenk, das jedem Raum eine rustikale Note verleiht.<\/span><\/span><\/span><\/span><\/p>\n<p><span style=\"vertical-align: inherit;\"><span style=\"vertical-align: inherit;\"><span style=\"vertical-align: inherit;\"><span style=\"vertical-align: inherit;\">Hergestellt aus in Spanien gez\u00fcchteten Blumen. <\/span><span style=\"vertical-align: inherit;\">Von den zarten Wildblumen der farbenfrohen Statice in sanften T\u00f6nen, wie Limonium, bis hin zu konserviertem Gr\u00fcn wie Mastix oder Eukalyptus und Farn. <\/span><span style=\"vertical-align: inherit;\">Jedes Element des Arrangements erinnert an die Ruhe und Gelassenheit einer l\u00e4ndlichen Wiese zu allen Jahreszeiten.<\/span><\/span><\/span><\/span><\/p>\n<p><span style=\"vertical-align: inherit;\"><span style=\"vertical-align: inherit;\"><span style=\"vertical-align: inherit;\"><span style=\"vertical-align: inherit;\">Dieser Korb mit getrockneten Blumen wird in einem handgefertigten Weidenkorb mit einer Schleife aus Bast pr\u00e4sentiert und strahlt Authentizit\u00e4t und Rustikalit\u00e4t aus. <\/span><span style=\"vertical-align: inherit;\">Der Weidenkorb bietet eine Struktur und ein nat\u00fcrliches Aussehen, das die Sch\u00f6nheit der Blumen hervorhebt und einen visuell ansprechenden Kontrast schafft.<\/span><\/span><\/span><\/span><\/p>\n<p><span style=\"vertical-align: inherit;\"><span style=\"vertical-align: inherit;\"><span style=\"vertical-align: inherit;\"><span style=\"vertical-align: inherit;\">Unser Weidenkorb mit konservierten Trockenblumen ist nicht nur ein optisch ansprechendes Geschenk, sondern bietet auch den Vorteil, dass er lange haltbar ist und seine Sch\u00f6nheit \u00fcber lange Zeit beh\u00e4lt, da er kein Wasser ben\u00f6tigt. <\/span><span style=\"vertical-align: inherit;\">Getrocknete und konservierte Blumen bed\u00fcrfen keiner besonderen Pflege und behalten ihr frisches und lebendiges Aussehen f\u00fcr eine lange Zeit, so dass Sie ihren rustikalen Charme ohne Sorge genie\u00dfen k\u00f6nnen.<\/span><\/span><\/span><\/span><\/p>\n<p><span style=\"vertical-align: inherit;\"><span style=\"vertical-align: inherit;\"><span style=\"vertical-align: inherit;\"><span style=\"vertical-align: inherit;\">Jeder Korb ist handgefertigt und daher einzigartig und verschieden. <\/span><span style=\"vertical-align: inherit;\">Au\u00dferdem verwenden wir, wann immer m\u00f6glich, saisonale und lokale Blumen wie Statis und Limonium, die in Valencia angebaut werden.<\/span><\/span><\/span><\/span><\/p>\n<p><span style=\"vertical-align: inherit;\"><span style=\"vertical-align: inherit;\"><span style=\"vertical-align: inherit;\"><span style=\"vertical-align: inherit;\">Bringen Sie einen Hauch von rustikalem Charme und dauerhaftem Charme in Ihr Zuhause mit unserem bezaubernden Country Basket.<\/span><\/span><\/span><\/span><\/p>\n<p><span style=\"vertical-align: inherit;\"><span style=\"vertical-align: inherit;\"><span style=\"vertical-align: inherit;\"><span style=\"vertical-align: inherit;\">Sie k\u00f6nnen kostenlos eine kurze Widmung hinzuf\u00fcgen.<\/span><\/span><\/span><\/span><\/p>\n<p><span style=\"vertical-align: inherit;\"><span style=\"vertical-align: inherit;\"><span style=\"vertical-align: inherit;\"><span style=\"vertical-align: inherit;\">Ungef\u00e4hre Ma\u00dfe: 16 cm hoch, 25 cm lang.<\/span><\/span><\/span><\/span><\/p>","protected":false},"featured_media":796,"comment_status":"closed","ping_status":"closed","template":"","meta":[],"product_brand":[],"product_cat":[42,21],"product_tag":[],"class_list":{"0":"post-795","1":"product","2":"type-product","3":"status-publish","4":"has-post-thumbnail","6":"product_cat-dia-de-la-madre","7":"product_cat-flores-preservadas","9":"first","10":"instock","11":"taxable","12":"shipping-taxable","13":"purchasable","14":"product-type-simple"},"_links":{"self":[{"href":"https:\/\/sueca13flores.com\/de\/wp-json\/wp\/v2\/product\/795","targetHints":{"allow":["GET"]}}],"collection":[{"href":"https:\/\/sueca13flores.com\/de\/wp-json\/wp\/v2\/product"}],"about":[{"href":"https:\/\/sueca13flores.com\/de\/wp-json\/wp\/v2\/types\/product"}],"replies":[{"embeddable":true,"href":"https:\/\/sueca13flores.com\/de\/wp-json\/wp\/v2\/comments?post=795"}],"wp:featuredmedia":[{"embeddable":true,"href":"https:\/\/sueca13flores.com\/de\/wp-json\/wp\/v2\/media\/796"}],"wp:attachment":[{"href":"https:\/\/sueca13flores.com\/de\/wp-json\/wp\/v2\/media?parent=795"}],"wp:term":[{"taxonomy":"product_brand","embeddable":true,"href":"https:\/\/sueca13flores.com\/de\/wp-json\/wp\/v2\/product_brand?post=795"},{"taxonomy":"product_cat","embeddable":true,"href":"https:\/\/sueca13flores.com\/de\/wp-json\/wp\/v2\/product_cat?post=795"},{"taxonomy":"product_tag","embeddable":true,"href":"https:\/\/sueca13flores.com\/de\/wp-json\/wp\/v2\/product_tag?post=795"}],"curies":[{"name":"wp","href":"https:\/\/api.w.org\/{rel}","templated":true}]}}