{"id":832,"date":"2023-11-22T18:56:21","date_gmt":"2023-11-22T17:56:21","guid":{"rendered":"https:\/\/sueca13flores.com\/?post_type=product&#038;p=832"},"modified":"2026-01-02T10:47:40","modified_gmt":"2026-01-02T09:47:40","slug":"weihnachtskranz-nadal","status":"publish","type":"product","link":"https:\/\/sueca13flores.com\/de\/produkt\/weihnachtskranz-nadal\/","title":{"rendered":"Weihnachten Nadal"},"content":{"rendered":"","protected":false},"excerpt":{"rendered":"<p><span style=\"vertical-align: inherit;\"><span style=\"vertical-align: inherit;\">Exklusive handgefertigte Weihnachtskr\u00e4nze, die sorgf\u00e4ltig aus nat\u00fcrlichen und aromatischen Materialien wie Tanne, frischem Eukalyptus, Zimtstangen und Orangenscheiben hergestellt werden. <\/span><\/span><span style=\"vertical-align: inherit;\"><span style=\"vertical-align: inherit;\">Ein warmer, dekorativer Hauch reiner Weihnachtsessenz, der Ihrem Zuhause einen festlichen und aromatischen Touch verleiht.<\/span><\/span><\/p>\n<p><span style=\"vertical-align: inherit;\"><span style=\"vertical-align: inherit;\">Einige Elemente k\u00f6nnen je nach Verf\u00fcgbarkeit variieren. Das Bild ist indikativ, da unsere Kr\u00e4nze handgefertigt sind und jeder anders und einzigartig ist.\u00a0<\/span><\/span><\/p>\n<p><span style=\"vertical-align: inherit;\"><span style=\"vertical-align: inherit;\">Wenn Sie eine bestimmte Komposition in einem bestimmten Farbton oder mit einem bestimmten Material w\u00fcnschen, k\u00f6nnen Sie uns \u00fcber den Whatsapp-Button kontaktieren.<\/span><\/span><\/p>\n<p>Ungef\u00e4hre Gr\u00f6\u00dfe Durchmesser 30-35 cm<\/p>\n<p>&nbsp;<\/p>","protected":false},"featured_media":828,"comment_status":"closed","ping_status":"closed","template":"","meta":[],"product_brand":[],"product_cat":[39],"product_tag":[],"class_list":{"0":"post-832","1":"product","2":"type-product","3":"status-publish","4":"has-post-thumbnail","6":"product_cat-navidad","8":"first","9":"outofstock","10":"taxable","11":"shipping-taxable","12":"purchasable","13":"product-type-simple"},"_links":{"self":[{"href":"https:\/\/sueca13flores.com\/de\/wp-json\/wp\/v2\/product\/832","targetHints":{"allow":["GET"]}}],"collection":[{"href":"https:\/\/sueca13flores.com\/de\/wp-json\/wp\/v2\/product"}],"about":[{"href":"https:\/\/sueca13flores.com\/de\/wp-json\/wp\/v2\/types\/product"}],"replies":[{"embeddable":true,"href":"https:\/\/sueca13flores.com\/de\/wp-json\/wp\/v2\/comments?post=832"}],"wp:featuredmedia":[{"embeddable":true,"href":"https:\/\/sueca13flores.com\/de\/wp-json\/wp\/v2\/media\/828"}],"wp:attachment":[{"href":"https:\/\/sueca13flores.com\/de\/wp-json\/wp\/v2\/media?parent=832"}],"wp:term":[{"taxonomy":"product_brand","embeddable":true,"href":"https:\/\/sueca13flores.com\/de\/wp-json\/wp\/v2\/product_brand?post=832"},{"taxonomy":"product_cat","embeddable":true,"href":"https:\/\/sueca13flores.com\/de\/wp-json\/wp\/v2\/product_cat?post=832"},{"taxonomy":"product_tag","embeddable":true,"href":"https:\/\/sueca13flores.com\/de\/wp-json\/wp\/v2\/product_tag?post=832"}],"curies":[{"name":"wp","href":"https:\/\/api.w.org\/{rel}","templated":true}]}}