{"id":833,"date":"2023-11-22T19:47:43","date_gmt":"2023-11-22T18:47:43","guid":{"rendered":"https:\/\/sueca13flores.com\/?post_type=product&#038;p=833"},"modified":"2026-01-02T10:49:47","modified_gmt":"2026-01-02T09:49:47","slug":"blumenstraus-in-goldener-eukalyptusvase","status":"publish","type":"product","link":"https:\/\/sueca13flores.com\/de\/produkt\/blumenstraus-in-goldener-eukalyptusvase\/","title":{"rendered":"Blumenstrau\u00df in goldener Eukalyptus-Vase"},"content":{"rendered":"","protected":false},"excerpt":{"rendered":"<p><span style=\"vertical-align: inherit;\"><span style=\"vertical-align: inherit;\">Dekorieren Sie Ihr Zuhause f\u00fcr die Festtage mit dieser eleganten Glasvase, die mit einem Arrangement aus goldfarbenem Eukalyptus und nat\u00fcrlichem Eukalyptus cinerea geschm\u00fcckt ist. Der Duft von Weihnachten kommt in Ihr Zuhause.<\/span><\/span><\/p>\n<p><span style=\"vertical-align: inherit;\"><span style=\"vertical-align: inherit;\">Ein Hauch von Vornehmheit und Sch\u00f6nheit, der die festliche Jahreszeit willkommen hei\u00dft und jedem Raum in Ihrem Zuhause W\u00e4rme und Sch\u00f6nheit verleiht.\u00a0<\/span><\/span><\/p>\n<p>Sie k\u00f6nnen Wasser hinzuf\u00fcgen und es f\u00fcr die Feiertage trocken lassen.<\/p>\n<p><span style=\"vertical-align: inherit;\"><span style=\"vertical-align: inherit;\">Auf Anfrage auch in Silber, Wei\u00df, Metallic- oder Mattrot und Naturgr\u00fcn erh\u00e4ltlich.<\/span><\/span><\/p>\n<p>Ungef\u00e4hre H\u00f6he der Vase 19 cm. Ungef\u00e4hre H\u00f6he der Komposition 40-45 cm.<\/p>","protected":false},"featured_media":2387,"comment_status":"closed","ping_status":"closed","template":"","meta":[],"product_brand":[],"product_cat":[39],"product_tag":[],"class_list":{"0":"post-833","1":"product","2":"type-product","3":"status-publish","4":"has-post-thumbnail","6":"product_cat-navidad","8":"first","9":"outofstock","10":"taxable","11":"shipping-taxable","12":"purchasable","13":"product-type-simple"},"_links":{"self":[{"href":"https:\/\/sueca13flores.com\/de\/wp-json\/wp\/v2\/product\/833","targetHints":{"allow":["GET"]}}],"collection":[{"href":"https:\/\/sueca13flores.com\/de\/wp-json\/wp\/v2\/product"}],"about":[{"href":"https:\/\/sueca13flores.com\/de\/wp-json\/wp\/v2\/types\/product"}],"replies":[{"embeddable":true,"href":"https:\/\/sueca13flores.com\/de\/wp-json\/wp\/v2\/comments?post=833"}],"wp:featuredmedia":[{"embeddable":true,"href":"https:\/\/sueca13flores.com\/de\/wp-json\/wp\/v2\/media\/2387"}],"wp:attachment":[{"href":"https:\/\/sueca13flores.com\/de\/wp-json\/wp\/v2\/media?parent=833"}],"wp:term":[{"taxonomy":"product_brand","embeddable":true,"href":"https:\/\/sueca13flores.com\/de\/wp-json\/wp\/v2\/product_brand?post=833"},{"taxonomy":"product_cat","embeddable":true,"href":"https:\/\/sueca13flores.com\/de\/wp-json\/wp\/v2\/product_cat?post=833"},{"taxonomy":"product_tag","embeddable":true,"href":"https:\/\/sueca13flores.com\/de\/wp-json\/wp\/v2\/product_tag?post=833"}],"curies":[{"name":"wp","href":"https:\/\/api.w.org\/{rel}","templated":true}]}}