{"id":839,"date":"2023-11-22T20:43:02","date_gmt":"2023-11-22T19:43:02","guid":{"rendered":"https:\/\/sueca13flores.com\/?post_type=product&#038;p=839"},"modified":"2025-10-26T17:20:22","modified_gmt":"2025-10-26T16:20:22","slug":"geschenkgutschein-zu-weihnachten-45","status":"publish","type":"product","link":"https:\/\/sueca13flores.com\/de\/produkt\/geschenkgutschein-zu-weihnachten-45\/","title":{"rendered":"Geschenkgutschein f\u00fcr Weihnachten 45"},"content":{"rendered":"","protected":false},"excerpt":{"rendered":"<p><span style=\"vertical-align: inherit;\"><span style=\"vertical-align: inherit;\">F\u00e4llt es Ihnen schwer, sich zwischen einer Pflanze oder sch\u00f6nen Blumen zu entscheiden? <\/span><span style=\"vertical-align: inherit;\">Mach dir keine Sorgen!<\/span><\/span><\/p>\n<p><span style=\"vertical-align: inherit;\"><span style=\"vertical-align: inherit;\">Mit unserem Geschenkgutschein kann der Beschenkte aus unserem umfangreichen Angebot an Pflanzen und Blumen w\u00e4hlen und erh\u00e4lt so genau das, was er sich w\u00fcnscht.<\/span><\/span><\/p>\n<p><span style=\"vertical-align: inherit;\"><span style=\"vertical-align: inherit;\">Der Geschenkgutschein bietet ein H\u00f6chstma\u00df an Flexibilit\u00e4t, so dass der Beschenkte die M\u00f6glichkeit hat, sich seine Wunschpflanze oder seinen Wunschblumenstrau\u00df selbst auszusuchen. <\/span><span style=\"vertical-align: inherit;\">Au\u00dferdem k\u00f6nnen Sie sie auf die von Ihnen bevorzugte Art und Weise erhalten, entweder per traditionellem Brief, durch eine elegante E-Mail oder durch eine personalisierte Nachricht auf WhatsApp.<\/span><\/span><\/p>\n<p><span style=\"vertical-align: inherit;\"><span style=\"vertical-align: inherit;\">Jeder Geschenkgutschein ist mit einem eindeutigen Code versehen, der ganz einfach in unserem Gesch\u00e4ft eingel\u00f6st werden kann, was ein problemloses Einkaufserlebnis erm\u00f6glicht. <\/span><span style=\"vertical-align: inherit;\">Unser breites Angebot an frischen, exotischen und klassischen Pflanzen und Blumen garantiert, dass Sie etwas finden, das perfekt zu Ihrem Geschmack und besonderen Anl\u00e4ssen passt.<\/span><\/span><\/p>\n<p><span style=\"vertical-align: inherit;\"><span style=\"vertical-align: inherit;\">\u00dcberraschen Sie Ihre Liebsten mit der Freiheit der Wahl und der nat\u00fcrlichen Sch\u00f6nheit unseres Geschenkgutscheins. <\/span><span style=\"vertical-align: inherit;\">Ob zum Geburtstag, zum Jahrestag, als Dankesch\u00f6n oder einfach, um jemandem den Tag zu versch\u00f6nern - mit diesem einzigartigen Geschenk k\u00f6nnen sie die Frische und Sch\u00f6nheit der Natur entdecken und genie\u00dfen.<\/span><\/span><\/p>\n<p><strong><span style=\"vertical-align: inherit;\"><span style=\"vertical-align: inherit;\">Wie funktioniert der Geschenkgutschein?<\/span><\/span><\/strong><\/p>\n<ol>\n<li><span style=\"vertical-align: inherit;\"><span style=\"vertical-align: inherit;\">W\u00e4hlen Sie die Versandart: traditioneller Brief, E-Mail oder personalisierte Nachricht auf WhatsApp.<\/span><\/span><\/li>\n<li><span style=\"vertical-align: inherit;\"><span style=\"vertical-align: inherit;\">Der Empf\u00e4nger erh\u00e4lt den Geschenkgutschein mit einem einmaligen Code\u00a0 <\/span><\/span><strong><span style=\"vertical-align: inherit;\"><span style=\"vertical-align: inherit;\">um sie in unserem Ladengesch\u00e4ft einzul\u00f6sen.<\/span><\/span><\/strong><\/li>\n<li><span style=\"vertical-align: inherit;\"><span style=\"vertical-align: inherit;\">Sie k\u00f6nnen in unserer Pflanzen- und Blumenkollektion st\u00f6bern und das Geschenk ausw\u00e4hlen, das ihnen am besten gef\u00e4llt.<\/span><\/span><\/li>\n<li><span style=\"vertical-align: inherit;\"><span style=\"vertical-align: inherit;\">Sie werden ihre Wahl und ein Geschenk voller Frische und nat\u00fcrlicher Sch\u00f6nheit genie\u00dfen!<\/span><\/span><\/li>\n<li><span style=\"vertical-align: inherit;\"><span style=\"vertical-align: inherit;\">DIESER GUTSCHEIN HAT KEIN VERFALLSDATUM.<\/span><\/span><\/li>\n<\/ol>","protected":false},"featured_media":838,"comment_status":"closed","ping_status":"closed","template":"","meta":[],"product_brand":[],"product_cat":[39],"product_tag":[],"class_list":{"0":"post-839","1":"product","2":"type-product","3":"status-publish","4":"has-post-thumbnail","6":"product_cat-navidad","8":"first","9":"instock","10":"taxable","11":"shipping-taxable","12":"purchasable","13":"product-type-simple"},"_links":{"self":[{"href":"https:\/\/sueca13flores.com\/de\/wp-json\/wp\/v2\/product\/839","targetHints":{"allow":["GET"]}}],"collection":[{"href":"https:\/\/sueca13flores.com\/de\/wp-json\/wp\/v2\/product"}],"about":[{"href":"https:\/\/sueca13flores.com\/de\/wp-json\/wp\/v2\/types\/product"}],"replies":[{"embeddable":true,"href":"https:\/\/sueca13flores.com\/de\/wp-json\/wp\/v2\/comments?post=839"}],"wp:featuredmedia":[{"embeddable":true,"href":"https:\/\/sueca13flores.com\/de\/wp-json\/wp\/v2\/media\/838"}],"wp:attachment":[{"href":"https:\/\/sueca13flores.com\/de\/wp-json\/wp\/v2\/media?parent=839"}],"wp:term":[{"taxonomy":"product_brand","embeddable":true,"href":"https:\/\/sueca13flores.com\/de\/wp-json\/wp\/v2\/product_brand?post=839"},{"taxonomy":"product_cat","embeddable":true,"href":"https:\/\/sueca13flores.com\/de\/wp-json\/wp\/v2\/product_cat?post=839"},{"taxonomy":"product_tag","embeddable":true,"href":"https:\/\/sueca13flores.com\/de\/wp-json\/wp\/v2\/product_tag?post=839"}],"curies":[{"name":"wp","href":"https:\/\/api.w.org\/{rel}","templated":true}]}}