{"id":979,"date":"2024-02-11T22:21:26","date_gmt":"2024-02-11T21:21:26","guid":{"rendered":"https:\/\/sueca13flores.com\/?post_type=product&#038;p=979"},"modified":"2026-02-19T17:30:41","modified_gmt":"2026-02-19T16:30:41","slug":"rote-blumentasche","status":"publish","type":"product","link":"https:\/\/sueca13flores.com\/de\/produkt\/rote-blumentasche\/","title":{"rendered":"Rote Blumentasche"},"content":{"rendered":"","protected":false},"excerpt":{"rendered":"<p>&nbsp;<\/p>\n<p><span style=\"vertical-align: inherit;\"><span style=\"vertical-align: inherit;\">Eine romantische Schachtel aus Kraftpapier mit frischen Blumen in Rott\u00f6nen, wie Gerbera, Rosen, Alstromelien und verschiedenen Gr\u00fcnpflanzen. <\/span><span style=\"vertical-align: inherit;\">Ein unschlagbares Geschenk, um \"Ich liebe dich\" zu sagen.<\/span><\/span><\/p>\n<p><span style=\"vertical-align: inherit;\"><span style=\"vertical-align: inherit;\">Ein l\u00e4ssiger und moderner Touch, der sich von Blumenstr\u00e4u\u00dfen entfernt, um den ganzen Charme nat\u00fcrlicher Blumen in speziellen Valentinstagsboxen zu zeigen.<\/span><\/span><\/p>\n<p><span style=\"vertical-align: inherit;\"><span style=\"vertical-align: inherit;\">Einige Blumen k\u00f6nnen je nach Verf\u00fcgbarkeit variieren, ohne dass der vorherrschende Stil und die Farbe des Blumenarrangements verloren gehen.<\/span><\/span><\/p>\n<p><span style=\"vertical-align: inherit;\"><span style=\"vertical-align: inherit;\">Sie k\u00f6nnen eine kostenlose BRIEF-Widmung in den Kommentaren hinzuf\u00fcgen.<\/span><\/span><\/p>\n<p><span style=\"vertical-align: inherit;\"><span style=\"vertical-align: inherit;\">Die Liebe liegt in der Luft....<\/span><\/span><\/p>","protected":false},"featured_media":980,"comment_status":"open","ping_status":"closed","template":"","meta":[],"product_brand":[],"product_cat":[38],"product_tag":[],"class_list":{"0":"post-979","1":"product","2":"type-product","3":"status-publish","4":"has-post-thumbnail","6":"product_cat-centros-y-cestas-de-flores","8":"first","9":"instock","10":"taxable","11":"shipping-taxable","12":"purchasable","13":"product-type-simple"},"_links":{"self":[{"href":"https:\/\/sueca13flores.com\/de\/wp-json\/wp\/v2\/product\/979","targetHints":{"allow":["GET"]}}],"collection":[{"href":"https:\/\/sueca13flores.com\/de\/wp-json\/wp\/v2\/product"}],"about":[{"href":"https:\/\/sueca13flores.com\/de\/wp-json\/wp\/v2\/types\/product"}],"replies":[{"embeddable":true,"href":"https:\/\/sueca13flores.com\/de\/wp-json\/wp\/v2\/comments?post=979"}],"wp:featuredmedia":[{"embeddable":true,"href":"https:\/\/sueca13flores.com\/de\/wp-json\/wp\/v2\/media\/980"}],"wp:attachment":[{"href":"https:\/\/sueca13flores.com\/de\/wp-json\/wp\/v2\/media?parent=979"}],"wp:term":[{"taxonomy":"product_brand","embeddable":true,"href":"https:\/\/sueca13flores.com\/de\/wp-json\/wp\/v2\/product_brand?post=979"},{"taxonomy":"product_cat","embeddable":true,"href":"https:\/\/sueca13flores.com\/de\/wp-json\/wp\/v2\/product_cat?post=979"},{"taxonomy":"product_tag","embeddable":true,"href":"https:\/\/sueca13flores.com\/de\/wp-json\/wp\/v2\/product_tag?post=979"}],"curies":[{"name":"wp","href":"https:\/\/api.w.org\/{rel}","templated":true}]}}