{"id":984,"date":"2024-02-11T22:33:41","date_gmt":"2024-02-11T21:33:41","guid":{"rendered":"https:\/\/sueca13flores.com\/?post_type=product&#038;p=984"},"modified":"2025-05-05T20:14:37","modified_gmt":"2025-05-05T18:14:37","slug":"kirschbluten-hutschachtel","status":"publish","type":"product","link":"https:\/\/sueca13flores.com\/de\/produkt\/kirschbluten-hutschachtel\/","title":{"rendered":"Kirschbl\u00fcten-Hutschachtel"},"content":{"rendered":"","protected":false},"excerpt":{"rendered":"<p><span style=\"vertical-align: inherit;\"><span style=\"vertical-align: inherit;\">Diese kokette Hutschachtel in Kirscht\u00f6nen ist voller Blumen und Emotionen. <\/span><span style=\"vertical-align: inherit;\">Hier finden Sie Blumen wie Immergr\u00fcne oder Statis, Rosen und einheimisches Gr\u00fcn wie den aromatischen Mastixstrauch.<\/span><\/span><\/p>\n<p><span style=\"vertical-align: inherit;\"><span style=\"vertical-align: inherit;\">Seine sanften und angenehmen T\u00f6ne passen zu jedem Zeichen der Liebe und Zuneigung.<\/span><\/span><\/p>\n<p><span style=\"vertical-align: inherit;\"><span style=\"vertical-align: inherit;\">Einige Farbt\u00f6ne und Blumen k\u00f6nnen je nach Verf\u00fcgbarkeit variieren, behalten aber die kokette, einfache und elegante Essenz unserer Hutschachtel Cherry bei.<\/span><\/span><\/p>\n<p><span style=\"vertical-align: inherit;\"><span style=\"vertical-align: inherit;\">Sie k\u00f6nnen in den Kommentaren eine kostenlose kurze Widmung hinzuf\u00fcgen.<\/span><\/span><\/p>\n<p>&nbsp;<\/p>","protected":false},"featured_media":985,"comment_status":"closed","ping_status":"closed","template":"","meta":[],"product_brand":[],"product_cat":[38,42],"product_tag":[],"class_list":{"0":"post-984","1":"product","2":"type-product","3":"status-publish","4":"has-post-thumbnail","6":"product_cat-centros-y-cestas-de-flores","7":"product_cat-dia-de-la-madre","9":"first","10":"instock","11":"taxable","12":"shipping-taxable","13":"purchasable","14":"product-type-simple"},"_links":{"self":[{"href":"https:\/\/sueca13flores.com\/de\/wp-json\/wp\/v2\/product\/984","targetHints":{"allow":["GET"]}}],"collection":[{"href":"https:\/\/sueca13flores.com\/de\/wp-json\/wp\/v2\/product"}],"about":[{"href":"https:\/\/sueca13flores.com\/de\/wp-json\/wp\/v2\/types\/product"}],"replies":[{"embeddable":true,"href":"https:\/\/sueca13flores.com\/de\/wp-json\/wp\/v2\/comments?post=984"}],"wp:featuredmedia":[{"embeddable":true,"href":"https:\/\/sueca13flores.com\/de\/wp-json\/wp\/v2\/media\/985"}],"wp:attachment":[{"href":"https:\/\/sueca13flores.com\/de\/wp-json\/wp\/v2\/media?parent=984"}],"wp:term":[{"taxonomy":"product_brand","embeddable":true,"href":"https:\/\/sueca13flores.com\/de\/wp-json\/wp\/v2\/product_brand?post=984"},{"taxonomy":"product_cat","embeddable":true,"href":"https:\/\/sueca13flores.com\/de\/wp-json\/wp\/v2\/product_cat?post=984"},{"taxonomy":"product_tag","embeddable":true,"href":"https:\/\/sueca13flores.com\/de\/wp-json\/wp\/v2\/product_tag?post=984"}],"curies":[{"name":"wp","href":"https:\/\/api.w.org\/{rel}","templated":true}]}}