{"id":1271,"date":"2024-05-11T19:14:36","date_gmt":"2024-05-11T17:14:36","guid":{"rendered":"https:\/\/sueca13flores.com\/?page_id=1271"},"modified":"2024-12-04T20:18:32","modified_gmt":"2024-12-04T19:18:32","slug":"a-propos-de-nous","status":"publish","type":"page","link":"https:\/\/sueca13flores.com\/fr\/a-propos-de-nous\/","title":{"rendered":"A propos de nous"},"content":{"rendered":"<figure class=\"wp-block-image is-resized\"><img decoding=\"async\" src=\"https:\/\/sueca13flores.com\/wp-content\/uploads\/2020\/12\/2c8f3903-167d-479f-83b2-745cdd14351c.jpg\" alt=\"Entr\u00e9e de Sueca 13\" style=\"width:500px\"\/><\/figure>\n\n\n\n\n<p>Sueca 13 est une jungle urbaine au c\u0153ur de Valence, o\u00f9 l'on trouve des fleurs fra\u00eeches, s\u00e9ch\u00e9es et en conserve, des plantes d'int\u00e9rieur et d'ext\u00e9rieur, des herbes aromatiques, des arbres fruitiers et du miel.<\/p>\n\n\n\n<p>Nous r\u00e9alisons des d\u00e9corations florales pour des \u00e9v\u00e9nements et des ateliers. Nous avons un service de livraison \u00e0 domicile, des livraisons nationales et internationales, et des conseils en mati\u00e8re de jardinage et d'am\u00e9nagement paysager.<\/p>\n\n\n\n\n<h2 class=\"wp-block-heading\">Services<\/h2>\n\n\n\n<p>Quels sont les services que nous proposons ?<\/p>\n\n\n\n<ul class=\"wp-block-list\">\n<li><a href=\"https:\/\/sueca13flores.com\/fr\/location-de-plantes-naturelles\/\">Location de plantes naturelles<\/a><\/li>\n\n\n\n<li><a href=\"https:\/\/sueca13flores.com\/fr\/mariages\/\">Mariages<\/a><\/li>\n\n\n\n<li><a href=\"https:\/\/sueca13flores.com\/fr\/decorations-florales\/\">D\u00e9coration florale<\/a><\/li>\n\n\n\n<li><a href=\"https:\/\/sueca13flores.com\/fr\/entreprises-et-evenements\/\">Entreprises et \u00e9v\u00e9nements<\/a><\/li>\n\n\n\n<li><a href=\"https:\/\/sueca13flores.com\/fr\/fleurs-funeraires\/\">Fleurs pour les fun\u00e9railles<\/a><\/li>\n\n\n\n<li><a href=\"https:\/\/sueca13flores.com\/fr\/service-de-jardinage\/\">Service de jardinage<\/a><\/li>\n\n\n\n<li><a href=\"https:\/\/sueca13flores.com\/fr\/abonnements\/\">Abonnements<\/a><\/li>\n\n\n\n<li><a href=\"https:\/\/sueca13flores.com\/fr\/ateliers-et-activites\/\">Ateliers et activit\u00e9s<\/a><\/li>\n<\/ul>\n\n\n\n\n<h2 class=\"wp-block-heading\">Rejoindre WhatsApp<\/h2>\n\n\n\n\n\n<figure class=\"wp-block-image is-resized\"><img decoding=\"async\" src=\"https:\/\/sueca13flores.com\/wp-content\/uploads\/2020\/12\/WhatsApp-1024x1024.jpg\" alt=\"\" style=\"width:500px\"\/><\/figure>\n\n\n\n\n\n<p>Saisir le <a href=\"https:\/\/chat.whatsapp.com\/CTYK1eQy7JwLRXToOeqP1y\">Groupe WhatsApp<\/a> pour recevoir chaque semaine des informations sur les fleurs et les plantes, des ateliers floraux et des conseils.<\/p>\n\n\n\n\n<h2 class=\"wp-block-heading\">Contact<\/h2>\n\n\n\n<figure class=\"wp-block-image is-resized\"><img decoding=\"async\" src=\"https:\/\/sueca13flores.com\/wp-content\/uploads\/2020\/08\/18489767_1771698719807793_6112545808202871870_o-edited.jpg\" alt=\"\" style=\"width:500px\"\/><\/figure>\n\n\n\n\n<p>Contactez-nous par <a href=\"https:\/\/wa.me\/34961001455\">WhatsApp<\/a> ou par courriel \u00e0 <a href=\"mailto:equipo@sueca13flores.com\">equipo@sueca13flores.com<\/a>.<\/p>\n\n\n\n\n<h2 class=\"wp-block-heading\">M\u00e9dias sociaux<\/h2>\n\n\n\n<figure class=\"wp-block-image is-resized\"><img decoding=\"async\" src=\"https:\/\/sueca13flores.com\/wp-content\/uploads\/2020\/08\/photography-349870_19201-edited.jpg\" alt=\"\" style=\"width:500px\"\/><\/figure>\n\n\n\n\n<p>Suivez-nous sur les m\u00e9dias sociaux :<\/p>\n\n\n\n<ul class=\"wp-block-list\">\n<li><a href=\"http:\/\/facebook.com\/sueca13\">Facebook<\/a><\/li>\n\n\n\n<li><a href=\"https:\/\/www.instagram.com\/sueca13\/\">Instagram<\/a><\/li>\n<\/ul>\n\n\n\n\n<h2 class=\"wp-block-heading\">Nous sommes ici<\/h2>\n\n\n\n<p><iframe loading=\"lazy\" style=\"border: 0;\" src=\"https:\/\/www.google.com\/maps\/embed?pb=!1m18!1m12!1m3!1d3080.2859886508027!2d-0.3784465253246062!3d39.46286741314378!2m3!1f0!2f0!3f0!3m2!1i1024!2i768!4f13.1!3m3!1m2!1s0xd604f352184f547%3A0x2cbf63cbbab6d611!2sFlorister%C3%ADa%20Sueca13%3A%20Flores%20a%20domicilio%20en%20Valencia%20y%20alrededores!5e0!3m2!1sen!2sde!4v1715447869759!5m2!1sen!2sde\" width=\"600\" height=\"450\" allowfullscreen=\"allowfullscreen\"><\/iframe><\/p>\n\n\n\n<p><strong>Adresse :<\/strong><br>Calle Sueca, 13, 46006 Valencia, Espagne<\/p>\n\n\n\n<p>T\u00e9l\u00e9phone : 612 48 33 63\/629 91 44 24<\/p>\n\n\n\n<p>Courrier : <a href=\"mailto:floressueca13@gmail.com\">floressueca13@gmail.com<\/a><\/p>\n\n\n\n<p><strong>Calendrier :<\/strong><br>Du lundi au samedi : 10h00 - 14h00<br>Du lundi au vendredi soir : 17h00 - 20h00<\/p>\n\n\n\n<h2 class=\"wp-block-heading\">L'histoire<\/h2>\n\n\n\n<p>Sueca 13 a ouvert ses portes le 15 septembre 2015. Manuel et Laura r\u00eavaient d'un espace vivant au c\u0153ur de Ruzafa, o\u00f9 l'on peut trouver des fleurs fra\u00eeches, de pr\u00e9f\u00e9rence de saison et produites localement, des plantes d'int\u00e9rieur et d'ext\u00e9rieur provenant de p\u00e9pini\u00e8res locales ou proches, des arbres fruitiers... et toutes sortes d'accessoires d\u00e9coratifs fabriqu\u00e9s \u00e0 la main avec des mat\u00e9riaux tels que la c\u00e9ramique, l'alfa, le jute, le raphia.<\/p>\n\n\n\n<p>Mais ils cherchaient aussi un espace de vie o\u00f9 ils pourraient venir respirer calmement, jouer du piano, appr\u00e9cier des expositions d'art, participer \u00e0 des ateliers floraux ou assister \u00e0 des mini-repr\u00e9sentations th\u00e9\u00e2trales. Une oasis o\u00f9 l'on pouvait participer \u00e0 la vie du quartier, o\u00f9 l'\u00eatre et le para\u00eetre \u00e9taient notre principale raison d'\u00eatre.<\/p>\n\n\n\n<p>Quelques ann\u00e9es plus tard, la famille a chang\u00e9. Certains sont partis temporairement, d'autres sont arriv\u00e9s. Bienvenue \u00e0 Fer ! L'essence du magasin de fleurs a \u00e9t\u00e9 pr\u00e9serv\u00e9e et sa beaut\u00e9 reste intacte. Nous aimons notre travail et nous avons la chance d'avoir la nature si pr\u00e8s de nous. Nous avons notre propre style et nous nous effor\u00e7ons d'innover tout en maintenant la qualit\u00e9 de notre travail dans le domaine des fleurs et des plantes. Nous apprenons tous les jours et nous nous effor\u00e7ons de faire revivre l'essence du petit commerce, o\u00f9 le traitement est humain, proche, chaleureux, pour pouvoir vous appeler par votre nom et s'arr\u00eater un peu pour faire la xarraeta.<\/p>\n\n\n\n<p>Venez nous voir et faites le plein d'inspiration florale et botanique. Les petites boutiques sont le c\u0153ur qui fait battre le quartier et la ville.<\/p>\n\n\n\n<p>Vous \u00eates chez vous.<\/p>\n\n\n\n<figure class=\"wp-block-image is-resized\"><img decoding=\"async\" src=\"https:\/\/sueca13flores.com\/wp-content\/uploads\/2021\/03\/sueca13-equipo-768x1024.jpg\" alt=\"L&#039;\u00e9quipe de Sueca13 Flores\" style=\"width:500px\"\/><\/figure>","protected":false},"excerpt":{"rendered":"<p>Services Quels sont les services que nous offrons ? Contact R\u00e9seaux sociaux Nous sommes ici Adresse:Calle Sueca, 13, 46006 Valencia, Espagne T\u00e9l\u00e9phone : 612 48 33 63\/629 91 44 24 Courriel : floressueca13@gmail.com Heures d'ouverture:Du lundi au samedi : 10:00 - 14:00Du lundi au vendredi l'apr\u00e8s-midi : 17:00 - 20:00 Historique Sueca 13 a ouvert ses portes le 15 septembre 2015. Manuel et Laura r\u00eavaient d'un ... <a title=\"A propos de nous\" class=\"read-more\" href=\"https:\/\/sueca13flores.com\/fr\/a-propos-de-nous\/\" aria-label=\"En savoir plus sur A propos de nous\">Lire la suite<\/a><\/p>","protected":false},"author":2,"featured_media":0,"parent":0,"menu_order":0,"comment_status":"closed","ping_status":"closed","template":"","meta":{"footnotes":""},"class_list":["post-1271","page","type-page","status-publish"],"_links":{"self":[{"href":"https:\/\/sueca13flores.com\/fr\/wp-json\/wp\/v2\/pages\/1271","targetHints":{"allow":["GET"]}}],"collection":[{"href":"https:\/\/sueca13flores.com\/fr\/wp-json\/wp\/v2\/pages"}],"about":[{"href":"https:\/\/sueca13flores.com\/fr\/wp-json\/wp\/v2\/types\/page"}],"author":[{"embeddable":true,"href":"https:\/\/sueca13flores.com\/fr\/wp-json\/wp\/v2\/users\/2"}],"replies":[{"embeddable":true,"href":"https:\/\/sueca13flores.com\/fr\/wp-json\/wp\/v2\/comments?post=1271"}],"version-history":[{"count":33,"href":"https:\/\/sueca13flores.com\/fr\/wp-json\/wp\/v2\/pages\/1271\/revisions"}],"predecessor-version":[{"id":2408,"href":"https:\/\/sueca13flores.com\/fr\/wp-json\/wp\/v2\/pages\/1271\/revisions\/2408"}],"wp:attachment":[{"href":"https:\/\/sueca13flores.com\/fr\/wp-json\/wp\/v2\/media?parent=1271"}],"curies":[{"name":"wp","href":"https:\/\/api.w.org\/{rel}","templated":true}]}}