{"id":326,"date":"2021-01-31T21:52:14","date_gmt":"2021-01-31T20:52:14","guid":{"rendered":"https:\/\/sueca13flores.com\/?page_id=326"},"modified":"2024-10-14T10:44:33","modified_gmt":"2024-10-14T08:44:33","slug":"avis-juridique","status":"publish","type":"page","link":"https:\/\/sueca13flores.com\/fr\/avis-juridique\/","title":{"rendered":"Avis juridique"},"content":{"rendered":"<p>Bienvenue dans les r\u00e8gles de fonctionnement et les conditions g\u00e9n\u00e9rales d'achat de la boutique en ligne Sueca13.<\/p>\n\n\n\n<ol class=\"wp-block-list\"><li>Conditions g\u00e9n\u00e9rales d'achat et d'acceptation<\/li><li>Nature de la boutique en ligne<\/li><li>Fonctionnement de la boutique en ligne<ol><li>Assortiment de produits et mise en \u0153uvre des prix<\/li><li>Effectuer l'achat<\/li><li>Pr\u00e9paration et distribution des commandes<\/li><li>Livraison et retour des commandes<\/li><li>Modes de paiement<\/li><li>Confidentialit\u00e9 et s\u00e9curit\u00e9<\/li><\/ol><\/li><li>Force majeure<\/li><li>Droit applicable et juridiction<\/li><\/ol>\n\n\n\n<p><\/p>\n\n\n\n<h2 class=\"wp-block-heading\"><strong>1) Conditions g\u00e9n\u00e9rales d'achat et d'acceptation<\/strong><\/h2>\n\n\n\n<p>Les pr\u00e9sentes conditions g\u00e9n\u00e9rales d'achat et d'acceptation r\u00e9gissent l'achat sur notre site Internet www.https:\/\/sueca13flores.com\/.<br>Les donn\u00e9es d'identification de la personne responsable du magasin sont les suivantes :<br><br>FERNANDO JAVIER QUIROZ ARANDA<\/p>\n\n\n\n<p>C\/ SUECA, 13 PTA 8 PISO 4 <\/p>\n\n\n\n<p>CP 46006 VALENCIA<\/p>\n\n\n\n<p>NUM\u00c9RO DE TVA : 24464233-F<\/p>\n\n\n\n<p>Lors de l'achat dans la boutique, le client aura la possibilit\u00e9 de consulter les conditions g\u00e9n\u00e9rales de la boutique en ligne \u00e0 l'adresse https:\/\/sueca13flores.com\/.<\/p>\n\n\n\n<h2 class=\"wp-block-heading\"><strong>2. la nature de la boutique en ligne.<\/strong><\/h2>\n\n\n\n<p>Le magasin s'adresse aux consommateurs finaux, dans le sens \u00e9tabli par la loi 26\/1984, du 19 juillet, loi g\u00e9n\u00e9rale pour la d\u00e9fense des consommateurs et des utilisateurs, et pour l'usage ou la consommation du client ou des personnes au nom desquelles le client doit \u00eatre l\u00e9galement autoris\u00e9 \u00e0 agir. Sont donc exclus les services fournis par le magasin aux grossistes, distributeurs, centrales d'achat, grands magasins et autres interm\u00e9diaires professionnels.<\/p>\n\n\n\n<p>En vertu de ce qui pr\u00e9c\u00e8de, la revente des produits achet\u00e9s dans la boutique en ligne est strictement interdite.<\/p>\n\n\n\n<p><a href=\"https:\/\/sueca13flores.com\/fr\/\">https:\/\/sueca13flores.com\/<\/a> se r\u00e9serve le droit de modifier unilat\u00e9ralement, \u00e0 tout moment et sans pr\u00e9avis, la pr\u00e9sentation et la configuration de la boutique, ainsi que d'en suspendre l'acc\u00e8s temporairement ou d\u00e9finitivement.<\/p>\n\n\n\n<h2 class=\"wp-block-heading\"><strong>3. Fonctionnement de la boutique en ligne<\/strong><\/h2>\n\n\n\n<h3 class=\"wp-block-heading\"><strong>3.1 S'inscrire dans le magasin.<\/strong><\/h3>\n\n\n\n<p>Le client qui ach\u00e8te sur le site web sera enregistr\u00e9 en remplissant le formulaire qui sera pr\u00e9sent\u00e9 sur l'\u00e9cran au moment de la conclusion de l'achat. \u00c0 partir de ce moment, il sera client de <a href=\"https:\/\/sueca13flores.com\/fr\/\">https:\/\/sueca13flores.com\/<\/a> et vous serez inclus dans notre base de donn\u00e9es de clients Internet. Vous pourrez toujours acc\u00e9der \u00e0 tous les services que vous trouverez maintenant sur le site web et \u00e0 d'autres qui pourraient appara\u00eetre \u00e0 l'avenir. Une fois inscrit, vous recevrez par courrier \u00e9lectronique la preuve d'inscription avec toutes vos donn\u00e9es et la demande de preuve d'achat et vous pourrez profiter de tous les avantages que les clients ont de <a href=\"https:\/\/sueca13flores.com\/fr\/\">https:\/\/sueca13flores.com\/<\/a>.<\/p>\n\n\n\n<p>En tout \u00e9tat de cause, <a href=\"https:\/\/sueca13flores.com\/fr\/\">https:\/\/sueca13flores.com\/<\/a> informe ses utilisateurs que chaque fois qu'ils effectuent un achat, ils re\u00e7oivent un courrier \u00e9lectronique transactionnel leur communiquant la confirmation de l'achat des produits et la confirmation du paiement. Nous pouvons \u00e9galement contacter l'utilisateur afin de l'informer de toute modification ou de tout nouveau d\u00e9veloppement li\u00e9 \u00e0 sa commande.<\/p>\n\n\n\n<p>D'autre part, <a href=\"https:\/\/sueca13flores.com\/fr\/\">https:\/\/sueca13flores.com\/<\/a> peut envoyer des communications commerciales relatives aux produits ou services qu'elle propose, \u00e0 condition que vous y ayez express\u00e9ment et sp\u00e9cifiquement consenti en cochant la case pr\u00e9vue \u00e0 cet effet ou par tout autre consentement expr\u00e8s.<\/p>\n\n\n\n<p>En raison de la nature des produits que nous vendons dans notre magasin (fleurs et plantes \u00e0 envoyer en cadeau), il est tr\u00e8s important de disposer d'un maximum d'informations, telles que les adresses et les num\u00e9ros de t\u00e9l\u00e9phone de contact, afin de pouvoir r\u00e9soudre tout impr\u00e9vu le plus rapidement et le plus s\u00fbrement possible, tant lors de la pr\u00e9paration de la commande que lors de la livraison.<\/p>\n\n\n\n<p>Le client peut toujours exercer son droit de modifier ou d'annuler ses donn\u00e9es en envoyant un e-mail \u00e0 <a href=\"mailto:floressueca13@gmail.com\">floressueca13@gmail.com<\/a> ou en appelant 612483363.<\/p>\n\n\n\n<h3 class=\"wp-block-heading\"><strong>3.2 Assortiment de produits et application des prix<\/strong><\/h3>\n\n\n\n<p><a href=\"https:\/\/ sueca13flores.com\">https:\/\/ sueca13flores.com<\/a> offre un large \u00e9ventail de fleurs, de plantes, de compositions de toutes sortes ainsi que d'accessoires. Les clients peuvent les acheter depuis leur ordinateur sans avoir \u00e0 se d\u00e9placer.<\/p>\n\n\n\n<p><a href=\"https:\/\/sueca13flores.com\/fr\/\">https:\/\/sueca13flores.com\/<\/a> souhaite vous informer que l'image des produits pr\u00e9sent\u00e9s dans la boutique en ligne peut varier quelque peu dans la livraison, car ces produits sont faits \u00e0 la main et naturels. Bien que nous les fabriquions avec le m\u00eame motif que celui pr\u00e9sent\u00e9 sur le site web, il ne sera pas toujours exact.<\/p>\n\n\n\n<p>Cependant, <a href=\"https:\/\/sueca13flores.com\/fr\/\">https:\/\/sueca13flores.com\/<\/a> garantit les quantit\u00e9s de fleurs et les tailles de plantes indiqu\u00e9es dans la boutique en ligne.<\/p>\n\n\n\n<p>Les prix des produits dans la boutique incluent la TVA applicable dans chaque cas. Les fleurs fra\u00eeches, les plantes et les accessoires (vases, peluches...) co\u00fbtent 21% et les chocolats 10%.<\/p>\n\n\n\n<p>Les prix des produits sont toujours indiqu\u00e9s en euros.<\/p>\n\n\n\n<p><a href=\"https:\/\/sueca13flores.com\/fr\/\">https:\/\/sueca13flores.com\/<\/a> se r\u00e9serve le droit de modifier unilat\u00e9ralement, \u00e0 tout moment et sans pr\u00e9avis, les prix des produits expos\u00e9s, ainsi que d'en suspendre la vente ou de les annuler temporairement ou d\u00e9finitivement.<\/p>\n\n\n\n<h3 class=\"wp-block-heading\"><strong>3.3 R\u00e9alisation de l'achat<\/strong><\/h3>\n\n\n\n<p>Dans notre magasin, vous trouverez tous les produits disponibles ce jour-l\u00e0.<\/p>\n\n\n\n<p>Chaque jour, les produits en rupture de stock ou hors saison sont mis \u00e0 jour et de nouveaux produits sont ajout\u00e9s.<\/p>\n\n\n\n<p>Vous pourrez naviguer dans les menus de la boutique jusqu'\u00e0 ce que vous atteigniez le produit souhait\u00e9.<\/p>\n\n\n\n<p>Enfin, vous devrez cliquer sur le bouton \"payer\" et vous pourrez compl\u00e9ter les \u00e9tapes finales suivantes pour conclure l'achat.<\/p>\n\n\n\n<h3 class=\"wp-block-heading\"><strong>3.4 Envoi d'une commande dans une autre partie de l'Espagne ou du monde.<\/strong><\/h3>\n\n\n\n<p>Si vous souhaitez envoyer des fleurs ou des plantes en dehors de la zone de livraison de<a href=\"https:\/\/sueca13flores.com\/fr\/\"> https:\/\/sueca13flores.com\/ <\/a>veuillez nous contacter par t\u00e9l\u00e9phone \u00e0 l'adresse 612483363 ou par courriel \u00e0 l'adresse <a href=\"mailto:floressueca13@gmail.com\">floressueca13@gmail.com<\/a>.<\/p>\n\n\n\n<h3 class=\"wp-block-heading\"><strong>3.5 Pr\u00e9paration et distribution des commandes<\/strong><\/h3>\n\n\n\n<p><a href=\"https:\/\/sueca13flores.com\/fr\/\">https:\/\/sueca13flores.com\/<\/a> garantit que tous les produits pr\u00e9sent\u00e9s sont disponibles, mais il se peut qu'en raison de leur nature, une couleur, une taille ou m\u00eame la quantit\u00e9 souhait\u00e9e ne soit pas disponible. Dans ce cas, il est possible que la couleur, la taille ou m\u00eame la quantit\u00e9 souhait\u00e9e ne soit pas disponible. <a href=\"https:\/\/sueca13flores.com\/fr\/\">https:\/\/sueca13flores.com\/<\/a> prendra contact avec le client pour convenir de toute modification.<\/p>\n\n\n\n<p>Selon le type d'achat, toutes les commandes seront distribu\u00e9es de deux mani\u00e8res :<\/p>\n\n\n\n<p>Par les moyens disponibles \u00e0 l'adresse <a href=\"https:\/\/sueca13flores.com\/fr\/\">https:\/\/sueca13flores.com<\/a><\/p>\n\n\n\n<p>Pour le reste de l'Espagne, veuillez nous contacter par t\u00e9l\u00e9phone \u00e0 l'adresse 612483363 ou par courrier \u00e9lectronique.<\/p>\n\n\n\n<p>Dans le premier cas, le client pourra consulter la majoration pour transport qu'aura son achat. Cette majoration est soumise aux bar\u00e8mes de transport en fonction de la destination de la commande.<\/p>\n\n\n\n<p>Dans le second cas, le client doit nous contacter par t\u00e9l\u00e9phone \u00e0 l'adresse 612483363 ou par courrier \u00e9lectronique.<\/p>\n\n\n\n<p><a href=\"https:\/\/sueca13flores.com\/fr\/\">https:\/\/sueca13flores.com\/<\/a> se r\u00e9serve le droit de modifier unilat\u00e9ralement, en tout \u00e9tat de cause et sans pr\u00e9avis, les tarifs de transport pour la distribution des produits vendus.<\/p>\n\n\n\n<h3 class=\"wp-block-heading\"><strong>3.6 Livraison et retour des commandes.<\/strong><\/h3>\n\n\n\n<h4 class=\"wp-block-heading\">a) Livraison \u00e0 domicile selon vos indications<\/h4>\n\n\n\n<p>Cette option nous permet de livrer la commande \u00e0 l'endroit indiqu\u00e9 par le client et dans le cr\u00e9neau horaire choisi dans toutes les villes situ\u00e9es dans la zone de livraison de <a href=\"https:\/\/sueca13flores.com\/fr\/\">https:\/\/sueca13flores.com\/<\/a>.<\/p>\n\n\n\n<p>La livraison \u00e0 domicile est effectu\u00e9e par des entreprises de livraison externes ou par notre propre personnel, qui est form\u00e9 \u00e0 la manipulation des fleurs et des plantes.<\/p>\n\n\n\n<p>Pour les livraisons en dehors de la zone de service de <a href=\"https:\/\/sueca13flores.com\/fr\/\">https:\/\/sueca13flores.com\/<\/a>Veuillez nous contacter par t\u00e9l\u00e9phone \u00e0 l'adresse 612483363 ou par courrier \u00e9lectronique.<\/p>\n\n\n\n<p>D\u00e9lais de livraison<\/p>\n\n\n\n<p>L'horaire de livraison de la zone de livraison du <a href=\"https:\/\/sueca13flores.com\/fr\/\">https:\/\/sueca13flores.com\/<\/a> est de 10:00h \u00e0 20:00h du lundi au vendredi, et de 10:00 \u00e0 14:00 le samedi.<\/p>\n\n\n\n<p>Les d\u00e9lais de livraison pour les commandes \u00e0 retirer directement dans notre magasin sont pendant les heures d'ouverture.<\/p>\n\n\n\n<p>En aucun cas<a href=\"https:\/\/sueca13flores.com\/fr\/\"> https:\/\/sueca13flores.com\/ <\/a>acceptera un horaire de livraison pour les jours f\u00e9ri\u00e9s de l'ann\u00e9e.<\/p>\n\n\n\n<p>Il existe une option \"livraison le matin\" et une option \"livraison l'apr\u00e8s-midi\".<\/p>\n\n\n\n<p>Pour les livraisons dans le reste de l'Espagne ou \u00e0 l'\u00e9tranger, veuillez nous contacter par t\u00e9l\u00e9phone \u00e0 l'adresse 612483363 ou par courrier \u00e9lectronique.<\/p>\n\n\n\n<p><a href=\"https:\/\/sueca13flores.com\/fr\/\">https:\/\/sueca13flores.com\/<\/a> n'assume aucune responsabilit\u00e9 pour le retard de livraison d'une commande lorsque ce retard ne lui est pas directement imputable, ni pour les cas de force majeure dans les conditions pr\u00e9vues au point 4 des pr\u00e9sentes conditions g\u00e9n\u00e9rales.<\/p>\n\n\n\n<p>Frais d'exp\u00e9dition.<\/p>\n\n\n\n<p>Les frais d'exp\u00e9dition varient en fonction de la destination de la commande. Le montant total appara\u00eet toujours sur le site au moment de la commande.<\/p>\n\n\n\n<p>Retours<\/p>\n\n\n\n<p>Conform\u00e9ment aux dispositions de l'article 103 du d\u00e9cret-loi royal 1\/2007 du 16 novembre de la loi g\u00e9n\u00e9rale pour la d\u00e9fense des consommateurs et des utilisateurs, le client ne peut pas retourner \u00e0 l'adresse suivante <a href=\"https:\/\/sueca13flores.com\/fr\/\">https:\/\/sueca13flores.com\/<\/a> les produits frais si ce retour n'a pas lieu dans les 24 heures suivant la livraison ou l'enl\u00e8vement de la commande.<\/p>\n\n\n\n<h3 class=\"wp-block-heading\"><strong>3.7 Modes de paiement<\/strong><\/h3>\n\n\n\n<p>Le paiement peut \u00eatre effectu\u00e9 par les cartes de cr\u00e9dit ou de d\u00e9bit suivantes :<\/p>\n\n\n\n<p>Visa<br>Visa Electron<br>Carte Mastercard<br>Carte Maestro<br>4B<\/p>\n\n\n\n<p>Et toute carte qui supporte le nouveau syst\u00e8me de garantie \"secure shopping\", r\u00e9cemment mis en place.<\/p>\n\n\n\n<p>Nous recherchons en permanence des moyens de mieux s\u00e9curiser les transactions sur Internet.<\/p>\n\n\n\n<p><a href=\"https:\/\/sueca13flores.com\/fr\/\">https:\/\/sueca13flores.com\/<\/a> garantit la s\u00e9curit\u00e9 totale de vos transactions, car il dispose des normes technologiques les plus r\u00e9centes en termes de protocoles et de syst\u00e8mes de s\u00e9curit\u00e9.<\/p>\n\n\n\n<p><a href=\"https:\/\/sueca13flores.com\/fr\/\">https:\/\/sueca13flores.com\/<\/a> ne dispose jamais des informations relatives \u00e0 votre num\u00e9ro de carte, la Caixa Popular g\u00e8re ces informations et nous fournit le \"ok\" pour chaque paiement sur les achats.<\/p>\n\n\n\n<p>Bient\u00f4t, le syst\u00e8me \"achat s\u00e9curis\u00e9\" sera obligatoire, fournissant le num\u00e9ro secret ou le mot de passe que vous \u00eates le seul \u00e0 conna\u00eetre pour votre carte, ce qui garantira que personne ne peut utiliser votre num\u00e9ro dans une transaction frauduleuse.<\/p>\n\n\n\n<p>Nous mettrons en \u0153uvre ce nouveau service tr\u00e8s prochainement, ind\u00e9pendamment du fait qu'il sera mis en \u0153uvre progressivement sur une p\u00e9riode de 2 ans par toutes les institutions bancaires dans le monde. Tant en Europe qu'en Asie et en Am\u00e9rique, qui ont d\u00e9j\u00e0 fix\u00e9 leurs dates et \u00e9ch\u00e9ances pour une mise en \u0153uvre compl\u00e8te.<\/p>\n\n\n\n<h3 class=\"wp-block-heading\"><strong>3.8. Confidentialit\u00e9 et s\u00e9curit\u00e9<\/strong><\/h3>\n\n\n\n<p><a href=\"https:\/\/sueca13flores.com\/fr\/\">https:\/\/sueca13flores.com\/<\/a> maintient une politique de confidentialit\u00e9 des donn\u00e9es fournies par ses clients et s'engage \u00e0 prot\u00e9ger les donn\u00e9es des clients de la boutique en ligne.<\/p>\n\n\n\n<p>Conform\u00e9ment \u00e0 la loi 34\/2002 sur les services de la soci\u00e9t\u00e9 de l'information et le commerce \u00e9lectronique et aux dispositions du r\u00e8glement (UE) 2016\/67 du Parlement europ\u00e9en et du Conseil du 27 avril 2016 sur la protection des donn\u00e9es \u00e0 caract\u00e8re personnel, <a href=\"https:\/\/sueca13flores.com\/fr\/\">https:\/\/sueca13flores.com\/<\/a> informe l'utilisateur de l'existence d'un traitement de donn\u00e9es \u00e0 caract\u00e8re personnel.<\/p>\n\n\n\n<p>Responsable du traitement des donn\u00e9es :<\/p>\n\n\n\n<p>AZUL ULTRAMARINO, S.L. Soci\u00e9t\u00e9 \u00e0 actionnaire unique<br>Paseo Serra d'Espad\u00e0 no6, Esc.1, Pta.5<br>46120 Alboraya ~ VALENCE<br>NUM\u00c9RO D'IDENTIFICATION FISCALE B98549637<br>e-mail : <a href=\"mailto:floressueca13@gmail.com\">floressueca13@gmail.com<\/a><\/p>\n\n\n\n<p>L'utilisateur accepte l'inclusion dans notre base de donn\u00e9es des donn\u00e9es obtenues lors de la navigation sur le site web, ou fournies en remplissant tout formulaire qui y figure, ainsi que celles d\u00e9riv\u00e9es des relations commerciales qui peuvent \u00eatre g\u00e9n\u00e9r\u00e9es. L'utilisateur peut exercer, en ce qui concerne les donn\u00e9es obtenues, les droits reconnus dans le nouveau r\u00e8glement g\u00e9n\u00e9ral sur la protection des donn\u00e9es, en particulier les droits d'acc\u00e8s, de rectification ou d'annulation des donn\u00e9es et d'opposition, ainsi que le droit de r\u00e9voquer le consentement \u00e0 la cession de ses donn\u00e9es ou \u00e0 l'une quelconque des utilisations d\u00e9crites. Les droits vis\u00e9s au paragraphe pr\u00e9c\u00e9dent peuvent \u00eatre exerc\u00e9s par l'utilisateur au moyen d'une demande adress\u00e9e \u00e0<\/p>\n\n\n\n<p>FERNANDO JAVIER QUIROZ ARANDA<br>Calle Sueca, 13 pta 8 piso 4<br>46006 ~ VALENCIA<br>TIN 24464233F<\/p>\n\n\n\n<p>ou en envoyant un courriel \u00e0 l'adresse suivante <a href=\"mailto:floressueca13@gmail.com\">floressueca13@gmail.com<\/a><\/p>\n\n\n\n<p><a href=\"https:\/\/sueca13flores.com\/fr\/\">https:\/\/sueca13flores.com\/ <\/a>d\u00e9clare avoir adopt\u00e9 toutes les mesures de s\u00e9curit\u00e9 n\u00e9cessaires et appropri\u00e9es conform\u00e9ment aux dispositions du r\u00e8glement (UE) 2016\/679 approuvant les mesures de s\u00e9curit\u00e9 pour les fichiers automatis\u00e9s contenant des donn\u00e9es \u00e0 caract\u00e8re personnel.<\/p>\n\n\n\n<p>Cependant, <a href=\"https:\/\/sueca13flores.com\/fr\/\">https:\/\/sueca13flores.com\/<\/a> peut divulguer, \u00e0 la demande des autorit\u00e9s comp\u00e9tentes, les donn\u00e9es \u00e0 caract\u00e8re personnel et toute autre information qu'elle d\u00e9tient par le biais de ses syst\u00e8mes informatiques, conform\u00e9ment aux lois et r\u00e8glements applicables en l'esp\u00e8ce.<\/p>\n\n\n\n<p>En aucun cas,<a href=\"https:\/\/sueca13flores.com\/fr\/\"> https:\/\/sueca13flores.com\/<\/a> divulguer le contenu de ces informations \u00e0 des soci\u00e9t\u00e9s et services de marketing, \u00e0 des bases de donn\u00e9es commerciales et \u00e0 des tiers engag\u00e9s dans la publicit\u00e9, dans des listes de marketing de masse ou dans des activit\u00e9s li\u00e9es au spam et \u00e0 d'autres activit\u00e9s similaires.<\/p>\n\n\n\n<h2 class=\"wp-block-heading\"><strong>4. Force Majeure<\/strong><\/h2>\n\n\n\n<p>Par force majeure, on entend, \u00e0 titre d'exemple et de mani\u00e8re non limitative<\/p>\n\n\n\n<p>I- Tout \u00e9v\u00e9nement impossible \u00e0 pr\u00e9voir ou qui, pr\u00e9vu ou pr\u00e9visible, \u00e9tait in\u00e9vitable.<\/p>\n\n\n\n<p>II- Erreurs dans l'acc\u00e8s aux diff\u00e9rentes pages web de l'Agence. <a href=\"https:\/\/sueca13flores.com\/fr\/\">https:\/\/sueca13flores.com\/<\/a>.<\/p>\n\n\n\n<p>III- Erreurs dans la fourniture de l'\u00e9lectricit\u00e9 ou du r\u00e9seau t\u00e9l\u00e9phonique.<\/p>\n\n\n\n<p>IV- Les dommages caus\u00e9s par des tiers ou des attaques sur notre site web (virus, hackers, etc.) qui affectent la qualit\u00e9 du service et qui ne sont pas imputables \u00e0 <a href=\"https:\/\/sueca13flores.com\/fr\/\">https:\/\/sueca13flores.com\/<\/a> ni \u00e0 l'utilisateur.<\/p>\n\n\n\n<p>V- Les d\u00e9faillances dans la transmission, la diffusion et le stockage ou l'exp\u00e9dition par des tiers des produits contenus dans la boutique en ligne de https:\/\/sueca13flores.com\/.<\/p>\n\n\n\n<p>VI- Incendies<\/p>\n\n\n\n<p>VII- Inondations ou tremblements de terre<\/p>\n\n\n\n<p>VIII- Les gr\u00e8ves ou conflits du travail ou autres troubles sociaux qui emp\u00eachent la fourniture de produits et donc l'ex\u00e9cution des obligations de l'\u00c9tat membre d'accueil. <a href=\"https:\/\/sueca13flores.com\/fr\/\">https:\/\/sueca13flores.com\/<\/a>.<\/p>\n\n\n\n<p>IX- P\u00e9nurie ou indisponibilit\u00e9 de carburant ou d'\u00e9nergie \u00e9lectrique.<\/p>\n\n\n\n<p>X- Accident<\/p>\n\n\n\n<p>XI- Conflits de guerre<\/p>\n\n\n\n<p>XII- Embargo commercial ou de toute autre nature.<\/p>\n\n\n\n<p>XIII- Les gel\u00e9es ou les s\u00e9cheresses qui ne permettent pas un approvisionnement correct en fleurs ou en plantes.<\/p>\n\n\n\n<p>XIV- Toute disposition gouvernementale.<\/p>\n\n\n\n<h2 class=\"wp-block-heading\"><strong>5. Droit applicable et juridiction<\/strong><\/h2>\n\n\n\n<p>Les pr\u00e9sentes conditions g\u00e9n\u00e9rales d'achat seront interpr\u00e9t\u00e9es conform\u00e9ment \u00e0 la l\u00e9gislation espagnole.<\/p>\n\n\n\n<p>Pour la r\u00e9solution des litiges, vous pouvez vous rendre en ligne sur la plateforme europa suivante :<\/p>\n\n\n\n<p><a href=\"https:\/\/ec.europa.eu\/consumers\/odr\/main\/index.cfm?event=main.home2.show&amp;lng=ES\">https:\/\/ec.europa.eu\/consumers\/odr\/main\/index.cfm?event=main.home2.show&amp;lng=ES<\/a><\/p>\n\n\n\n<p>FERNANDO QUIROZ ARANDA<br>Calle Sueca, 13 pta 8 piso 4<br>46006 ~ VALENCIA<br>FNI 24464233-F<\/p>","protected":false},"excerpt":{"rendered":"<p>Bienvenue dans les r\u00e8gles de fonctionnement et les conditions g\u00e9n\u00e9rales d'achat de la boutique en ligne Sueca13. Conditions g\u00e9n\u00e9rales d'achat et d'acceptation Nature de la boutique en ligne Fonctionnement de la boutique en ligne Assortiment de produits et application des prix Effectuer l'achat Pr\u00e9paration des commandes et leur distribution Livraison et retour des marchandises ... <a title=\"Avis juridique\" class=\"read-more\" href=\"https:\/\/sueca13flores.com\/fr\/avis-juridique\/\" aria-label=\"En savoir plus sur Mentions l\u00e9gales\">Lire la suite<\/a><\/p>","protected":false},"author":1,"featured_media":0,"parent":0,"menu_order":0,"comment_status":"closed","ping_status":"closed","template":"","meta":{"footnotes":""},"class_list":["post-326","page","type-page","status-publish"],"_links":{"self":[{"href":"https:\/\/sueca13flores.com\/fr\/wp-json\/wp\/v2\/pages\/326","targetHints":{"allow":["GET"]}}],"collection":[{"href":"https:\/\/sueca13flores.com\/fr\/wp-json\/wp\/v2\/pages"}],"about":[{"href":"https:\/\/sueca13flores.com\/fr\/wp-json\/wp\/v2\/types\/page"}],"author":[{"embeddable":true,"href":"https:\/\/sueca13flores.com\/fr\/wp-json\/wp\/v2\/users\/1"}],"replies":[{"embeddable":true,"href":"https:\/\/sueca13flores.com\/fr\/wp-json\/wp\/v2\/comments?post=326"}],"version-history":[{"count":10,"href":"https:\/\/sueca13flores.com\/fr\/wp-json\/wp\/v2\/pages\/326\/revisions"}],"predecessor-version":[{"id":553,"href":"https:\/\/sueca13flores.com\/fr\/wp-json\/wp\/v2\/pages\/326\/revisions\/553"}],"wp:attachment":[{"href":"https:\/\/sueca13flores.com\/fr\/wp-json\/wp\/v2\/media?parent=326"}],"curies":[{"name":"wp","href":"https:\/\/api.w.org\/{rel}","templated":true}]}}