{"id":486,"date":"2021-05-13T12:49:08","date_gmt":"2021-05-13T10:49:08","guid":{"rendered":"https:\/\/sueca13flores.com\/?page_id=486"},"modified":"2023-06-12T18:19:49","modified_gmt":"2023-06-12T16:19:49","slug":"service-de-jardinage","status":"publish","type":"page","link":"https:\/\/sueca13flores.com\/fr\/service-de-jardinage\/","title":{"rendered":"Service de jardinage"},"content":{"rendered":"<p>Nous vous proposons un service complet de conseils en jardinage. Nous vous informons sur les vari\u00e9t\u00e9s de plantes les mieux adapt\u00e9es \u00e0 votre espace, qu'il s'agisse d'une terrasse, d'un balcon ou d'un jardin, en fonction de l'orientation de votre espace et de vos besoins en mati\u00e8re d'arrosage et d'entretien.<\/p>\n\n\n\n<p>Nous sommes sp\u00e9cialis\u00e9s dans l'installation de syst\u00e8mes d'irrigation, l'\u00e9lagage des arbres, des palmiers et des arbustes, ainsi que dans la lutte contre les parasites et la fertilisation.<\/p>\n\n\n\n<p>Nous vous conseillons sur les jardins urbains, les jardins verticaux et l'am\u00e9nagement paysager.<\/p>\n\n\n\n<p>Nous fournissons des devis gratuits et sans engagement.<\/p>\n\n\n\n<p>Contactez-nous par l'interm\u00e9diaire du site <a href=\"https:\/\/sueca13flores.com\/fr\/contact\/\" data-type=\"page\" data-id=\"272\">formulaire web<\/a> ou par t\u00e9l\u00e9phone et nous vous donnerons un rendez-vous.<\/p>","protected":false},"excerpt":{"rendered":"<p>Nous vous proposons un service complet de conseils en jardinage. Nous vous informons sur les vari\u00e9t\u00e9s de plantes les mieux adapt\u00e9es \u00e0 votre espace, qu'il s'agisse d'une terrasse, d'un balcon ou d'un jardin, en fonction de l'orientation de votre espace et de vos besoins en mati\u00e8re d'arrosage et d'entretien. Nous sommes sp\u00e9cialis\u00e9s dans l'installation de syst\u00e8mes d'irrigation, l'\u00e9lagage d'arbres, de palmiers, ... <a title=\"Service de jardinage\" class=\"read-more\" href=\"https:\/\/sueca13flores.com\/fr\/service-de-jardinage\/\" aria-label=\"En savoir plus sur Service de jardinage\">Lire la suite<\/a><\/p>","protected":false},"author":1,"featured_media":0,"parent":0,"menu_order":0,"comment_status":"closed","ping_status":"closed","template":"","meta":{"footnotes":""},"class_list":["post-486","page","type-page","status-publish"],"_links":{"self":[{"href":"https:\/\/sueca13flores.com\/fr\/wp-json\/wp\/v2\/pages\/486","targetHints":{"allow":["GET"]}}],"collection":[{"href":"https:\/\/sueca13flores.com\/fr\/wp-json\/wp\/v2\/pages"}],"about":[{"href":"https:\/\/sueca13flores.com\/fr\/wp-json\/wp\/v2\/types\/page"}],"author":[{"embeddable":true,"href":"https:\/\/sueca13flores.com\/fr\/wp-json\/wp\/v2\/users\/1"}],"replies":[{"embeddable":true,"href":"https:\/\/sueca13flores.com\/fr\/wp-json\/wp\/v2\/comments?post=486"}],"version-history":[{"count":9,"href":"https:\/\/sueca13flores.com\/fr\/wp-json\/wp\/v2\/pages\/486\/revisions"}],"predecessor-version":[{"id":662,"href":"https:\/\/sueca13flores.com\/fr\/wp-json\/wp\/v2\/pages\/486\/revisions\/662"}],"wp:attachment":[{"href":"https:\/\/sueca13flores.com\/fr\/wp-json\/wp\/v2\/media?parent=486"}],"curies":[{"name":"wp","href":"https:\/\/api.w.org\/{rel}","templated":true}]}}