{"id":635,"date":"2023-06-07T13:33:52","date_gmt":"2023-06-07T11:33:52","guid":{"rendered":"https:\/\/sueca13flores.com\/?page_id=635"},"modified":"2023-06-16T12:06:19","modified_gmt":"2023-06-16T10:06:19","slug":"abonnements","status":"publish","type":"page","link":"https:\/\/sueca13flores.com\/fr\/abonnements\/","title":{"rendered":"Abonnements"},"content":{"rendered":"<p>D\u00e9couvrez la joie de recevoir des fleurs fra\u00eeches gr\u00e2ce \u00e0 notre abonnement floral exclusif. Ravissez vos sens et donnez vie \u00e0 votre maison ou \u00e0 votre bureau gr\u00e2ce \u00e0 de magnifiques compositions florales soigneusement s\u00e9lectionn\u00e9es et livr\u00e9es directement \u00e0 votre porte.<\/p>\r\n\r\n\r\n\r\n<p>Notre abonnement floral est le cadeau id\u00e9al pour vous ou pour quelqu'un de sp\u00e9cial. Choisissez un abonnement hebdomadaire, bihebdomadaire ou mensuel, et vous recevrez un nouvel arrangement floral accrocheur con\u00e7u par nos fleuristes experts.<\/p>\r\n\r\n\r\n\r\n<p>Nous choisissons des fleurs de saison et locales dans la mesure du possible, afin de garantir la fra\u00eecheur et de soutenir les producteurs locaux de fleurs \u00e0 Valence.<\/p>\r\n\r\n\r\n\r\n<p>Chaque livraison sera une exp\u00e9rience unique et surprenante, con\u00e7ue pour remplir votre vie de couleurs et de parfums.<\/p>\r\n\r\n\r\n\r\n<p>&nbsp;<\/p>\r\n\r\n\r\n\r\n<p>&nbsp;<\/p>\r\n\r\n\r\n\r\n<p>En outre, notre abonnement floral est totalement flexible, puisque vous pouvez choisir la dur\u00e9e de votre abonnement, hebdomadaire, bimensuel ou mensuel, et vous d\u00e9sabonner sans obligation quand vous le souhaitez.<\/p>\r\n<p>Remplir le <a href=\"https:\/\/sueca13flores.com\/fr\/contact\/\"><strong>formulaire web <\/strong><\/a>pour plus d'informations ou nous contacter par t\u00e9l\u00e9phone.<\/p>\r\n\r\n\r\n\r\n<p>La livraison dans la ville de Valence est gratuite.<\/p>\r\n\r\n\r\n\r\n\r\n\r\n<p>Embarquez pour un voyage floral inoubliable avec notre abonnement floral et laissez les fleurs \u00e9gayer votre vie mois apr\u00e8s mois ! Abonnez-vous d\u00e8s aujourd'hui et d\u00e9couvrez le plaisir de recevoir des fleurs fra\u00eeches toujours diff\u00e9rentes !<\/p>\r\n\r\n\r\n\r\n<figure class=\"wp-block-image size-large\"><img loading=\"lazy\" decoding=\"async\" width=\"724\" height=\"1024\" class=\"wp-image-664\" src=\"https:\/\/sueca13flores.com\/wp-content\/uploads\/2023\/06\/SUSCRIPCION-724x1024.png\" alt=\"\" srcset=\"https:\/\/sueca13flores.com\/wp-content\/uploads\/2023\/06\/SUSCRIPCION-724x1024.png 724w, https:\/\/sueca13flores.com\/wp-content\/uploads\/2023\/06\/SUSCRIPCION-600x849.png 600w, https:\/\/sueca13flores.com\/wp-content\/uploads\/2023\/06\/SUSCRIPCION-212x300.png 212w, https:\/\/sueca13flores.com\/wp-content\/uploads\/2023\/06\/SUSCRIPCION-768x1086.png 768w, https:\/\/sueca13flores.com\/wp-content\/uploads\/2023\/06\/SUSCRIPCION-1086x1536.png 1086w, https:\/\/sueca13flores.com\/wp-content\/uploads\/2023\/06\/SUSCRIPCION-1448x2048.png 1448w, https:\/\/sueca13flores.com\/wp-content\/uploads\/2023\/06\/SUSCRIPCION.png 1587w\" sizes=\"auto, (max-width: 724px) 100vw, 724px\" \/><\/figure>","protected":false},"excerpt":{"rendered":"<p>D\u00e9couvrez la joie de recevoir des fleurs fra\u00eeches gr\u00e2ce \u00e0 notre abonnement floral exclusif. Ravissez vos sens et donnez vie \u00e0 votre maison ou \u00e0 votre bureau gr\u00e2ce \u00e0 de magnifiques compositions florales soigneusement s\u00e9lectionn\u00e9es et livr\u00e9es directement \u00e0 votre porte. Notre abonnement floral est le cadeau id\u00e9al pour vous-m\u00eame ou pour quelqu'un de sp\u00e9cial. Choisissez un abonnement hebdomadaire, bihebdomadaire ou mensuel, ... <a title=\"Abonnements\" class=\"read-more\" href=\"https:\/\/sueca13flores.com\/fr\/abonnements\/\" aria-label=\"En savoir plus sur Abonnements\">Lire la suite<\/a><\/p>","protected":false},"author":2,"featured_media":0,"parent":0,"menu_order":0,"comment_status":"closed","ping_status":"closed","template":"","meta":{"footnotes":""},"class_list":["post-635","page","type-page","status-publish"],"_links":{"self":[{"href":"https:\/\/sueca13flores.com\/fr\/wp-json\/wp\/v2\/pages\/635","targetHints":{"allow":["GET"]}}],"collection":[{"href":"https:\/\/sueca13flores.com\/fr\/wp-json\/wp\/v2\/pages"}],"about":[{"href":"https:\/\/sueca13flores.com\/fr\/wp-json\/wp\/v2\/types\/page"}],"author":[{"embeddable":true,"href":"https:\/\/sueca13flores.com\/fr\/wp-json\/wp\/v2\/users\/2"}],"replies":[{"embeddable":true,"href":"https:\/\/sueca13flores.com\/fr\/wp-json\/wp\/v2\/comments?post=635"}],"version-history":[{"count":5,"href":"https:\/\/sueca13flores.com\/fr\/wp-json\/wp\/v2\/pages\/635\/revisions"}],"predecessor-version":[{"id":737,"href":"https:\/\/sueca13flores.com\/fr\/wp-json\/wp\/v2\/pages\/635\/revisions\/737"}],"wp:attachment":[{"href":"https:\/\/sueca13flores.com\/fr\/wp-json\/wp\/v2\/media?parent=635"}],"curies":[{"name":"wp","href":"https:\/\/api.w.org\/{rel}","templated":true}]}}