{"id":637,"date":"2023-06-07T13:34:18","date_gmt":"2023-06-07T11:34:18","guid":{"rendered":"https:\/\/sueca13flores.com\/?page_id=637"},"modified":"2024-10-15T12:18:53","modified_gmt":"2024-10-15T10:18:53","slug":"mariages","status":"publish","type":"page","link":"https:\/\/sueca13flores.com\/fr\/mariages\/","title":{"rendered":"Mariages"},"content":{"rendered":"<p><span style=\"font-weight: 400;\">Chez Sueca 13, nous proposons un service de d\u00e9coration florale de haute qualit\u00e9, con\u00e7u pour faire de votre journ\u00e9e sp\u00e9ciale un \u00e9v\u00e9nement magique et plein de charme. Laissez-vous s\u00e9duire par nos cr\u00e9ations florales et cr\u00e9ez une exp\u00e9rience inoubliable pour vous et les invit\u00e9s qui vous accompagnent.\u00a0<\/span><\/p>\n<p><span style=\"font-weight: 400;\">Nous r\u00e9alisons des d\u00e9corations de tous styles, tant \u00e0 l'int\u00e9rieur qu'\u00e0 l'ext\u00e9rieur et nous privil\u00e9gions les d\u00e9corations avec des fleurs de saison et de proximit\u00e9, provenant principalement de producteurs locaux, ce qui garantit une fra\u00eecheur incomparable dans nos arrangements et un soin particulier pour l'environnement.  Nous sommes sp\u00e9cialis\u00e9s dans les c\u00e9r\u00e9monies civiles et LGBT.<\/span><\/p>\n<p><span style=\"font-weight: 400;\">Nos d\u00e9corations florales sont con\u00e7ues pour capturer l'essence de votre vision et donner vie \u00e0 chaque recoin de votre \u00e9v\u00e9nement. De la c\u00e9r\u00e9monie \u00e0 la r\u00e9ception, chaque d\u00e9tail floral sera soigneusement con\u00e7u pour refl\u00e9ter votre style et votre personnalit\u00e9. Qu'il s'agisse d'un d\u00e9cor \u00e9l\u00e9gant et d'une atmosph\u00e8re douce et romantique, ou d'un cadre rustique, nous pouvons cr\u00e9er la toile de fond parfaite pour votre journ\u00e9e sp\u00e9ciale.<\/span><\/p>\n<p><span style=\"font-weight: 400;\">Nous proposons un large \u00e9ventail d'options de d\u00e9coration florale pour r\u00e9pondre \u00e0 vos besoins et \u00e0 vos pr\u00e9f\u00e9rences. Des centres de table \u00e9poustouflants aux arches et guirlandes florales, notre objectif est de cr\u00e9er une atmosph\u00e8re magique et captivante qui \u00e9merveillera et cr\u00e9era des souvenirs imp\u00e9rissables.<\/span><\/p>\n<p><span style=\"font-weight: 400;\">Vous pouvez nous contacter et <\/span>demander un rendez-vous par l'interm\u00e9diaire de notre <a href=\"https:\/\/sueca13flores.com\/fr\/contact\/\"><b>formulaire<\/b><\/a><span style=\"font-weight: 400;\">Nous aurons un premier contact pour conna\u00eetre vos id\u00e9es et vos propositions, puis nous pr\u00e9parerons un budget adapt\u00e9 \u00e0 vos besoins et enfin, nous r\u00e9aliserons la d\u00e9coration florale de votre grand jour.\u00a0<\/span><\/p>\n<p><b>Les services de d\u00e9coration florale que nous proposons sont les suivants :<\/b><\/p>\n<ul>\n<li style=\"font-weight: 400;\" aria-level=\"1\"><span style=\"font-weight: 400;\">Bouquets de fleurs fra\u00eeches, conserv\u00e9es et s\u00e9ch\u00e9es.<\/span><\/li>\n<li style=\"font-weight: 400;\" aria-level=\"1\"><span style=\"font-weight: 400;\">D\u00e9corations florales pour les c\u00e9r\u00e9monies civiles et les banquets \u00e0 l'ext\u00e9rieur et \u00e0 l'int\u00e9rieur.<\/span><\/li>\n<li style=\"font-weight: 400;\" aria-level=\"1\"><span style=\"font-weight: 400;\">P\u00e9tales et paniers de fleurs.<\/span><\/li>\n<li style=\"font-weight: 400;\" aria-level=\"1\"><span style=\"font-weight: 400;\">Photocall, Candy Bar, Plan de table et Nature morte.<\/span><\/li>\n<li style=\"font-weight: 400;\" aria-level=\"1\"><span style=\"font-weight: 400;\">Voiture des mari\u00e9s et d\u00e9coration florale.<\/span><\/li>\n<li style=\"font-weight: 400;\" aria-level=\"1\"><span style=\"font-weight: 400;\">Couronnes, bandeaux, serre-t\u00eate et bracelets floraux.<\/span><\/li>\n<\/ul>\n<div id='gallery-1' class='gallery galleryid-637 gallery-columns-3 gallery-size-thumbnail'><figure class='gallery-item'>\n\t\t\t<div class='gallery-icon landscape'>\n\t\t\t\t<a href='https:\/\/sueca13flores.com\/fr\/mariages\/epingles-a-fleurs-naturelles\/#main'><img loading=\"lazy\" decoding=\"async\" width=\"150\" height=\"150\" src=\"https:\/\/sueca13flores.com\/wp-content\/uploads\/2023\/06\/PRENDIDOS-FLOR-NATURAL-150x150.jpg\" class=\"attachment-thumbnail size-thumbnail\" alt=\"\" aria-describedby=\"gallery-1-692\" srcset=\"https:\/\/sueca13flores.com\/wp-content\/uploads\/2023\/06\/PRENDIDOS-FLOR-NATURAL-150x150.jpg 150w, https:\/\/sueca13flores.com\/wp-content\/uploads\/2023\/06\/PRENDIDOS-FLOR-NATURAL-300x300.jpg 300w, https:\/\/sueca13flores.com\/wp-content\/uploads\/2023\/06\/PRENDIDOS-FLOR-NATURAL-100x100.jpg 100w\" sizes=\"auto, (max-width: 150px) 100vw, 150px\" \/><\/a>\n\t\t\t<\/div>\n\t\t\t\t<figcaption class='wp-caption-text gallery-caption' id='gallery-1-692'>\n\t\t\t\t\u00c9pingl\u00e9\n\t\t\t\t<\/figcaption><\/figure><figure class='gallery-item'>\n\t\t\t<div class='gallery-icon landscape'>\n\t\t\t\t<a href='https:\/\/sueca13flores.com\/fr\/mariages\/nat-lit-nat\/#main'><img loading=\"lazy\" decoding=\"async\" width=\"150\" height=\"150\" src=\"https:\/\/sueca13flores.com\/wp-content\/uploads\/2023\/06\/PRENDIDOS-NAT-150x150.jpg\" class=\"attachment-thumbnail size-thumbnail\" alt=\"\" aria-describedby=\"gallery-1-693\" srcset=\"https:\/\/sueca13flores.com\/wp-content\/uploads\/2023\/06\/PRENDIDOS-NAT-150x150.jpg 150w, https:\/\/sueca13flores.com\/wp-content\/uploads\/2023\/06\/PRENDIDOS-NAT-100x100.jpg 100w, https:\/\/sueca13flores.com\/wp-content\/uploads\/2023\/06\/PRENDIDOS-NAT.jpg 200w\" sizes=\"auto, (max-width: 150px) 100vw, 150px\" \/><\/a>\n\t\t\t<\/div>\n\t\t\t\t<figcaption class='wp-caption-text gallery-caption' id='gallery-1-693'>\n\t\t\t\tPrendido\n\t\t\t\t<\/figcaption><\/figure><figure class='gallery-item'>\n\t\t\t<div class='gallery-icon portrait'>\n\t\t\t\t<a href='https:\/\/sueca13flores.com\/fr\/mariages\/bouquet-de-fleurs-fraiches\/#main'><img loading=\"lazy\" decoding=\"async\" width=\"150\" height=\"150\" src=\"https:\/\/sueca13flores.com\/wp-content\/uploads\/2023\/06\/RAMO-FLOR-FRESCA-150x150.jpg\" class=\"attachment-thumbnail size-thumbnail\" alt=\"\" aria-describedby=\"gallery-1-694\" srcset=\"https:\/\/sueca13flores.com\/wp-content\/uploads\/2023\/06\/RAMO-FLOR-FRESCA-150x150.jpg 150w, https:\/\/sueca13flores.com\/wp-content\/uploads\/2023\/06\/RAMO-FLOR-FRESCA-300x300.jpg 300w, https:\/\/sueca13flores.com\/wp-content\/uploads\/2023\/06\/RAMO-FLOR-FRESCA-100x100.jpg 100w\" sizes=\"auto, (max-width: 150px) 100vw, 150px\" \/><\/a>\n\t\t\t<\/div>\n\t\t\t\t<figcaption class='wp-caption-text gallery-caption' id='gallery-1-694'>\n\t\t\t\tBouquet de mari\u00e9e\n\t\t\t\t<\/figcaption><\/figure><figure class='gallery-item'>\n\t\t\t<div class='gallery-icon landscape'>\n\t\t\t\t<a href='https:\/\/sueca13flores.com\/fr\/mariages\/bouquet-de-pivoines-2\/#main'><img loading=\"lazy\" decoding=\"async\" width=\"150\" height=\"150\" src=\"https:\/\/sueca13flores.com\/wp-content\/uploads\/2023\/06\/RAMO-PEONIAS-2-150x150.jpg\" class=\"attachment-thumbnail size-thumbnail\" alt=\"\" aria-describedby=\"gallery-1-695\" srcset=\"https:\/\/sueca13flores.com\/wp-content\/uploads\/2023\/06\/RAMO-PEONIAS-2-150x150.jpg 150w, https:\/\/sueca13flores.com\/wp-content\/uploads\/2023\/06\/RAMO-PEONIAS-2-300x300.jpg 300w, https:\/\/sueca13flores.com\/wp-content\/uploads\/2023\/06\/RAMO-PEONIAS-2-100x100.jpg 100w\" sizes=\"auto, (max-width: 150px) 100vw, 150px\" \/><\/a>\n\t\t\t<\/div>\n\t\t\t\t<figcaption class='wp-caption-text gallery-caption' id='gallery-1-695'>\n\t\t\t\tBouquet de pivoines\n\t\t\t\t<\/figcaption><\/figure><figure class='gallery-item'>\n\t\t\t<div class='gallery-icon portrait'>\n\t\t\t\t<a href='https:\/\/sueca13flores.com\/fr\/mariages\/gateau-de-fleurs\/#main'><img loading=\"lazy\" decoding=\"async\" width=\"150\" height=\"150\" src=\"https:\/\/sueca13flores.com\/wp-content\/uploads\/2023\/06\/TARTA-FLORES-150x150.jpg\" class=\"attachment-thumbnail size-thumbnail\" alt=\"\" aria-describedby=\"gallery-1-696\" srcset=\"https:\/\/sueca13flores.com\/wp-content\/uploads\/2023\/06\/TARTA-FLORES-150x150.jpg 150w, https:\/\/sueca13flores.com\/wp-content\/uploads\/2023\/06\/TARTA-FLORES-300x300.jpg 300w, https:\/\/sueca13flores.com\/wp-content\/uploads\/2023\/06\/TARTA-FLORES-100x100.jpg 100w\" sizes=\"auto, (max-width: 150px) 100vw, 150px\" \/><\/a>\n\t\t\t<\/div>\n\t\t\t\t<figcaption class='wp-caption-text gallery-caption' id='gallery-1-696'>\n\t\t\t\tG\u00e2teau de mariage \u00e0 la fleur\n\t\t\t\t<\/figcaption><\/figure><figure class='gallery-item'>\n\t\t\t<div class='gallery-icon portrait'>\n\t\t\t\t<a href='https:\/\/sueca13flores.com\/fr\/mariages\/20230602_174755\/#main'><img loading=\"lazy\" decoding=\"async\" width=\"150\" height=\"150\" src=\"https:\/\/sueca13flores.com\/wp-content\/uploads\/2023\/06\/20230602_174755-150x150.jpg\" class=\"attachment-thumbnail size-thumbnail\" alt=\"\" aria-describedby=\"gallery-1-697\" srcset=\"https:\/\/sueca13flores.com\/wp-content\/uploads\/2023\/06\/20230602_174755-150x150.jpg 150w, https:\/\/sueca13flores.com\/wp-content\/uploads\/2023\/06\/20230602_174755-scaled-300x300.jpg 300w, https:\/\/sueca13flores.com\/wp-content\/uploads\/2023\/06\/20230602_174755-scaled-100x100.jpg 100w\" sizes=\"auto, (max-width: 150px) 100vw, 150px\" \/><\/a>\n\t\t\t<\/div>\n\t\t\t\t<figcaption class='wp-caption-text gallery-caption' id='gallery-1-697'>\n\t\t\t\tBouquet de mari\u00e9e\n\t\t\t\t<\/figcaption><\/figure><figure class='gallery-item'>\n\t\t\t<div class='gallery-icon portrait'>\n\t\t\t\t<a href='https:\/\/sueca13flores.com\/fr\/mariages\/20230602_174923\/#main'><img loading=\"lazy\" decoding=\"async\" width=\"150\" height=\"150\" src=\"https:\/\/sueca13flores.com\/wp-content\/uploads\/2023\/06\/20230602_174923-150x150.jpg\" class=\"attachment-thumbnail size-thumbnail\" alt=\"\" aria-describedby=\"gallery-1-698\" srcset=\"https:\/\/sueca13flores.com\/wp-content\/uploads\/2023\/06\/20230602_174923-150x150.jpg 150w, https:\/\/sueca13flores.com\/wp-content\/uploads\/2023\/06\/20230602_174923-scaled-300x300.jpg 300w, https:\/\/sueca13flores.com\/wp-content\/uploads\/2023\/06\/20230602_174923-scaled-100x100.jpg 100w\" sizes=\"auto, (max-width: 150px) 100vw, 150px\" \/><\/a>\n\t\t\t<\/div>\n\t\t\t\t<figcaption class='wp-caption-text gallery-caption' id='gallery-1-698'>\n\t\t\t\tInt\u00e9rieur d\u00e9co\n\t\t\t\t<\/figcaption><\/figure><figure class='gallery-item'>\n\t\t\t<div class='gallery-icon portrait'>\n\t\t\t\t<a href='https:\/\/sueca13flores.com\/fr\/mariages\/20230602_175004\/#main'><img loading=\"lazy\" decoding=\"async\" width=\"150\" height=\"150\" src=\"https:\/\/sueca13flores.com\/wp-content\/uploads\/2023\/06\/20230602_175004-150x150.jpg\" class=\"attachment-thumbnail size-thumbnail\" alt=\"\" aria-describedby=\"gallery-1-699\" srcset=\"https:\/\/sueca13flores.com\/wp-content\/uploads\/2023\/06\/20230602_175004-150x150.jpg 150w, https:\/\/sueca13flores.com\/wp-content\/uploads\/2023\/06\/20230602_175004-scaled-300x300.jpg 300w, https:\/\/sueca13flores.com\/wp-content\/uploads\/2023\/06\/20230602_175004-scaled-100x100.jpg 100w\" sizes=\"auto, (max-width: 150px) 100vw, 150px\" \/><\/a>\n\t\t\t<\/div>\n\t\t\t\t<figcaption class='wp-caption-text gallery-caption' id='gallery-1-699'>\n\t\t\t\tCentre de la table principale\n\t\t\t\t<\/figcaption><\/figure><figure class='gallery-item'>\n\t\t\t<div class='gallery-icon portrait'>\n\t\t\t\t<a href='https:\/\/sueca13flores.com\/fr\/mariages\/img-20220612-wa0023\/#main'><img loading=\"lazy\" decoding=\"async\" width=\"150\" height=\"150\" src=\"https:\/\/sueca13flores.com\/wp-content\/uploads\/2023\/06\/IMG-20220612-WA0023-150x150.jpg\" class=\"attachment-thumbnail size-thumbnail\" alt=\"\" aria-describedby=\"gallery-1-700\" srcset=\"https:\/\/sueca13flores.com\/wp-content\/uploads\/2023\/06\/IMG-20220612-WA0023-150x150.jpg 150w, https:\/\/sueca13flores.com\/wp-content\/uploads\/2023\/06\/IMG-20220612-WA0023-300x300.jpg 300w, https:\/\/sueca13flores.com\/wp-content\/uploads\/2023\/06\/IMG-20220612-WA0023-100x100.jpg 100w\" sizes=\"auto, (max-width: 150px) 100vw, 150px\" \/><\/a>\n\t\t\t<\/div>\n\t\t\t\t<figcaption class='wp-caption-text gallery-caption' id='gallery-1-700'>\n\t\t\t\tCouronne florale\n\t\t\t\t<\/figcaption><\/figure><figure class='gallery-item'>\n\t\t\t<div class='gallery-icon portrait'>\n\t\t\t\t<a href='https:\/\/sueca13flores.com\/fr\/mariages\/voiture\/#main'><img loading=\"lazy\" decoding=\"async\" width=\"150\" height=\"150\" src=\"https:\/\/sueca13flores.com\/wp-content\/uploads\/2023\/06\/coche-150x150.jpg\" class=\"attachment-thumbnail size-thumbnail\" alt=\"\" aria-describedby=\"gallery-1-702\" srcset=\"https:\/\/sueca13flores.com\/wp-content\/uploads\/2023\/06\/coche-150x150.jpg 150w, https:\/\/sueca13flores.com\/wp-content\/uploads\/2023\/06\/coche-300x300.jpg 300w, https:\/\/sueca13flores.com\/wp-content\/uploads\/2023\/06\/coche-100x100.jpg 100w\" sizes=\"auto, (max-width: 150px) 100vw, 150px\" \/><\/a>\n\t\t\t<\/div>\n\t\t\t\t<figcaption class='wp-caption-text gallery-caption' id='gallery-1-702'>\n\t\t\t\tArrangement floral pour voiture\n\t\t\t\t<\/figcaption><\/figure><figure class='gallery-item'>\n\t\t\t<div class='gallery-icon portrait'>\n\t\t\t\t<a href='https:\/\/sueca13flores.com\/fr\/mariages\/voiture2\/#main'><img loading=\"lazy\" decoding=\"async\" width=\"150\" height=\"150\" src=\"https:\/\/sueca13flores.com\/wp-content\/uploads\/2023\/06\/coche2-150x150.jpg\" class=\"attachment-thumbnail size-thumbnail\" alt=\"\" aria-describedby=\"gallery-1-703\" srcset=\"https:\/\/sueca13flores.com\/wp-content\/uploads\/2023\/06\/coche2-150x150.jpg 150w, https:\/\/sueca13flores.com\/wp-content\/uploads\/2023\/06\/coche2-300x300.jpg 300w, https:\/\/sueca13flores.com\/wp-content\/uploads\/2023\/06\/coche2-100x100.jpg 100w\" sizes=\"auto, (max-width: 150px) 100vw, 150px\" \/><\/a>\n\t\t\t<\/div>\n\t\t\t\t<figcaption class='wp-caption-text gallery-caption' id='gallery-1-703'>\n\t\t\t\tArrangement floral pour voiture\n\t\t\t\t<\/figcaption><\/figure>\n\t\t<\/div>\n\n<p>&nbsp;<\/p>","protected":false},"excerpt":{"rendered":"<p>En Sueca 13 ofrecemos un servicio de decoraci\u00f3n floral de alta calidad, dise\u00f1ado para convertir tu d\u00eda especial en un evento m\u00e1gico y lleno de encanto. D\u00e9jate seducir por nuestros dise\u00f1os florales y\u00a0 crea una experiencia inolvidable para ti y las personas invitadas que desees que te acompa\u00f1en.\u00a0 Realizamos decoraciones de todos los estilos, tanto &#8230; <a title=\"Mariages\" class=\"read-more\" href=\"https:\/\/sueca13flores.com\/fr\/mariages\/\" aria-label=\"En savoir plus sur Bodas\">Lire la suite<\/a><\/p>","protected":false},"author":2,"featured_media":690,"parent":0,"menu_order":0,"comment_status":"closed","ping_status":"closed","template":"","meta":{"footnotes":""},"class_list":["post-637","page","type-page","status-publish","has-post-thumbnail"],"_links":{"self":[{"href":"https:\/\/sueca13flores.com\/fr\/wp-json\/wp\/v2\/pages\/637","targetHints":{"allow":["GET"]}}],"collection":[{"href":"https:\/\/sueca13flores.com\/fr\/wp-json\/wp\/v2\/pages"}],"about":[{"href":"https:\/\/sueca13flores.com\/fr\/wp-json\/wp\/v2\/types\/page"}],"author":[{"embeddable":true,"href":"https:\/\/sueca13flores.com\/fr\/wp-json\/wp\/v2\/users\/2"}],"replies":[{"embeddable":true,"href":"https:\/\/sueca13flores.com\/fr\/wp-json\/wp\/v2\/comments?post=637"}],"version-history":[{"count":6,"href":"https:\/\/sueca13flores.com\/fr\/wp-json\/wp\/v2\/pages\/637\/revisions"}],"predecessor-version":[{"id":738,"href":"https:\/\/sueca13flores.com\/fr\/wp-json\/wp\/v2\/pages\/637\/revisions\/738"}],"wp:featuredmedia":[{"embeddable":true,"href":"https:\/\/sueca13flores.com\/fr\/wp-json\/wp\/v2\/media\/690"}],"wp:attachment":[{"href":"https:\/\/sueca13flores.com\/fr\/wp-json\/wp\/v2\/media?parent=637"}],"curies":[{"name":"wp","href":"https:\/\/api.w.org\/{rel}","templated":true}]}}