{"id":639,"date":"2023-06-07T13:34:48","date_gmt":"2023-06-07T11:34:48","guid":{"rendered":"https:\/\/sueca13flores.com\/?page_id=639"},"modified":"2023-06-16T12:12:51","modified_gmt":"2023-06-16T10:12:51","slug":"ateliers-et-activites","status":"publish","type":"page","link":"https:\/\/sueca13flores.com\/fr\/ateliers-et-activites\/","title":{"rendered":"Ateliers et activit\u00e9s\u00a0"},"content":{"rendered":"<p>D\u00e9couvrez votre passion pour les fleurs et les cr\u00e9ations florales faites \u00e0 la main.<\/p>\n<p>Avec nos ateliers, vous \u00e9veillerez votre cr\u00e9ativit\u00e9 et vous serez en contact avec des mat\u00e9riaux naturels qui enivreront vos sens.<\/p>\n<p>Nous organisons des ateliers de groupe tout au long de l'ann\u00e9e : terrariums, kokedamas, couronnes de No\u00ebl, techniques florales pour composer des centres de table en fleurs fra\u00eeches ou conserv\u00e9es.<\/p>\n<p>Nous avons une section sp\u00e9ciale pour les ateliers destin\u00e9s aux enfants. Vous pouvez r\u00e9server nos ateliers pour enfants comme cadeau d'anniversaire, pour une f\u00eate de groupe priv\u00e9e ou garder un \u0153il sur les m\u00e9dias sociaux pour les ateliers de groupe que nous organisons \u00e0 P\u00e2ques, \u00e0 No\u00ebl et \u00e0 Halloween.<\/p>\n<p>Dans nos ateliers, vous apprendrez \u00e0 s\u00e9lectionner les bonnes fleurs, \u00e0 combiner les couleurs et les textures, et \u00e0 utiliser les outils floraux de mani\u00e8re experte. Chaque atelier est l'occasion d'explorer votre c\u00f4t\u00e9 cr\u00e9atif et de d\u00e9couvrir l'art de travailler les fleurs d'une mani\u00e8re unique.<\/p>\n<p>Outre l'apprentissage de techniques florales, nos ateliers offrent \u00e9galement une exp\u00e9rience enrichissante et amusante. Vous rencontrerez d'autres passionn\u00e9s de fleurs, \u00e9changerez des id\u00e9es et profiterez d'une atmosph\u00e8re chaleureuse et conviviale. Pendant les ateliers, nous offrons un verre de vin biologique et des croquettes faites maison dans le quartier.<\/p>\n<p>Nous proposons \u00e9galement des ateliers \u00e0 th\u00e8me saisonnier o\u00f9 vous apprendrez \u00e0 cr\u00e9er des compositions florales pour No\u00ebl, les mariages, la Saint-Valentin et bien d'autres choses encore. Laissez libre cours \u00e0 votre imagination et trouvez l'atelier floral qui vous convient le mieux !<\/p>\n<p>Nous nous engageons \u00e0 ce que vous soyez satisfaits et que vous r\u00e9ussissiez dans nos ateliers. C'est pourquoi nous nous effor\u00e7ons de vous offrir une exp\u00e9rience \u00e9ducative et passionnante qui vous donnera envie de continuer \u00e0 explorer le monde des fleurs. Notre objectif est que vous quittiez nos ateliers avec de nouvelles comp\u00e9tences, de la confiance et une passion renouvel\u00e9e pour la beaut\u00e9 des fleurs.<\/p>\n<p>Ne manquez pas l'occasion de d\u00e9couvrir avec nous le monde merveilleux des ateliers floraux. R\u00e9servez votre atelier floral priv\u00e9 par le biais de notre <a href=\"https:\/\/sueca13flores.com\/fr\/contact\/\"><strong>formulaire de contact<\/strong><\/a>ou par t\u00e9l\u00e9phone, et invitez vos amis, coll\u00e8gues, famille .... et pr\u00e9parez-vous \u00e0 vous immerger dans une exp\u00e9rience florale unique. R\u00e9veillez votre cr\u00e9ativit\u00e9 et laissez vos mains cr\u00e9er de la beaut\u00e9 avec nos fleurs !\"<\/p>\n<p>&nbsp;<\/p>\n<div id='gallery-1' class='gallery galleryid-639 gallery-columns-2 gallery-size-medium'><figure class='gallery-item'>\n\t\t\t<div class='gallery-icon portrait'>\n\t\t\t\t<a href='https:\/\/sueca13flores.com\/fr\/ateliers-et-activites\/20221029_114223\/#main'><img loading=\"lazy\" decoding=\"async\" width=\"225\" height=\"300\" src=\"https:\/\/sueca13flores.com\/wp-content\/uploads\/2023\/06\/20221029_114223-225x300.jpg\" class=\"attachment-medium size-medium\" alt=\"\" aria-describedby=\"gallery-1-707\" srcset=\"https:\/\/sueca13flores.com\/wp-content\/uploads\/2023\/06\/20221029_114223-225x300.jpg 225w, https:\/\/sueca13flores.com\/wp-content\/uploads\/2023\/06\/20221029_114223-scaled-600x800.jpg 600w, https:\/\/sueca13flores.com\/wp-content\/uploads\/2023\/06\/20221029_114223-768x1024.jpg 768w, https:\/\/sueca13flores.com\/wp-content\/uploads\/2023\/06\/20221029_114223-1152x1536.jpg 1152w, https:\/\/sueca13flores.com\/wp-content\/uploads\/2023\/06\/20221029_114223-1536x2048.jpg 1536w, https:\/\/sueca13flores.com\/wp-content\/uploads\/2023\/06\/20221029_114223-scaled.jpg 1920w\" sizes=\"auto, (max-width: 225px) 100vw, 225px\" \/><\/a>\n\t\t\t<\/div>\n\t\t\t\t<figcaption class='wp-caption-text gallery-caption' id='gallery-1-707'>\n\t\t\t\tAtelier Halloween pour les enfants\n\t\t\t\t<\/figcaption><\/figure><figure class='gallery-item'>\n\t\t\t<div class='gallery-icon portrait'>\n\t\t\t\t<a href='https:\/\/sueca13flores.com\/fr\/ateliers-et-activites\/20221126_114719\/#main'><img loading=\"lazy\" decoding=\"async\" width=\"225\" height=\"300\" src=\"https:\/\/sueca13flores.com\/wp-content\/uploads\/2023\/06\/20221126_114719-225x300.jpg\" class=\"attachment-medium size-medium\" alt=\"\" aria-describedby=\"gallery-1-708\" srcset=\"https:\/\/sueca13flores.com\/wp-content\/uploads\/2023\/06\/20221126_114719-225x300.jpg 225w, https:\/\/sueca13flores.com\/wp-content\/uploads\/2023\/06\/20221126_114719-scaled-600x800.jpg 600w, https:\/\/sueca13flores.com\/wp-content\/uploads\/2023\/06\/20221126_114719-768x1024.jpg 768w, https:\/\/sueca13flores.com\/wp-content\/uploads\/2023\/06\/20221126_114719-1152x1536.jpg 1152w, https:\/\/sueca13flores.com\/wp-content\/uploads\/2023\/06\/20221126_114719-1536x2048.jpg 1536w, https:\/\/sueca13flores.com\/wp-content\/uploads\/2023\/06\/20221126_114719-scaled.jpg 1920w\" sizes=\"auto, (max-width: 225px) 100vw, 225px\" \/><\/a>\n\t\t\t<\/div>\n\t\t\t\t<figcaption class='wp-caption-text gallery-caption' id='gallery-1-708'>\n\t\t\t\tAtelier de No\u00ebl\n\t\t\t\t<\/figcaption><\/figure><figure class='gallery-item'>\n\t\t\t<div class='gallery-icon portrait'>\n\t\t\t\t<a href='https:\/\/sueca13flores.com\/fr\/ateliers-et-activites\/20221126_131054-2\/#main'><img loading=\"lazy\" decoding=\"async\" width=\"225\" height=\"300\" src=\"https:\/\/sueca13flores.com\/wp-content\/uploads\/2023\/06\/20221126_131054-1-225x300.jpg\" class=\"attachment-medium size-medium\" alt=\"\" aria-describedby=\"gallery-1-709\" srcset=\"https:\/\/sueca13flores.com\/wp-content\/uploads\/2023\/06\/20221126_131054-1-225x300.jpg 225w, https:\/\/sueca13flores.com\/wp-content\/uploads\/2023\/06\/20221126_131054-1-scaled-600x800.jpg 600w, https:\/\/sueca13flores.com\/wp-content\/uploads\/2023\/06\/20221126_131054-1-768x1024.jpg 768w, https:\/\/sueca13flores.com\/wp-content\/uploads\/2023\/06\/20221126_131054-1-1152x1536.jpg 1152w, https:\/\/sueca13flores.com\/wp-content\/uploads\/2023\/06\/20221126_131054-1-1536x2048.jpg 1536w, https:\/\/sueca13flores.com\/wp-content\/uploads\/2023\/06\/20221126_131054-1-scaled.jpg 1920w\" sizes=\"auto, (max-width: 225px) 100vw, 225px\" \/><\/a>\n\t\t\t<\/div>\n\t\t\t\t<figcaption class='wp-caption-text gallery-caption' id='gallery-1-709'>\n\t\t\t\tAtelier couronnes de No\u00ebl\n\t\t\t\t<\/figcaption><\/figure><figure class='gallery-item'>\n\t\t\t<div class='gallery-icon portrait'>\n\t\t\t\t<a href='https:\/\/sueca13flores.com\/fr\/ateliers-et-activites\/20221203_104734\/#main'><img loading=\"lazy\" decoding=\"async\" width=\"225\" height=\"300\" src=\"https:\/\/sueca13flores.com\/wp-content\/uploads\/2023\/06\/20221203_104734-225x300.jpg\" class=\"attachment-medium size-medium\" alt=\"\" aria-describedby=\"gallery-1-710\" srcset=\"https:\/\/sueca13flores.com\/wp-content\/uploads\/2023\/06\/20221203_104734-225x300.jpg 225w, https:\/\/sueca13flores.com\/wp-content\/uploads\/2023\/06\/20221203_104734-scaled-600x800.jpg 600w, https:\/\/sueca13flores.com\/wp-content\/uploads\/2023\/06\/20221203_104734-768x1024.jpg 768w, https:\/\/sueca13flores.com\/wp-content\/uploads\/2023\/06\/20221203_104734-1152x1536.jpg 1152w, https:\/\/sueca13flores.com\/wp-content\/uploads\/2023\/06\/20221203_104734-1536x2048.jpg 1536w, https:\/\/sueca13flores.com\/wp-content\/uploads\/2023\/06\/20221203_104734-scaled.jpg 1920w\" sizes=\"auto, (max-width: 225px) 100vw, 225px\" \/><\/a>\n\t\t\t<\/div>\n\t\t\t\t<figcaption class='wp-caption-text gallery-caption' id='gallery-1-710'>\n\t\t\t\tCentres de table des ateliers\n\t\t\t\t<\/figcaption><\/figure>\n\t\t<\/div>","protected":false},"excerpt":{"rendered":"<p>Descubre tu Pasi\u00f3n por las Flores y por las creaciones Florales Handmade. Con nuestros talleres despertar\u00e1s tu creatividad y estar\u00e1s en contacto con materiales naturales, que embriagar\u00e1n tus sentidos. Realizamos talleres grupales durante todo el a\u00f1o, desde terrarios, kokedamas, coronas navide\u00f1as, as\u00ed como t\u00e9cnicas florales para composici\u00f3n de centros de flor fresca y flor preservada. &#8230; <a title=\"Ateliers et activit\u00e9s\u00a0\" class=\"read-more\" href=\"https:\/\/sueca13flores.com\/fr\/ateliers-et-activites\/\" aria-label=\"En savoir plus sur Talleres y Actividades\u00a0\">Lire la suite<\/a><\/p>","protected":false},"author":2,"featured_media":706,"parent":0,"menu_order":0,"comment_status":"closed","ping_status":"closed","template":"","meta":{"footnotes":""},"class_list":["post-639","page","type-page","status-publish","has-post-thumbnail"],"_links":{"self":[{"href":"https:\/\/sueca13flores.com\/fr\/wp-json\/wp\/v2\/pages\/639","targetHints":{"allow":["GET"]}}],"collection":[{"href":"https:\/\/sueca13flores.com\/fr\/wp-json\/wp\/v2\/pages"}],"about":[{"href":"https:\/\/sueca13flores.com\/fr\/wp-json\/wp\/v2\/types\/page"}],"author":[{"embeddable":true,"href":"https:\/\/sueca13flores.com\/fr\/wp-json\/wp\/v2\/users\/2"}],"replies":[{"embeddable":true,"href":"https:\/\/sueca13flores.com\/fr\/wp-json\/wp\/v2\/comments?post=639"}],"version-history":[{"count":5,"href":"https:\/\/sueca13flores.com\/fr\/wp-json\/wp\/v2\/pages\/639\/revisions"}],"predecessor-version":[{"id":739,"href":"https:\/\/sueca13flores.com\/fr\/wp-json\/wp\/v2\/pages\/639\/revisions\/739"}],"wp:featuredmedia":[{"embeddable":true,"href":"https:\/\/sueca13flores.com\/fr\/wp-json\/wp\/v2\/media\/706"}],"wp:attachment":[{"href":"https:\/\/sueca13flores.com\/fr\/wp-json\/wp\/v2\/media?parent=639"}],"curies":[{"name":"wp","href":"https:\/\/api.w.org\/{rel}","templated":true}]}}