{"id":641,"date":"2023-06-07T13:35:15","date_gmt":"2023-06-07T11:35:15","guid":{"rendered":"https:\/\/sueca13flores.com\/?page_id=641"},"modified":"2023-06-15T12:17:53","modified_gmt":"2023-06-15T10:17:53","slug":"decorations-florales","status":"publish","type":"page","link":"https:\/\/sueca13flores.com\/fr\/decorations-florales\/","title":{"rendered":"D\u00e9coration florale"},"content":{"rendered":"<p>Nous vous invitons \u00e0 d\u00e9couvrir un monde de d\u00e9corations florales uniques et captivantes pour vos \u00e9v\u00e9nements, vos f\u00eates \u00e0 th\u00e8me et vos espaces gastronomiques. Notre approche est bas\u00e9e sur l'utilisation de fleurs saisonni\u00e8res et produites localement, chaque fois que la vari\u00e9t\u00e9 de fleurs dont vous avez besoin le permet, apportant une touche fra\u00eeche, authentique et durable \u00e0 chaque conception florale.<\/p>\n<p>Nous cr\u00e9ons des d\u00e9corations florales personnalis\u00e9es et \u00e0 th\u00e8me qui s'adaptent \u00e0 l'atmosph\u00e8re et au style de votre \u00e9v\u00e9nement. Qu'il s'agisse d'une c\u00e9l\u00e9bration romantique, d'une f\u00eate vibrante sur le th\u00e8me des tropiques ou d'une salle \u00e0 manger \u00e9l\u00e9gante, nous veillons \u00e0 ce que chaque d\u00e9tail refl\u00e8te votre vision cr\u00e9ative.<\/p>\n<p>Ce qui nous distingue, c'est notre passion pour les fleurs saisonni\u00e8res et produites localement. Nous travaillons en \u00e9troite collaboration avec les producteurs locaux pour obtenir les fleurs les plus fra\u00eeches et les plus belles pour chaque saison. Cela permet non seulement de garantir la qualit\u00e9 de nos cr\u00e9ations, mais aussi de soutenir la communaut\u00e9 et de promouvoir le d\u00e9veloppement durable.<\/p>\n<p>Nous utilisons une combinaison de fleurs de saison, de verdure luxuriante et d'\u00e9l\u00e9ments d\u00e9coratifs compl\u00e9mentaires pour cr\u00e9er des compositions \u00e9tonnantes et \u00e9quilibr\u00e9es. Nous nous effor\u00e7ons de faire ressortir la beaut\u00e9 naturelle de chaque fleur et de cr\u00e9er des compositions qui captivent les sens et laissent une impression durable sur vos invit\u00e9s.<\/p>\n<p>Notre service de d\u00e9coration florale pour les \u00e9v\u00e9nements et les lieux gastronomiques est hautement personnalis\u00e9. Nous prenons le temps de conna\u00eetre vos go\u00fbts, vos pr\u00e9f\u00e9rences et le th\u00e8me de votre \u00e9v\u00e9nement, afin de nous assurer que chaque d\u00e9tail floral s'aligne parfaitement sur votre vision. Des centres de table aux arcs floraux et aux guirlandes, chaque \u00e9l\u00e9ment floral est con\u00e7u pour transmettre une histoire et cr\u00e9er une atmosph\u00e8re magique.<\/p>\n<p>Surprenez vos invit\u00e9s ou vos clients et cr\u00e9ez des exp\u00e9riences m\u00e9morables gr\u00e2ce \u00e0 nos d\u00e9corations florales. R\u00e9servez une consultation personnalis\u00e9e et laissez-nous vous montrer comment nos fleurs fra\u00eeches, produites localement, peuvent transformer vos espaces en un cadre verdoyant et \u00e9quilibr\u00e9.<\/p>\n<p>Osez faire la diff\u00e9rence avec nos d\u00e9corations florales pour les \u00e9v\u00e9nements et les espaces gastronomiques. Mettez en valeur la beaut\u00e9 des fleurs de saison et soutenez les producteurs locaux tout en cr\u00e9ant une atmosph\u00e8re charmante.<\/p>\n<div id='gallery-1' class='gallery galleryid-641 gallery-columns-2 gallery-size-medium'><figure class='gallery-item'>\n\t\t\t<div class='gallery-icon landscape'>\n\t\t\t\t<a href='https:\/\/sueca13flores.com\/fr\/decorations-florales\/image-pour-le-mariage\/#main'><img loading=\"lazy\" decoding=\"async\" width=\"300\" height=\"300\" src=\"https:\/\/sueca13flores.com\/wp-content\/uploads\/2023\/06\/imagen-para-boda-300x300.jpg\" class=\"attachment-medium size-medium\" alt=\"\" srcset=\"https:\/\/sueca13flores.com\/wp-content\/uploads\/2023\/06\/imagen-para-boda-300x300.jpg 300w, https:\/\/sueca13flores.com\/wp-content\/uploads\/2023\/06\/imagen-para-boda-100x100.jpg 100w, https:\/\/sueca13flores.com\/wp-content\/uploads\/2023\/06\/imagen-para-boda-600x600.jpg 600w, https:\/\/sueca13flores.com\/wp-content\/uploads\/2023\/06\/imagen-para-boda-150x150.jpg 150w, https:\/\/sueca13flores.com\/wp-content\/uploads\/2023\/06\/imagen-para-boda-768x768.jpg 768w, https:\/\/sueca13flores.com\/wp-content\/uploads\/2023\/06\/imagen-para-boda.jpg 921w\" sizes=\"auto, (max-width: 300px) 100vw, 300px\" \/><\/a>\n\t\t\t<\/div><\/figure><figure class='gallery-item'>\n\t\t\t<div class='gallery-icon landscape'>\n\t\t\t\t<a href='https:\/\/sueca13flores.com\/fr\/decorations-florales\/img-20211004-wa0003\/#main'><img loading=\"lazy\" decoding=\"async\" width=\"300\" height=\"200\" src=\"https:\/\/sueca13flores.com\/wp-content\/uploads\/2023\/06\/IMG-20211004-WA0003-300x200.jpg\" class=\"attachment-medium size-medium\" alt=\"\" srcset=\"https:\/\/sueca13flores.com\/wp-content\/uploads\/2023\/06\/IMG-20211004-WA0003-300x200.jpg 300w, https:\/\/sueca13flores.com\/wp-content\/uploads\/2023\/06\/IMG-20211004-WA0003-600x400.jpg 600w, https:\/\/sueca13flores.com\/wp-content\/uploads\/2023\/06\/IMG-20211004-WA0003-1024x683.jpg 1024w, https:\/\/sueca13flores.com\/wp-content\/uploads\/2023\/06\/IMG-20211004-WA0003-768x512.jpg 768w, https:\/\/sueca13flores.com\/wp-content\/uploads\/2023\/06\/IMG-20211004-WA0003-1536x1024.jpg 1536w, https:\/\/sueca13flores.com\/wp-content\/uploads\/2023\/06\/IMG-20211004-WA0003.jpg 2048w\" sizes=\"auto, (max-width: 300px) 100vw, 300px\" \/><\/a>\n\t\t\t<\/div><\/figure><figure class='gallery-item'>\n\t\t\t<div class='gallery-icon landscape'>\n\t\t\t\t<a href='https:\/\/sueca13flores.com\/fr\/decorations-florales\/img-20220612-wa0017\/#main'><img loading=\"lazy\" decoding=\"async\" width=\"300\" height=\"225\" src=\"https:\/\/sueca13flores.com\/wp-content\/uploads\/2023\/06\/IMG-20220612-WA0017-300x225.jpg\" class=\"attachment-medium size-medium\" alt=\"\" srcset=\"https:\/\/sueca13flores.com\/wp-content\/uploads\/2023\/06\/IMG-20220612-WA0017-300x225.jpg 300w, https:\/\/sueca13flores.com\/wp-content\/uploads\/2023\/06\/IMG-20220612-WA0017-600x450.jpg 600w, https:\/\/sueca13flores.com\/wp-content\/uploads\/2023\/06\/IMG-20220612-WA0017-1024x768.jpg 1024w, https:\/\/sueca13flores.com\/wp-content\/uploads\/2023\/06\/IMG-20220612-WA0017-768x576.jpg 768w, https:\/\/sueca13flores.com\/wp-content\/uploads\/2023\/06\/IMG-20220612-WA0017-1536x1152.jpg 1536w, https:\/\/sueca13flores.com\/wp-content\/uploads\/2023\/06\/IMG-20220612-WA0017.jpg 1600w\" sizes=\"auto, (max-width: 300px) 100vw, 300px\" \/><\/a>\n\t\t\t<\/div><\/figure><figure class='gallery-item'>\n\t\t\t<div class='gallery-icon landscape'>\n\t\t\t\t<a href='https:\/\/sueca13flores.com\/fr\/decorations-florales\/img-20220613-wa0051\/#main'><img loading=\"lazy\" decoding=\"async\" width=\"300\" height=\"225\" src=\"https:\/\/sueca13flores.com\/wp-content\/uploads\/2023\/06\/IMG-20220613-WA0051-300x225.jpg\" class=\"attachment-medium size-medium\" alt=\"\" srcset=\"https:\/\/sueca13flores.com\/wp-content\/uploads\/2023\/06\/IMG-20220613-WA0051-300x225.jpg 300w, https:\/\/sueca13flores.com\/wp-content\/uploads\/2023\/06\/IMG-20220613-WA0051-600x450.jpg 600w, https:\/\/sueca13flores.com\/wp-content\/uploads\/2023\/06\/IMG-20220613-WA0051-1024x768.jpg 1024w, https:\/\/sueca13flores.com\/wp-content\/uploads\/2023\/06\/IMG-20220613-WA0051-768x576.jpg 768w, https:\/\/sueca13flores.com\/wp-content\/uploads\/2023\/06\/IMG-20220613-WA0051-1536x1152.jpg 1536w, https:\/\/sueca13flores.com\/wp-content\/uploads\/2023\/06\/IMG-20220613-WA0051.jpg 1600w\" sizes=\"auto, (max-width: 300px) 100vw, 300px\" \/><\/a>\n\t\t\t<\/div><\/figure><figure class='gallery-item'>\n\t\t\t<div class='gallery-icon portrait'>\n\t\t\t\t<a href='https:\/\/sueca13flores.com\/fr\/decorations-florales\/img-20220614-wa0071\/#main'><img loading=\"lazy\" decoding=\"async\" width=\"135\" height=\"300\" src=\"https:\/\/sueca13flores.com\/wp-content\/uploads\/2023\/06\/IMG-20220614-WA0071-135x300.jpg\" class=\"attachment-medium size-medium\" alt=\"\" srcset=\"https:\/\/sueca13flores.com\/wp-content\/uploads\/2023\/06\/IMG-20220614-WA0071-135x300.jpg 135w, https:\/\/sueca13flores.com\/wp-content\/uploads\/2023\/06\/IMG-20220614-WA0071-600x1334.jpg 600w, https:\/\/sueca13flores.com\/wp-content\/uploads\/2023\/06\/IMG-20220614-WA0071-461x1024.jpg 461w, https:\/\/sueca13flores.com\/wp-content\/uploads\/2023\/06\/IMG-20220614-WA0071-768x1708.jpg 768w, https:\/\/sueca13flores.com\/wp-content\/uploads\/2023\/06\/IMG-20220614-WA0071-691x1536.jpg 691w, https:\/\/sueca13flores.com\/wp-content\/uploads\/2023\/06\/IMG-20220614-WA0071.jpg 921w\" sizes=\"auto, (max-width: 135px) 100vw, 135px\" \/><\/a>\n\t\t\t<\/div><\/figure>\n\t\t<\/div>\n\n<p>&nbsp;<\/p>","protected":false},"excerpt":{"rendered":"<p>Nous vous invitons \u00e0 d\u00e9couvrir un monde de d\u00e9corations florales uniques et captivantes pour vos \u00e9v\u00e9nements, f\u00eates \u00e0 th\u00e8me et espaces gastronomiques. Notre approche est bas\u00e9e sur l'utilisation de fleurs saisonni\u00e8res et produites localement, chaque fois que la vari\u00e9t\u00e9 de fleurs dont vous avez besoin le permet, apportant une touche de fra\u00eecheur, d'authenticit\u00e9 et de durabilit\u00e9 \u00e0 chaque \u00e9v\u00e9nement.... <a title=\"D\u00e9coration florale\" class=\"read-more\" href=\"https:\/\/sueca13flores.com\/fr\/decorations-florales\/\" aria-label=\"En savoir plus sur D\u00e9coration florale\">Lire la suite<\/a><\/p>","protected":false},"author":2,"featured_media":728,"parent":0,"menu_order":0,"comment_status":"closed","ping_status":"closed","template":"","meta":{"footnotes":""},"class_list":["post-641","page","type-page","status-publish","has-post-thumbnail"],"_links":{"self":[{"href":"https:\/\/sueca13flores.com\/fr\/wp-json\/wp\/v2\/pages\/641","targetHints":{"allow":["GET"]}}],"collection":[{"href":"https:\/\/sueca13flores.com\/fr\/wp-json\/wp\/v2\/pages"}],"about":[{"href":"https:\/\/sueca13flores.com\/fr\/wp-json\/wp\/v2\/types\/page"}],"author":[{"embeddable":true,"href":"https:\/\/sueca13flores.com\/fr\/wp-json\/wp\/v2\/users\/2"}],"replies":[{"embeddable":true,"href":"https:\/\/sueca13flores.com\/fr\/wp-json\/wp\/v2\/comments?post=641"}],"version-history":[{"count":4,"href":"https:\/\/sueca13flores.com\/fr\/wp-json\/wp\/v2\/pages\/641\/revisions"}],"predecessor-version":[{"id":734,"href":"https:\/\/sueca13flores.com\/fr\/wp-json\/wp\/v2\/pages\/641\/revisions\/734"}],"wp:featuredmedia":[{"embeddable":true,"href":"https:\/\/sueca13flores.com\/fr\/wp-json\/wp\/v2\/media\/728"}],"wp:attachment":[{"href":"https:\/\/sueca13flores.com\/fr\/wp-json\/wp\/v2\/media?parent=641"}],"curies":[{"name":"wp","href":"https:\/\/api.w.org\/{rel}","templated":true}]}}