{"id":643,"date":"2023-06-07T13:35:36","date_gmt":"2023-06-07T11:35:36","guid":{"rendered":"https:\/\/sueca13flores.com\/?page_id=643"},"modified":"2023-06-16T12:16:35","modified_gmt":"2023-06-16T10:16:35","slug":"fleurs-funeraires","status":"publish","type":"page","link":"https:\/\/sueca13flores.com\/fr\/fleurs-funeraires\/","title":{"rendered":"Fleurs pour les fun\u00e9railles"},"content":{"rendered":"<p>Dans les moments de perte et de deuil, nous proposons notre collection de fleurs et de couronnes fun\u00e9raires comme expression d'amour, de respect et de condol\u00e9ances.<\/p>\n<p>Nos fleurs et couronnes fun\u00e9raires constituent l'hommage floral id\u00e9al pour dire au revoir \u00e0 un \u00eatre cher et apporter du r\u00e9confort \u00e0 la famille et aux amis. Chaque arrangement floral est cr\u00e9\u00e9 avec des fleurs fra\u00eeches de haute qualit\u00e9, soigneusement s\u00e9lectionn\u00e9es pour transmettre un message d'amour, de paix et de r\u00e9confort.<\/p>\n<p>Nous comprenons l'importance de ces moments d\u00e9licats et nous nous engageons \u00e0 offrir un service respectueux, personnalis\u00e9 et imm\u00e9diat. Notre site Internet vous offre la s\u00e9curit\u00e9 de choisir et de personnaliser votre composition florale en personnalisant chaque d\u00e9tail. En raison de l'imm\u00e9diatet\u00e9 de la livraison, nous vous recommandons de nous contacter.<b>\u00a0par t\u00e9l\u00e9phone.<\/b><\/p>\n<p>Nous vous proposons des options de livraison rapides et discr\u00e8tes, garantissant que votre marque d'affection arrive au bon endroit, au bon moment et en temps voulu.<\/p>\n<p>Outre les centres de table et les couronnes fun\u00e9raires traditionnels, nous vous offrons la possibilit\u00e9 d'ajouter des d\u00e9tails sp\u00e9ciaux, tels que des rubans avec des messages personnalis\u00e9s ou l'incorporation des fleurs pr\u00e9f\u00e9r\u00e9es du d\u00e9funt. Chaque d\u00e9tail est soigneusement pris en compte pour que votre hommage floral soit unique et significatif.<\/p>\n<p>Faites confiance \u00e0 notre fleuriste pour vous offrir une exp\u00e9rience respectueuse et significative lorsque vous choisissez des couronnes fun\u00e9raires et des compositions florales. Honorez et souvenez-vous de vos proches avec beaut\u00e9 et dignit\u00e9 gr\u00e2ce \u00e0 nos arrangements floraux soigneusement con\u00e7us.<\/p>\n<p>&nbsp;<\/p>","protected":false},"excerpt":{"rendered":"<p>En momentos de p\u00e9rdida y duelo, ofrecemos nuestra colecci\u00f3n de centros de flores y coronas f\u00fanebres como una expresi\u00f3n de amor, respeto y condolencias. Nuestros centros de flores y coronas f\u00fanebres son el tributo floral perfecto para despedir a un ser querido y ofrecer consuelo a la familia y amigos. Cada arreglo floral es creado &#8230; <a title=\"Fleurs pour les fun\u00e9railles\" class=\"read-more\" href=\"https:\/\/sueca13flores.com\/fr\/fleurs-funeraires\/\" aria-label=\"En savoir plus sur Flores para Funeral\">Lire la suite<\/a><\/p>","protected":false},"author":2,"featured_media":714,"parent":0,"menu_order":0,"comment_status":"closed","ping_status":"closed","template":"","meta":{"footnotes":""},"class_list":["post-643","page","type-page","status-publish","has-post-thumbnail"],"_links":{"self":[{"href":"https:\/\/sueca13flores.com\/fr\/wp-json\/wp\/v2\/pages\/643","targetHints":{"allow":["GET"]}}],"collection":[{"href":"https:\/\/sueca13flores.com\/fr\/wp-json\/wp\/v2\/pages"}],"about":[{"href":"https:\/\/sueca13flores.com\/fr\/wp-json\/wp\/v2\/types\/page"}],"author":[{"embeddable":true,"href":"https:\/\/sueca13flores.com\/fr\/wp-json\/wp\/v2\/users\/2"}],"replies":[{"embeddable":true,"href":"https:\/\/sueca13flores.com\/fr\/wp-json\/wp\/v2\/comments?post=643"}],"version-history":[{"count":4,"href":"https:\/\/sueca13flores.com\/fr\/wp-json\/wp\/v2\/pages\/643\/revisions"}],"predecessor-version":[{"id":740,"href":"https:\/\/sueca13flores.com\/fr\/wp-json\/wp\/v2\/pages\/643\/revisions\/740"}],"wp:featuredmedia":[{"embeddable":true,"href":"https:\/\/sueca13flores.com\/fr\/wp-json\/wp\/v2\/media\/714"}],"wp:attachment":[{"href":"https:\/\/sueca13flores.com\/fr\/wp-json\/wp\/v2\/media?parent=643"}],"curies":[{"name":"wp","href":"https:\/\/api.w.org\/{rel}","templated":true}]}}