{"id":644,"date":"2023-06-07T13:35:49","date_gmt":"2023-06-07T11:35:49","guid":{"rendered":"https:\/\/sueca13flores.com\/?page_id=644"},"modified":"2024-10-14T10:43:44","modified_gmt":"2024-10-14T08:43:44","slug":"location-de-plantes-naturelles","status":"publish","type":"page","link":"https:\/\/sueca13flores.com\/fr\/location-de-plantes-naturelles\/","title":{"rendered":"Location de plantes naturelles"},"content":{"rendered":"<p>Transformez vos espaces avec notre option exclusive de location de plantes.<\/p>\n<p>Nous vous offrons la possibilit\u00e9 de profiter de la beaut\u00e9 et de la fra\u00eecheur des plantes lors d'un \u00e9v\u00e9nement ou d'une c\u00e9l\u00e9bration, au bureau ou dans un espace, sans avoir \u00e0 les acheter de fa\u00e7on permanente. D\u00e9couvrez comment notre service de location de plantes peut apporter de la vie, du style et une touche de vert \u00e0 vos espaces.<\/p>\n<p>Notre collection de plantes \u00e0 louer comprend une vari\u00e9t\u00e9 d'options exquises et soigneusement s\u00e9lectionn\u00e9es. Des plantes d'int\u00e9rieur purificatrices d'air aux magnifiques foug\u00e8res et aux palmiers \u00e9l\u00e9gants, nous avons le compl\u00e9ment parfait pour tout style et tout environnement. Que vous soyez \u00e0 la recherche d'une superbe plante focale ou de plusieurs plantes pour cr\u00e9er un jardin d'int\u00e9rieur, nous avons ce qu'il vous faut.<\/p>\n<p>Nous proposons des options de location \u00e0 court et \u00e0 long terme, qui s'adaptent \u00e0 vos besoins et \u00e0 vos pr\u00e9f\u00e9rences. Nous nous chargeons \u00e9galement de la livraison et de l'enl\u00e8vement des plantes, afin que le processus se d\u00e9roule sans encombre et que vous puissiez profiter de la fra\u00eecheur et de la beaut\u00e9 de nos plantes en toute simplicit\u00e9.<\/p>\n<p>En plus d'embellir vos espaces, les plantes offrent \u00e9galement des avantages en mati\u00e8re de sant\u00e9 et de bien-\u00eatre, cr\u00e9ant ainsi un environnement plus relaxant et harmonieux.<\/p>\n<p>Nous vous proposons \u00e9galement des conseils personnalis\u00e9s pour vous aider \u00e0 choisir les plantes les plus adapt\u00e9es \u00e0 vos besoins et \u00e0 l'\u00e9clairage de vos espaces.<\/p>\n<p>Faites confiance \u00e0 notre exp\u00e9rience en mati\u00e8re de soins aux plantes et \u00e0 notre passion pour le design pour donner vie et style \u00e0 vos espaces gr\u00e2ce \u00e0 notre service de location de plantes.  Vous pouvez nous contacter<a href=\"https:\/\/sueca13flores.com\/fr\/contact\/\"><strong> via le formulaire<\/strong><\/a> ou par t\u00e9l\u00e9phone, et demandez-nous les plantes dont vous avez besoin et leur disponibilit\u00e9.<\/p>\n<p>N'attendez plus pour profiter de la fra\u00eecheur et de la beaut\u00e9 des plantes dans vos espaces. R\u00e9servez votre location de plantes avec nous et d\u00e9couvrez comment notre s\u00e9lection exclusive peut donner vie \u00e0 vos espaces. Embellissez, inspirez et cr\u00e9ez des environnements vibrants et accueillants gr\u00e2ce \u00e0 nos locations de plantes de haute qualit\u00e9.<\/p>\n<div id='gallery-1' class='gallery galleryid-644 gallery-columns-2 gallery-size-medium'><figure class='gallery-item'>\n\t\t\t<div class='gallery-icon portrait'>\n\t\t\t\t<a href='https:\/\/sueca13flores.com\/fr\/location-de-plantes-naturelles\/20230524_120425\/#main'><img loading=\"lazy\" decoding=\"async\" width=\"225\" height=\"300\" src=\"https:\/\/sueca13flores.com\/wp-content\/uploads\/2023\/06\/20230524_120425-225x300.jpg\" class=\"attachment-medium size-medium\" alt=\"\" srcset=\"https:\/\/sueca13flores.com\/wp-content\/uploads\/2023\/06\/20230524_120425-225x300.jpg 225w, https:\/\/sueca13flores.com\/wp-content\/uploads\/2023\/06\/20230524_120425-scaled-600x800.jpg 600w, https:\/\/sueca13flores.com\/wp-content\/uploads\/2023\/06\/20230524_120425-768x1024.jpg 768w, https:\/\/sueca13flores.com\/wp-content\/uploads\/2023\/06\/20230524_120425-1152x1536.jpg 1152w, https:\/\/sueca13flores.com\/wp-content\/uploads\/2023\/06\/20230524_120425-1536x2048.jpg 1536w, https:\/\/sueca13flores.com\/wp-content\/uploads\/2023\/06\/20230524_120425-scaled.jpg 1920w\" sizes=\"auto, (max-width: 225px) 100vw, 225px\" \/><\/a>\n\t\t\t<\/div><\/figure><figure class='gallery-item'>\n\t\t\t<div class='gallery-icon portrait'>\n\t\t\t\t<a href='https:\/\/sueca13flores.com\/fr\/location-de-plantes-naturelles\/20230606_110350\/#main'><img loading=\"lazy\" decoding=\"async\" width=\"225\" height=\"300\" src=\"https:\/\/sueca13flores.com\/wp-content\/uploads\/2023\/06\/20230606_110350-225x300.jpg\" class=\"attachment-medium size-medium\" alt=\"\" srcset=\"https:\/\/sueca13flores.com\/wp-content\/uploads\/2023\/06\/20230606_110350-225x300.jpg 225w, https:\/\/sueca13flores.com\/wp-content\/uploads\/2023\/06\/20230606_110350-scaled-600x800.jpg 600w, https:\/\/sueca13flores.com\/wp-content\/uploads\/2023\/06\/20230606_110350-768x1024.jpg 768w, https:\/\/sueca13flores.com\/wp-content\/uploads\/2023\/06\/20230606_110350-1152x1536.jpg 1152w, https:\/\/sueca13flores.com\/wp-content\/uploads\/2023\/06\/20230606_110350-1536x2048.jpg 1536w, https:\/\/sueca13flores.com\/wp-content\/uploads\/2023\/06\/20230606_110350-scaled.jpg 1920w\" sizes=\"auto, (max-width: 225px) 100vw, 225px\" \/><\/a>\n\t\t\t<\/div><\/figure><figure class='gallery-item'>\n\t\t\t<div class='gallery-icon portrait'>\n\t\t\t\t<a href='https:\/\/sueca13flores.com\/fr\/location-de-plantes-naturelles\/20230606_110517\/#main'><img loading=\"lazy\" decoding=\"async\" width=\"225\" height=\"300\" src=\"https:\/\/sueca13flores.com\/wp-content\/uploads\/2023\/06\/20230606_110517-225x300.jpg\" class=\"attachment-medium size-medium\" alt=\"\" srcset=\"https:\/\/sueca13flores.com\/wp-content\/uploads\/2023\/06\/20230606_110517-225x300.jpg 225w, https:\/\/sueca13flores.com\/wp-content\/uploads\/2023\/06\/20230606_110517-scaled-600x800.jpg 600w, https:\/\/sueca13flores.com\/wp-content\/uploads\/2023\/06\/20230606_110517-768x1024.jpg 768w, https:\/\/sueca13flores.com\/wp-content\/uploads\/2023\/06\/20230606_110517-1152x1536.jpg 1152w, https:\/\/sueca13flores.com\/wp-content\/uploads\/2023\/06\/20230606_110517-1536x2048.jpg 1536w, https:\/\/sueca13flores.com\/wp-content\/uploads\/2023\/06\/20230606_110517-scaled.jpg 1920w\" sizes=\"auto, (max-width: 225px) 100vw, 225px\" \/><\/a>\n\t\t\t<\/div><\/figure><figure class='gallery-item'>\n\t\t\t<div class='gallery-icon portrait'>\n\t\t\t\t<a href='https:\/\/sueca13flores.com\/fr\/location-de-plantes-naturelles\/20230606_110853\/#main'><img loading=\"lazy\" decoding=\"async\" width=\"225\" height=\"300\" src=\"https:\/\/sueca13flores.com\/wp-content\/uploads\/2023\/06\/20230606_110853-225x300.jpg\" class=\"attachment-medium size-medium\" alt=\"\" srcset=\"https:\/\/sueca13flores.com\/wp-content\/uploads\/2023\/06\/20230606_110853-225x300.jpg 225w, https:\/\/sueca13flores.com\/wp-content\/uploads\/2023\/06\/20230606_110853-scaled-600x800.jpg 600w, https:\/\/sueca13flores.com\/wp-content\/uploads\/2023\/06\/20230606_110853-768x1024.jpg 768w, https:\/\/sueca13flores.com\/wp-content\/uploads\/2023\/06\/20230606_110853-1152x1536.jpg 1152w, https:\/\/sueca13flores.com\/wp-content\/uploads\/2023\/06\/20230606_110853-1536x2048.jpg 1536w, https:\/\/sueca13flores.com\/wp-content\/uploads\/2023\/06\/20230606_110853-scaled.jpg 1920w\" sizes=\"auto, (max-width: 225px) 100vw, 225px\" \/><\/a>\n\t\t\t<\/div><\/figure>\n\t\t<\/div>","protected":false},"excerpt":{"rendered":"<p>Transforma tus espacios con nuestra exclusiva opci\u00f3n de alquiler de plantas. Te ofrecemos la oportunidad de disfrutar de la belleza y frescura de las plantas en cualquier evento o celebraci\u00f3n, oficina o espacios sin la necesidad de adquirirlas permanentemente. Descubre c\u00f3mo nuestro servicio de alquiler de plantas puede dar vida, estilo y un toque verde &#8230; <a title=\"Location de plantes naturelles\" class=\"read-more\" href=\"https:\/\/sueca13flores.com\/fr\/location-de-plantes-naturelles\/\" aria-label=\"En savoir plus sur Alquiler de Plantas Naturales\">Lire la suite<\/a><\/p>","protected":false},"author":2,"featured_media":717,"parent":0,"menu_order":0,"comment_status":"closed","ping_status":"closed","template":"","meta":{"footnotes":""},"class_list":["post-644","page","type-page","status-publish","has-post-thumbnail"],"_links":{"self":[{"href":"https:\/\/sueca13flores.com\/fr\/wp-json\/wp\/v2\/pages\/644","targetHints":{"allow":["GET"]}}],"collection":[{"href":"https:\/\/sueca13flores.com\/fr\/wp-json\/wp\/v2\/pages"}],"about":[{"href":"https:\/\/sueca13flores.com\/fr\/wp-json\/wp\/v2\/types\/page"}],"author":[{"embeddable":true,"href":"https:\/\/sueca13flores.com\/fr\/wp-json\/wp\/v2\/users\/2"}],"replies":[{"embeddable":true,"href":"https:\/\/sueca13flores.com\/fr\/wp-json\/wp\/v2\/comments?post=644"}],"version-history":[{"count":4,"href":"https:\/\/sueca13flores.com\/fr\/wp-json\/wp\/v2\/pages\/644\/revisions"}],"predecessor-version":[{"id":1224,"href":"https:\/\/sueca13flores.com\/fr\/wp-json\/wp\/v2\/pages\/644\/revisions\/1224"}],"wp:featuredmedia":[{"embeddable":true,"href":"https:\/\/sueca13flores.com\/fr\/wp-json\/wp\/v2\/media\/717"}],"wp:attachment":[{"href":"https:\/\/sueca13flores.com\/fr\/wp-json\/wp\/v2\/media?parent=644"}],"curies":[{"name":"wp","href":"https:\/\/api.w.org\/{rel}","templated":true}]}}