{"id":7,"date":"2020-06-18T11:24:44","date_gmt":"2020-06-18T09:24:44","guid":{"rendered":"https:\/\/sueca13flores.com\/panier\/"},"modified":"2025-09-19T10:44:13","modified_gmt":"2025-09-19T08:44:13","slug":"chariot","status":"publish","type":"page","link":"https:\/\/sueca13flores.com\/fr\/chariot\/","title":{"rendered":"Chariot"},"content":{"rendered":"<div data-block-name=\"woocommerce\/cart\" class=\"wp-block-woocommerce-cart is-loading\">\n<div data-block-name=\"woocommerce\/filled-cart-block\" class=\"wp-block-woocommerce-filled-cart-block\">\n<div data-block-name=\"woocommerce\/cart-items-block\" class=\"wp-block-woocommerce-cart-items-block\">\n<div data-block-name=\"woocommerce\/cart-line-items-block\" class=\"wp-block-woocommerce-cart-line-items-block\"><\/div>\n\n\n\n<div data-block-name=\"woocommerce\/cart-cross-sells-block\" class=\"wp-block-woocommerce-cart-cross-sells-block\">\n<h2 class=\"wp-block-heading has-large-font-size\">Vous pourriez \u00eatre int\u00e9ress\u00e9 par...<\/h2>\n\n\n\n<div data-block-name=\"woocommerce\/cart-cross-sells-products-block\" class=\"wp-block-woocommerce-cart-cross-sells-products-block\"><\/div>\n<\/div>\n<\/div>\n\n\n\n<div data-block-name=\"woocommerce\/cart-totals-block\" class=\"wp-block-woocommerce-cart-totals-block\">\n<div data-block-name=\"woocommerce\/cart-order-summary-block\" class=\"wp-block-woocommerce-cart-order-summary-block\">\n<div data-block-name=\"woocommerce\/cart-order-summary-heading-block\" class=\"wp-block-woocommerce-cart-order-summary-heading-block\"><\/div>\n\n\n\n<div data-block-name=\"woocommerce\/cart-order-summary-coupon-form-block\" class=\"wp-block-woocommerce-cart-order-summary-coupon-form-block\"><\/div>\n\n\n\n<div data-block-name=\"woocommerce\/cart-order-summary-totals-block\" class=\"wp-block-woocommerce-cart-order-summary-totals-block\">\n<div data-block-name=\"woocommerce\/cart-order-summary-subtotal-block\" class=\"wp-block-woocommerce-cart-order-summary-subtotal-block\"><\/div>\n\n\n\n<div data-block-name=\"woocommerce\/cart-order-summary-fee-block\" class=\"wp-block-woocommerce-cart-order-summary-fee-block\"><\/div>\n\n\n\n<div data-block-name=\"woocommerce\/cart-order-summary-discount-block\" class=\"wp-block-woocommerce-cart-order-summary-discount-block\"><\/div>\n\n\n\n<div data-block-name=\"woocommerce\/cart-order-summary-shipping-block\" class=\"wp-block-woocommerce-cart-order-summary-shipping-block\"><\/div>\n\n\n\n<div data-block-name=\"woocommerce\/cart-order-summary-taxes-block\" class=\"wp-block-woocommerce-cart-order-summary-taxes-block\"><\/div>\n<\/div>\n<\/div>\n\n\n\n<div data-block-name=\"woocommerce\/cart-express-payment-block\" class=\"wp-block-woocommerce-cart-express-payment-block\"><\/div>\n\n\n\n<div data-block-name=\"woocommerce\/proceed-to-checkout-block\" class=\"wp-block-woocommerce-proceed-to-checkout-block\"><\/div>\n\n\n\n<div data-block-name=\"woocommerce\/cart-accepted-payment-methods-block\" class=\"wp-block-woocommerce-cart-accepted-payment-methods-block\"><\/div>\n<\/div>\n<\/div>\n\n\n\n<div data-block-name=\"woocommerce\/empty-cart-block\" class=\"wp-block-woocommerce-empty-cart-block\">\n<h2 class=\"wp-block-heading has-text-align-center with-empty-cart-icon wc-block-cart__empty-cart__title\">Votre panier est actuellement vide !<\/h2>\n\n\n\n<p class=\"has-text-align-center\"><a href=\"https:\/\/sueca13flores.com\/fr\/\">Parcourir la boutique<\/a><\/p>\n\n\n\n<hr class=\"wp-block-separator has-alpha-channel-opacity is-style-dots\"\/>\n\n\n\n<h2 class=\"wp-block-heading has-text-align-center\">Nouveau en magasin<\/h2>\n\n\n<div data-block-name=\"woocommerce\/product-new\" data-columns=\"4\" data-rows=\"1\" class=\"wc-block-grid wp-block-product-new wp-block-woocommerce-product-new wc-block-product-new has-4-columns\"><ul class=\"wc-block-grid__products\"><li class=\"wc-block-grid__product\">\n\t\t\t\t<a href=\"https:\/\/sueca13flores.com\/fr\/produit\/vase-ambre-lime\/\" class=\"wc-block-grid__product-link\">\n\t\t\t\t\t\n\t\t\t\t\t<div class=\"wc-block-grid__product-image\"><img loading=\"lazy\" decoding=\"async\" width=\"300\" height=\"300\" src=\"https:\/\/sueca13flores.com\/wp-content\/uploads\/2026\/04\/JARRON-AMBRE-300x300.jpg\" class=\"attachment-woocommerce_thumbnail size-woocommerce_thumbnail\" alt=\"Vase Ambr\u00e9 Lima\" srcset=\"https:\/\/sueca13flores.com\/wp-content\/uploads\/2026\/04\/JARRON-AMBRE-300x300.jpg 300w, https:\/\/sueca13flores.com\/wp-content\/uploads\/2026\/04\/JARRON-AMBRE-150x150.jpg 150w, https:\/\/sueca13flores.com\/wp-content\/uploads\/2026\/04\/JARRON-AMBRE-100x100.jpg 100w\" sizes=\"auto, (max-width: 300px) 100vw, 300px\" \/><\/div>\n\t\t\t\t\t<div class=\"wc-block-grid__product-title\">Vase Ambr\u00e9 Lima<\/div>\n\t\t\t\t<\/a>\n\t\t\t\t<div class=\"wc-block-grid__product-price price\"><span class=\"woocommerce-Price-amount amount\"><span class=\"woocommerce-Price-currencySymbol\">\u20ac<\/span>15,00<\/span><\/div>\n\t\t\t\t\n\t\t\t\t<div class=\"wp-block-button wc-block-grid__product-add-to-cart\"><a href=\"\/fr\/wp-json\/wp\/v2\/pages\/7?add-to-cart=3672\" aria-label=\"Ajouter au panier\u00a0: \u201cJarr\u00f3n Ambr\u00e9 Lima\u201d\" data-quantity=\"1\" data-product_id=\"3672\" data-product_sku=\"\" data-price=\"15\" rel=\"nofollow\" class=\"wp-block-button__link  add_to_cart_button ajax_add_to_cart\" data-no-translation=\"\" data-trp-gettext=\"\" data-no-translation-aria-label=\"\">Ajouter au panier<\/a><\/div>\n\t\t\t<\/li><li class=\"wc-block-grid__product\">\n\t\t\t\t<a href=\"https:\/\/sueca13flores.com\/fr\/produit\/dragon-en-peluche-sant-jordi\/\" class=\"wc-block-grid__product-link\">\n\t\t\t\t\t\n\t\t\t\t\t<div class=\"wc-block-grid__product-image\"><img loading=\"lazy\" decoding=\"async\" width=\"300\" height=\"300\" src=\"https:\/\/sueca13flores.com\/wp-content\/uploads\/2026\/03\/PELUCHE-DRAGON-300x300.png\" class=\"attachment-woocommerce_thumbnail size-woocommerce_thumbnail\" alt=\"Peluche Sant Jordi Dragon\" srcset=\"https:\/\/sueca13flores.com\/wp-content\/uploads\/2026\/03\/PELUCHE-DRAGON-300x300.png 300w, https:\/\/sueca13flores.com\/wp-content\/uploads\/2026\/03\/PELUCHE-DRAGON-150x150.png 150w, https:\/\/sueca13flores.com\/wp-content\/uploads\/2026\/03\/PELUCHE-DRAGON-768x768.png 768w, https:\/\/sueca13flores.com\/wp-content\/uploads\/2026\/03\/PELUCHE-DRAGON-12x12.png 12w, https:\/\/sueca13flores.com\/wp-content\/uploads\/2026\/03\/PELUCHE-DRAGON-600x600.png 600w, https:\/\/sueca13flores.com\/wp-content\/uploads\/2026\/03\/PELUCHE-DRAGON-100x100.png 100w, https:\/\/sueca13flores.com\/wp-content\/uploads\/2026\/03\/PELUCHE-DRAGON.png 900w\" sizes=\"auto, (max-width: 300px) 100vw, 300px\" \/><\/div>\n\t\t\t\t\t<div class=\"wc-block-grid__product-title\">Peluche Sant Jordi Dragon<\/div>\n\t\t\t\t<\/a>\n\t\t\t\t<div class=\"wc-block-grid__product-price price\"><span class=\"woocommerce-Price-amount amount\"><span class=\"woocommerce-Price-currencySymbol\">\u20ac<\/span>15,00<\/span><\/div>\n\t\t\t\t\n\t\t\t\t<div class=\"wp-block-button wc-block-grid__product-add-to-cart\"><a href=\"\/fr\/wp-json\/wp\/v2\/pages\/7?add-to-cart=3660\" aria-label=\"Ajouter au panier\u00a0: \u201cDrag\u00f3n de Peluche Sant Jordi\u201d\" data-quantity=\"1\" data-product_id=\"3660\" data-product_sku=\"\" data-price=\"15\" rel=\"nofollow\" class=\"wp-block-button__link  add_to_cart_button ajax_add_to_cart\" data-no-translation=\"\" data-trp-gettext=\"\" data-no-translation-aria-label=\"\">Ajouter au panier<\/a><\/div>\n\t\t\t<\/li><li class=\"wc-block-grid__product\">\n\t\t\t\t<a href=\"https:\/\/sueca13flores.com\/fr\/produit\/pick-dragon-de-sant-jordi\/\" class=\"wc-block-grid__product-link\">\n\t\t\t\t\t\n\t\t\t\t\t<div class=\"wc-block-grid__product-image\"><img loading=\"lazy\" decoding=\"async\" width=\"300\" height=\"300\" src=\"https:\/\/sueca13flores.com\/wp-content\/uploads\/2026\/03\/PICK-DRAGON-300x300.png\" class=\"attachment-woocommerce_thumbnail size-woocommerce_thumbnail\" alt=\"Le choix du dragon de Sant Jordi\" srcset=\"https:\/\/sueca13flores.com\/wp-content\/uploads\/2026\/03\/PICK-DRAGON-300x300.png 300w, https:\/\/sueca13flores.com\/wp-content\/uploads\/2026\/03\/PICK-DRAGON-150x150.png 150w, https:\/\/sueca13flores.com\/wp-content\/uploads\/2026\/03\/PICK-DRAGON-768x768.png 768w, https:\/\/sueca13flores.com\/wp-content\/uploads\/2026\/03\/PICK-DRAGON-12x12.png 12w, https:\/\/sueca13flores.com\/wp-content\/uploads\/2026\/03\/PICK-DRAGON-600x600.png 600w, https:\/\/sueca13flores.com\/wp-content\/uploads\/2026\/03\/PICK-DRAGON-100x100.png 100w, https:\/\/sueca13flores.com\/wp-content\/uploads\/2026\/03\/PICK-DRAGON.png 900w\" sizes=\"auto, (max-width: 300px) 100vw, 300px\" \/><\/div>\n\t\t\t\t\t<div class=\"wc-block-grid__product-title\">Le choix du dragon de Sant Jordi<\/div>\n\t\t\t\t<\/a>\n\t\t\t\t<div class=\"wc-block-grid__product-price price\"><span class=\"woocommerce-Price-amount amount\"><span class=\"woocommerce-Price-currencySymbol\">\u20ac<\/span>3,00<\/span><\/div>\n\t\t\t\t\n\t\t\t\t<div class=\"wp-block-button wc-block-grid__product-add-to-cart\"><a href=\"\/fr\/wp-json\/wp\/v2\/pages\/7?add-to-cart=3658\" aria-label=\"Ajouter au panier\u00a0: \u201cPick Drag\u00f3n de Sant Jordi\u201d\" data-quantity=\"1\" data-product_id=\"3658\" data-product_sku=\"\" data-price=\"3\" rel=\"nofollow\" class=\"wp-block-button__link  add_to_cart_button ajax_add_to_cart\" data-no-translation=\"\" data-trp-gettext=\"\" data-no-translation-aria-label=\"\">Ajouter au panier<\/a><\/div>\n\t\t\t<\/li><li class=\"wc-block-grid__product\">\n\t\t\t\t<a href=\"https:\/\/sueca13flores.com\/fr\/produit\/centrito-sant-jordi\/\" class=\"wc-block-grid__product-link\">\n\t\t\t\t\t\n\t\t\t\t\t<div class=\"wc-block-grid__product-image\"><img loading=\"lazy\" decoding=\"async\" width=\"300\" height=\"300\" src=\"https:\/\/sueca13flores.com\/wp-content\/uploads\/2026\/03\/CESTA-SANT-JORDI-300x300.png\" class=\"attachment-woocommerce_thumbnail size-woocommerce_thumbnail\" alt=\"Centrito Sant Jordi\" srcset=\"https:\/\/sueca13flores.com\/wp-content\/uploads\/2026\/03\/CESTA-SANT-JORDI-300x300.png 300w, https:\/\/sueca13flores.com\/wp-content\/uploads\/2026\/03\/CESTA-SANT-JORDI-150x150.png 150w, https:\/\/sueca13flores.com\/wp-content\/uploads\/2026\/03\/CESTA-SANT-JORDI-768x768.png 768w, https:\/\/sueca13flores.com\/wp-content\/uploads\/2026\/03\/CESTA-SANT-JORDI-12x12.png 12w, https:\/\/sueca13flores.com\/wp-content\/uploads\/2026\/03\/CESTA-SANT-JORDI-600x600.png 600w, https:\/\/sueca13flores.com\/wp-content\/uploads\/2026\/03\/CESTA-SANT-JORDI-100x100.png 100w, https:\/\/sueca13flores.com\/wp-content\/uploads\/2026\/03\/CESTA-SANT-JORDI.png 900w\" sizes=\"auto, (max-width: 300px) 100vw, 300px\" \/><\/div>\n\t\t\t\t\t<div class=\"wc-block-grid__product-title\">Centrito Sant Jordi<\/div>\n\t\t\t\t<\/a>\n\t\t\t\t<div class=\"wc-block-grid__product-price price\"><span class=\"woocommerce-Price-amount amount\"><span class=\"woocommerce-Price-currencySymbol\">\u20ac<\/span>28,00<\/span><\/div>\n\t\t\t\t\n\t\t\t\t<div class=\"wp-block-button wc-block-grid__product-add-to-cart\"><a href=\"\/fr\/wp-json\/wp\/v2\/pages\/7?add-to-cart=3654\" aria-label=\"Ajouter au panier\u00a0: \u201cCentrito Sant Jordi\u201d\" data-quantity=\"1\" data-product_id=\"3654\" data-product_sku=\"\" data-price=\"28\" rel=\"nofollow\" class=\"wp-block-button__link  add_to_cart_button ajax_add_to_cart\" data-no-translation=\"\" data-trp-gettext=\"\" data-no-translation-aria-label=\"\">Ajouter au panier<\/a><\/div>\n\t\t\t<\/li><\/ul><\/div><\/div>\n<\/div>","protected":false},"excerpt":{"rendered":"","protected":false},"author":1,"featured_media":0,"parent":0,"menu_order":0,"comment_status":"closed","ping_status":"closed","template":"","meta":{"footnotes":""},"class_list":["post-7","page","type-page","status-publish"],"_links":{"self":[{"href":"https:\/\/sueca13flores.com\/fr\/wp-json\/wp\/v2\/pages\/7","targetHints":{"allow":["GET"]}}],"collection":[{"href":"https:\/\/sueca13flores.com\/fr\/wp-json\/wp\/v2\/pages"}],"about":[{"href":"https:\/\/sueca13flores.com\/fr\/wp-json\/wp\/v2\/types\/page"}],"author":[{"embeddable":true,"href":"https:\/\/sueca13flores.com\/fr\/wp-json\/wp\/v2\/users\/1"}],"replies":[{"embeddable":true,"href":"https:\/\/sueca13flores.com\/fr\/wp-json\/wp\/v2\/comments?post=7"}],"version-history":[{"count":6,"href":"https:\/\/sueca13flores.com\/fr\/wp-json\/wp\/v2\/pages\/7\/revisions"}],"predecessor-version":[{"id":3079,"href":"https:\/\/sueca13flores.com\/fr\/wp-json\/wp\/v2\/pages\/7\/revisions\/3079"}],"wp:attachment":[{"href":"https:\/\/sueca13flores.com\/fr\/wp-json\/wp\/v2\/media?parent=7"}],"curies":[{"name":"wp","href":"https:\/\/api.w.org\/{rel}","templated":true}]}}