{"id":1034,"date":"2024-03-07T17:53:15","date_gmt":"2024-03-07T16:53:15","guid":{"rendered":"https:\/\/sueca13flores.com\/?post_type=product&#038;p=1034"},"modified":"2026-01-26T19:15:23","modified_gmt":"2026-01-26T18:15:23","slug":"mini-dome-eternel-violet-rose-concepcion-arenal","status":"publish","type":"product","link":"https:\/\/sueca13flores.com\/fr\/produit\/mini-dome-eternel-violet-rose-concepcion-arenal\/","title":{"rendered":"Concepci\u00f3n Arenal Eternal Purple Pink Mini Dome"},"content":{"rendered":"","protected":false},"excerpt":{"rendered":"<p>&nbsp;<\/p>\n<p><span style=\"vertical-align: inherit;\"><span style=\"vertical-align: inherit;\"><span style=\"vertical-align: inherit;\"><span style=\"vertical-align: inherit;\">Laissez-vous s\u00e9duire par un monde de beaut\u00e9 et d'\u00e9l\u00e9gance avec notre captivant MINI D\u00f4me en Cristal avec Rose Pr\u00e9serv\u00e9e.<\/span><\/span><\/span><\/span><\/p>\n<p><span style=\"vertical-align: inherit;\"><span style=\"vertical-align: inherit;\"><span style=\"vertical-align: inherit;\"><span style=\"vertical-align: inherit;\">Il allie la d\u00e9licatesse d'une rose \u00e0 la transparence cristalline d'un d\u00f4me, cr\u00e9ant ainsi une pi\u00e8ce d\u00e9corative unique qui capture l'essence de l'amour et de la beaut\u00e9 \u00e9ternelle.<\/span><\/span><\/span><\/span><\/p>\n<p><span style=\"vertical-align: inherit;\"><span style=\"vertical-align: inherit;\"><span style=\"vertical-align: inherit;\"><span style=\"vertical-align: inherit;\">Le d\u00f4me de verre, par sa transparence, ajoute une touche de magie et de myst\u00e8re \u00e0 la rose conserv\u00e9e. <\/span><\/span><\/span><span style=\"vertical-align: inherit;\"><span style=\"vertical-align: inherit;\"><span style=\"vertical-align: inherit;\">Il prot\u00e8ge et met en valeur la rose, cr\u00e9ant ainsi une atmosph\u00e8re enchanteresse et captivante. <\/span><\/span><\/span><span style=\"vertical-align: inherit;\"><span style=\"vertical-align: inherit;\"><span style=\"vertical-align: inherit;\">La base du d\u00f4me, fabriqu\u00e9e \u00e0 partir de mat\u00e9riaux de haute qualit\u00e9 tels que le bois, assure la stabilit\u00e9 et une apparence \u00e9l\u00e9gante, permettant \u00e0 la rose de briller dans toute sa splendeur.<\/span><\/span><\/span><\/span><\/p>\n<p><span style=\"vertical-align: inherit;\"><span style=\"vertical-align: inherit;\"><span style=\"vertical-align: inherit;\"><span style=\"vertical-align: inherit;\">Ajoutez une touche de charme romantique \u00e0 votre maison ou surprenez quelqu'un de sp\u00e9cial avec notre captivant Dome.<\/span><\/span><\/span><\/span><\/p>\n<p><span style=\"vertical-align: inherit;\"><span style=\"vertical-align: inherit;\"><span style=\"vertical-align: inherit;\"><span style=\"vertical-align: inherit;\">Vous pouvez ajouter gratuitement une courte d\u00e9dicace.<\/span><\/span><\/span><\/span><\/p>\n<p><span style=\"vertical-align: inherit;\"><span style=\"vertical-align: inherit;\"><span style=\"vertical-align: inherit;\"><span style=\"vertical-align: inherit;\">Hauteur d'environ 18 cm.<\/span><\/span><\/span><\/span><\/p>","protected":false},"featured_media":1037,"comment_status":"open","ping_status":"closed","template":"","meta":[],"product_brand":[],"product_cat":[41,21],"product_tag":[],"class_list":{"0":"post-1034","1":"product","2":"type-product","3":"status-publish","4":"has-post-thumbnail","6":"product_cat-dia-de-la-mujer","7":"product_cat-flores-preservadas","9":"first","10":"instock","11":"taxable","12":"shipping-taxable","13":"purchasable","14":"product-type-simple"},"_links":{"self":[{"href":"https:\/\/sueca13flores.com\/fr\/wp-json\/wp\/v2\/product\/1034","targetHints":{"allow":["GET"]}}],"collection":[{"href":"https:\/\/sueca13flores.com\/fr\/wp-json\/wp\/v2\/product"}],"about":[{"href":"https:\/\/sueca13flores.com\/fr\/wp-json\/wp\/v2\/types\/product"}],"replies":[{"embeddable":true,"href":"https:\/\/sueca13flores.com\/fr\/wp-json\/wp\/v2\/comments?post=1034"}],"wp:featuredmedia":[{"embeddable":true,"href":"https:\/\/sueca13flores.com\/fr\/wp-json\/wp\/v2\/media\/1037"}],"wp:attachment":[{"href":"https:\/\/sueca13flores.com\/fr\/wp-json\/wp\/v2\/media?parent=1034"}],"wp:term":[{"taxonomy":"product_brand","embeddable":true,"href":"https:\/\/sueca13flores.com\/fr\/wp-json\/wp\/v2\/product_brand?post=1034"},{"taxonomy":"product_cat","embeddable":true,"href":"https:\/\/sueca13flores.com\/fr\/wp-json\/wp\/v2\/product_cat?post=1034"},{"taxonomy":"product_tag","embeddable":true,"href":"https:\/\/sueca13flores.com\/fr\/wp-json\/wp\/v2\/product_tag?post=1034"}],"curies":[{"name":"wp","href":"https:\/\/api.w.org\/{rel}","templated":true}]}}