{"id":164,"date":"2020-11-13T13:54:12","date_gmt":"2020-11-13T12:54:12","guid":{"rendered":"https:\/\/sueca13flores.com\/?post_type=product&#038;p=164"},"modified":"2025-10-17T19:01:13","modified_gmt":"2025-10-17T17:01:13","slug":"bouquets-de-fleurs-conservees-et-sechees","status":"publish","type":"product","link":"https:\/\/sueca13flores.com\/fr\/produit\/bouquets-de-fleurs-conservees-et-sechees\/","title":{"rendered":"Bouquets de fleurs conserv\u00e9es et s\u00e9ch\u00e9es"},"content":{"rendered":"","protected":false},"excerpt":{"rendered":"<p>Petits bouquets de fleurs conserv\u00e9es et s\u00e9ch\u00e9es. Id\u00e9al pour les amateurs de fleurs qui ne n\u00e9cessitent pas beaucoup de soins. Comme il s'agit de fleurs naturelles conserv\u00e9es, elles n'ont pas besoin d'eau et restent belles pendant longtemps.<\/p>\n<p>Les couleurs sont vari\u00e9es en fonction de la composition florale, tout comme les fleurs que nous utilisons. Chaque bouquet est unique car il est fait \u00e0 la main. Ils sont tous compos\u00e9s d'hortensias conserv\u00e9s, de verdures telles que la foug\u00e8re \u00e9p\u00e9e, et de fleurs s\u00e9ch\u00e9es telles que le limonium, la paniculata, etc.<\/p>\n<p>Nous recommandons de ne pas les exposer \u00e0 la lumi\u00e8re du soleil et de ne pas les mouiller, afin de les conserver longtemps dans des conditions id\u00e9ales.<\/p>\n<p>&nbsp;<\/p>\n<p>&nbsp;<\/p>","protected":false},"featured_media":165,"comment_status":"open","ping_status":"closed","template":"","meta":[],"product_brand":[],"product_cat":[21],"product_tag":[],"class_list":{"0":"post-164","1":"product","2":"type-product","3":"status-publish","4":"has-post-thumbnail","6":"product_cat-flores-preservadas","8":"first","9":"instock","10":"taxable","11":"shipping-taxable","12":"purchasable","13":"product-type-simple"},"_links":{"self":[{"href":"https:\/\/sueca13flores.com\/fr\/wp-json\/wp\/v2\/product\/164","targetHints":{"allow":["GET"]}}],"collection":[{"href":"https:\/\/sueca13flores.com\/fr\/wp-json\/wp\/v2\/product"}],"about":[{"href":"https:\/\/sueca13flores.com\/fr\/wp-json\/wp\/v2\/types\/product"}],"replies":[{"embeddable":true,"href":"https:\/\/sueca13flores.com\/fr\/wp-json\/wp\/v2\/comments?post=164"}],"wp:featuredmedia":[{"embeddable":true,"href":"https:\/\/sueca13flores.com\/fr\/wp-json\/wp\/v2\/media\/165"}],"wp:attachment":[{"href":"https:\/\/sueca13flores.com\/fr\/wp-json\/wp\/v2\/media?parent=164"}],"wp:term":[{"taxonomy":"product_brand","embeddable":true,"href":"https:\/\/sueca13flores.com\/fr\/wp-json\/wp\/v2\/product_brand?post=164"},{"taxonomy":"product_cat","embeddable":true,"href":"https:\/\/sueca13flores.com\/fr\/wp-json\/wp\/v2\/product_cat?post=164"},{"taxonomy":"product_tag","embeddable":true,"href":"https:\/\/sueca13flores.com\/fr\/wp-json\/wp\/v2\/product_tag?post=164"}],"curies":[{"name":"wp","href":"https:\/\/api.w.org\/{rel}","templated":true}]}}