{"id":198,"date":"2020-11-27T22:41:31","date_gmt":"2020-11-27T21:41:31","guid":{"rendered":"https:\/\/sueca13flores.com\/?post_type=product&#038;p=198"},"modified":"2025-07-29T09:41:59","modified_gmt":"2025-07-29T07:41:59","slug":"anneau-floral-preserve","status":"publish","type":"product","link":"https:\/\/sueca13flores.com\/fr\/produit\/anneau-floral-preserve\/","title":{"rendered":"Anneau floral pr\u00e9serv\u00e9"},"content":{"rendered":"<p><span style=\"vertical-align: inherit;\"><span style=\"vertical-align: inherit;\">Ces magnifiques boucles d'oreilles florales ont la particularit\u00e9 d'\u00eatre fabriqu\u00e9es avec des fleurs naturelles conserv\u00e9es, une technique de s\u00e9chage qui leur permet de rester aussi belles pendant longtemps. La bague est compos\u00e9e d'eucalyptus cinerea, de roses et de coton. Douceur et d\u00e9licatesse \u00e0 l'\u00e9tat pur dans ces tons doux.<\/span><\/span><\/p>\n<p><span style=\"vertical-align: inherit;\"><span style=\"vertical-align: inherit;\">Si vous souhaitez un ton plus \u00e9lev\u00e9 ou un autre type de fleur, vous pouvez passer votre commande. Toutes les boucles d'oreilles sont faites \u00e0 la main, uniques et exclusives.<\/span><\/span><\/p>","protected":false},"excerpt":{"rendered":"<p><span style=\"vertical-align: inherit;\"><span style=\"vertical-align: inherit;\">Ces magnifiques boucles d'oreilles florales ont la particularit\u00e9 d'\u00eatre fabriqu\u00e9es avec des fleurs naturelles conserv\u00e9es, une technique de s\u00e9chage qui leur permet de rester aussi belles pendant longtemps. La bague est compos\u00e9e d'eucalyptus cinerea, de roses et de coton. Douceur et d\u00e9licatesse \u00e0 l'\u00e9tat pur dans ces tons doux.<\/span><\/span><\/p>\n<p><span style=\"vertical-align: inherit;\"><span style=\"vertical-align: inherit;\">Si vous souhaitez un ton plus \u00e9lev\u00e9 ou un autre type de fleur, vous pouvez passer votre commande. Toutes les boucles d'oreilles sont faites \u00e0 la main, uniques et exclusives.<\/span><\/span><\/p>","protected":false},"featured_media":199,"comment_status":"closed","ping_status":"closed","template":"","meta":[],"product_brand":[],"product_cat":[21],"product_tag":[],"class_list":{"0":"post-198","1":"product","2":"type-product","3":"status-publish","4":"has-post-thumbnail","6":"product_cat-flores-preservadas","8":"first","9":"onbackorder","10":"taxable","11":"shipping-taxable","12":"purchasable","13":"product-type-simple"},"_links":{"self":[{"href":"https:\/\/sueca13flores.com\/fr\/wp-json\/wp\/v2\/product\/198","targetHints":{"allow":["GET"]}}],"collection":[{"href":"https:\/\/sueca13flores.com\/fr\/wp-json\/wp\/v2\/product"}],"about":[{"href":"https:\/\/sueca13flores.com\/fr\/wp-json\/wp\/v2\/types\/product"}],"replies":[{"embeddable":true,"href":"https:\/\/sueca13flores.com\/fr\/wp-json\/wp\/v2\/comments?post=198"}],"wp:featuredmedia":[{"embeddable":true,"href":"https:\/\/sueca13flores.com\/fr\/wp-json\/wp\/v2\/media\/199"}],"wp:attachment":[{"href":"https:\/\/sueca13flores.com\/fr\/wp-json\/wp\/v2\/media?parent=198"}],"wp:term":[{"taxonomy":"product_brand","embeddable":true,"href":"https:\/\/sueca13flores.com\/fr\/wp-json\/wp\/v2\/product_brand?post=198"},{"taxonomy":"product_cat","embeddable":true,"href":"https:\/\/sueca13flores.com\/fr\/wp-json\/wp\/v2\/product_cat?post=198"},{"taxonomy":"product_tag","embeddable":true,"href":"https:\/\/sueca13flores.com\/fr\/wp-json\/wp\/v2\/product_tag?post=198"}],"curies":[{"name":"wp","href":"https:\/\/api.w.org\/{rel}","templated":true}]}}