{"id":2392,"date":"2024-11-25T20:00:17","date_gmt":"2024-11-25T19:00:17","guid":{"rendered":"https:\/\/sueca13flores.com\/?post_type=product&#038;p=2392"},"modified":"2026-01-02T10:46:36","modified_gmt":"2026-01-02T09:46:36","slug":"ardisia-crenata","status":"publish","type":"product","link":"https:\/\/sueca13flores.com\/fr\/produit\/ardisia-crenata\/","title":{"rendered":"Ardisia crenata"},"content":{"rendered":"","protected":false},"excerpt":{"rendered":"<p>Ajoutez une touche \u00e0 votre maison avec cette magnifique baie rouge ardisia crenata. Livr\u00e9 d\u00e9cor\u00e9 avec un emballage et un ruban de No\u00ebl. Cette d\u00e9coration de No\u00ebl est organique et botanique.<\/p>\n<p>Vous pouvez ajouter gratuitement une courte d\u00e9dicace.<\/p>\n<p>Hauteur d'environ 40-45 cm.<\/p>","protected":false},"featured_media":2393,"comment_status":"open","ping_status":"closed","template":"","meta":[],"product_brand":[],"product_cat":[39],"product_tag":[],"class_list":{"0":"post-2392","1":"product","2":"type-product","3":"status-publish","4":"has-post-thumbnail","6":"product_cat-navidad","8":"first","9":"outofstock","10":"taxable","11":"shipping-taxable","12":"purchasable","13":"product-type-simple"},"_links":{"self":[{"href":"https:\/\/sueca13flores.com\/fr\/wp-json\/wp\/v2\/product\/2392","targetHints":{"allow":["GET"]}}],"collection":[{"href":"https:\/\/sueca13flores.com\/fr\/wp-json\/wp\/v2\/product"}],"about":[{"href":"https:\/\/sueca13flores.com\/fr\/wp-json\/wp\/v2\/types\/product"}],"replies":[{"embeddable":true,"href":"https:\/\/sueca13flores.com\/fr\/wp-json\/wp\/v2\/comments?post=2392"}],"wp:featuredmedia":[{"embeddable":true,"href":"https:\/\/sueca13flores.com\/fr\/wp-json\/wp\/v2\/media\/2393"}],"wp:attachment":[{"href":"https:\/\/sueca13flores.com\/fr\/wp-json\/wp\/v2\/media?parent=2392"}],"wp:term":[{"taxonomy":"product_brand","embeddable":true,"href":"https:\/\/sueca13flores.com\/fr\/wp-json\/wp\/v2\/product_brand?post=2392"},{"taxonomy":"product_cat","embeddable":true,"href":"https:\/\/sueca13flores.com\/fr\/wp-json\/wp\/v2\/product_cat?post=2392"},{"taxonomy":"product_tag","embeddable":true,"href":"https:\/\/sueca13flores.com\/fr\/wp-json\/wp\/v2\/product_tag?post=2392"}],"curies":[{"name":"wp","href":"https:\/\/api.w.org\/{rel}","templated":true}]}}