{"id":2400,"date":"2024-11-25T20:19:44","date_gmt":"2024-11-25T19:19:44","guid":{"rendered":"https:\/\/sueca13flores.com\/?post_type=product&#038;p=2400"},"modified":"2025-12-16T17:36:36","modified_gmt":"2025-12-16T16:36:36","slug":"atelier-couronnes-de-noel-30-11-de-18h-a-20h","status":"publish","type":"product","link":"https:\/\/sueca13flores.com\/fr\/produit\/atelier-couronnes-de-noel-30-11-de-18h-a-20h\/","title":{"rendered":"Atelier \u00ab Centres de table pour les petits \u00bb le 13\/12 \u00e0 17h30"},"content":{"rendered":"","protected":false},"excerpt":{"rendered":"<p>R\u00e9servez votre place pour cet atelier amusant de cr\u00e9ation de centres de table pour les enfants de 5 \u00e0 12 ans.  Ils apprendront, gr\u00e2ce \u00e0 des techniques de fleuristerie, \u00e0 confectionner leur propre centre de table pour d\u00e9corer les f\u00eates. Nous utiliserons des mat\u00e9riaux naturels et aromatiques tels que le sapin, l'eucalyptus, le thuya et toutes sortes de d\u00e9corations de No\u00ebl aromatiques et \u00e9cologiques. Et nous laisserons libre cours \u00e0 leur imagination.<\/p>\n<p>L'atelier comprend tout le mat\u00e9riel n\u00e9cessaire et un petit-d\u00e9jeuner pour reprendre des forces.<\/p>\n<p>&nbsp;<\/p>","protected":false},"featured_media":3305,"comment_status":"open","ping_status":"closed","template":"","meta":[],"product_brand":[],"product_cat":[39],"product_tag":[],"class_list":{"0":"post-2400","1":"product","2":"type-product","3":"status-publish","4":"has-post-thumbnail","6":"product_cat-navidad","8":"first","9":"outofstock","10":"taxable","11":"shipping-taxable","12":"purchasable","13":"product-type-simple"},"_links":{"self":[{"href":"https:\/\/sueca13flores.com\/fr\/wp-json\/wp\/v2\/product\/2400","targetHints":{"allow":["GET"]}}],"collection":[{"href":"https:\/\/sueca13flores.com\/fr\/wp-json\/wp\/v2\/product"}],"about":[{"href":"https:\/\/sueca13flores.com\/fr\/wp-json\/wp\/v2\/types\/product"}],"replies":[{"embeddable":true,"href":"https:\/\/sueca13flores.com\/fr\/wp-json\/wp\/v2\/comments?post=2400"}],"wp:featuredmedia":[{"embeddable":true,"href":"https:\/\/sueca13flores.com\/fr\/wp-json\/wp\/v2\/media\/3305"}],"wp:attachment":[{"href":"https:\/\/sueca13flores.com\/fr\/wp-json\/wp\/v2\/media?parent=2400"}],"wp:term":[{"taxonomy":"product_brand","embeddable":true,"href":"https:\/\/sueca13flores.com\/fr\/wp-json\/wp\/v2\/product_brand?post=2400"},{"taxonomy":"product_cat","embeddable":true,"href":"https:\/\/sueca13flores.com\/fr\/wp-json\/wp\/v2\/product_cat?post=2400"},{"taxonomy":"product_tag","embeddable":true,"href":"https:\/\/sueca13flores.com\/fr\/wp-json\/wp\/v2\/product_tag?post=2400"}],"curies":[{"name":"wp","href":"https:\/\/api.w.org\/{rel}","templated":true}]}}