{"id":2416,"date":"2024-12-15T18:27:22","date_gmt":"2024-12-15T17:27:22","guid":{"rendered":"https:\/\/sueca13flores.com\/?post_type=product&#038;p=2416"},"modified":"2025-12-16T17:24:24","modified_gmt":"2025-12-16T16:24:24","slug":"atelier-couronnes-de-noel-22-12-de-17-a-19-h","status":"publish","type":"product","link":"https:\/\/sueca13flores.com\/fr\/produit\/atelier-couronnes-de-noel-22-12-de-17-a-19-h\/","title":{"rendered":"Atelier Couronnes de No\u00ebl 12\/12 de 18 h \u00e0 20 h"},"content":{"rendered":"","protected":false},"excerpt":{"rendered":"<p>R\u00e9servez votre place ou offrez ce merveilleux atelier sur les couronnes de No\u00ebl.<\/p>\n<p>Vous apprendrez \u00e0 fabriquer votre propre couronne en utilisant des mat\u00e9riaux naturels tels que le sapin, l'eucalyptus, le thuya et toutes sortes de d\u00e9corations de No\u00ebl aromatiques et \u00e9cologiques.<\/p>\n<p>Comprend tout le mat\u00e9riel et le go\u00fbter.<\/p>","protected":false},"featured_media":2399,"comment_status":"open","ping_status":"closed","template":"","meta":[],"product_brand":[],"product_cat":[39],"product_tag":[],"class_list":{"0":"post-2416","1":"product","2":"type-product","3":"status-publish","4":"has-post-thumbnail","6":"product_cat-navidad","8":"first","9":"outofstock","10":"taxable","11":"shipping-taxable","12":"purchasable","13":"product-type-simple"},"_links":{"self":[{"href":"https:\/\/sueca13flores.com\/fr\/wp-json\/wp\/v2\/product\/2416","targetHints":{"allow":["GET"]}}],"collection":[{"href":"https:\/\/sueca13flores.com\/fr\/wp-json\/wp\/v2\/product"}],"about":[{"href":"https:\/\/sueca13flores.com\/fr\/wp-json\/wp\/v2\/types\/product"}],"replies":[{"embeddable":true,"href":"https:\/\/sueca13flores.com\/fr\/wp-json\/wp\/v2\/comments?post=2416"}],"wp:featuredmedia":[{"embeddable":true,"href":"https:\/\/sueca13flores.com\/fr\/wp-json\/wp\/v2\/media\/2399"}],"wp:attachment":[{"href":"https:\/\/sueca13flores.com\/fr\/wp-json\/wp\/v2\/media?parent=2416"}],"wp:term":[{"taxonomy":"product_brand","embeddable":true,"href":"https:\/\/sueca13flores.com\/fr\/wp-json\/wp\/v2\/product_brand?post=2416"},{"taxonomy":"product_cat","embeddable":true,"href":"https:\/\/sueca13flores.com\/fr\/wp-json\/wp\/v2\/product_cat?post=2416"},{"taxonomy":"product_tag","embeddable":true,"href":"https:\/\/sueca13flores.com\/fr\/wp-json\/wp\/v2\/product_tag?post=2416"}],"curies":[{"name":"wp","href":"https:\/\/api.w.org\/{rel}","templated":true}]}}