{"id":2496,"date":"2025-01-26T19:44:31","date_gmt":"2025-01-26T18:44:31","guid":{"rendered":"https:\/\/sueca13flores.com\/?post_type=product&#038;p=2496"},"modified":"2026-02-19T17:28:35","modified_gmt":"2026-02-19T16:28:35","slug":"bombonera-de-roses-confites","status":"publish","type":"product","link":"https:\/\/sueca13flores.com\/fr\/produit\/bombonera-de-roses-confites\/","title":{"rendered":"Mini-bombonni\u00e8res de roses en conserve"},"content":{"rendered":"","protected":false},"excerpt":{"rendered":"<p>&nbsp;<\/p>\n<p>Cette belle et coquette bonbonni\u00e8re est un d\u00e9tail \u00e9l\u00e9gant et durable de roses rouges confites, de paniculata et de verdure.<\/p>\n<p>Une composition artisanale r\u00e9alis\u00e9e avec soin et attention, en choisissant les meilleures roses, pour pouvoir donner toute la passion et l'amour sans dire un mot.<\/p>\n<p>Les fleurs conserv\u00e9es restent belles pendant longtemps si elles ne sont pas expos\u00e9es au soleil et \u00e0 l'humidit\u00e9.<\/p>\n<p>Offrez le cadeau d'une passion durable.<\/p>\n<p>Vous pouvez ajouter gratuitement une courte d\u00e9dicace.<\/p>","protected":false},"featured_media":2499,"comment_status":"open","ping_status":"closed","template":"","meta":[],"product_brand":[],"product_cat":[38,21,24],"product_tag":[],"class_list":{"0":"post-2496","1":"product","2":"type-product","3":"status-publish","4":"has-post-thumbnail","6":"product_cat-centros-y-cestas-de-flores","7":"product_cat-flores-preservadas","8":"product_cat-rosas","10":"first","11":"instock","12":"taxable","13":"shipping-taxable","14":"purchasable","15":"product-type-simple"},"_links":{"self":[{"href":"https:\/\/sueca13flores.com\/fr\/wp-json\/wp\/v2\/product\/2496","targetHints":{"allow":["GET"]}}],"collection":[{"href":"https:\/\/sueca13flores.com\/fr\/wp-json\/wp\/v2\/product"}],"about":[{"href":"https:\/\/sueca13flores.com\/fr\/wp-json\/wp\/v2\/types\/product"}],"replies":[{"embeddable":true,"href":"https:\/\/sueca13flores.com\/fr\/wp-json\/wp\/v2\/comments?post=2496"}],"wp:featuredmedia":[{"embeddable":true,"href":"https:\/\/sueca13flores.com\/fr\/wp-json\/wp\/v2\/media\/2499"}],"wp:attachment":[{"href":"https:\/\/sueca13flores.com\/fr\/wp-json\/wp\/v2\/media?parent=2496"}],"wp:term":[{"taxonomy":"product_brand","embeddable":true,"href":"https:\/\/sueca13flores.com\/fr\/wp-json\/wp\/v2\/product_brand?post=2496"},{"taxonomy":"product_cat","embeddable":true,"href":"https:\/\/sueca13flores.com\/fr\/wp-json\/wp\/v2\/product_cat?post=2496"},{"taxonomy":"product_tag","embeddable":true,"href":"https:\/\/sueca13flores.com\/fr\/wp-json\/wp\/v2\/product_tag?post=2496"}],"curies":[{"name":"wp","href":"https:\/\/api.w.org\/{rel}","templated":true}]}}