{"id":2552,"date":"2025-02-11T13:03:18","date_gmt":"2025-02-11T12:03:18","guid":{"rendered":"https:\/\/sueca13flores.com\/?post_type=product&#038;p=2552"},"modified":"2026-02-19T12:20:49","modified_gmt":"2026-02-19T11:20:49","slug":"hortensia-preserve-bouquet-rouge","status":"publish","type":"product","link":"https:\/\/sueca13flores.com\/fr\/produit\/hortensia-preserve-bouquet-rouge\/","title":{"rendered":"Bouquet d'hortensias au grenat pr\u00e9serv\u00e9"},"content":{"rendered":"","protected":false},"excerpt":{"rendered":"<p>&nbsp;<\/p>\n<p>Une fleur d'hortensia conserv\u00e9e, unique et \u00e9l\u00e9gante, de couleur marron, pour t\u00e9moigner de l'amour \u00e9ternel. Elle dure aussi longtemps si vous la prot\u00e9gez du soleil et de l'humidit\u00e9. L'amour condens\u00e9 dans une fleur. Vase non inclus.<\/p>","protected":false},"featured_media":3476,"comment_status":"open","ping_status":"closed","template":"","meta":[],"product_brand":[],"product_cat":[21],"product_tag":[],"class_list":{"0":"post-2552","1":"product","2":"type-product","3":"status-publish","4":"has-post-thumbnail","6":"product_cat-flores-preservadas","8":"first","9":"instock","10":"taxable","11":"shipping-taxable","12":"purchasable","13":"product-type-simple"},"_links":{"self":[{"href":"https:\/\/sueca13flores.com\/fr\/wp-json\/wp\/v2\/product\/2552","targetHints":{"allow":["GET"]}}],"collection":[{"href":"https:\/\/sueca13flores.com\/fr\/wp-json\/wp\/v2\/product"}],"about":[{"href":"https:\/\/sueca13flores.com\/fr\/wp-json\/wp\/v2\/types\/product"}],"replies":[{"embeddable":true,"href":"https:\/\/sueca13flores.com\/fr\/wp-json\/wp\/v2\/comments?post=2552"}],"wp:featuredmedia":[{"embeddable":true,"href":"https:\/\/sueca13flores.com\/fr\/wp-json\/wp\/v2\/media\/3476"}],"wp:attachment":[{"href":"https:\/\/sueca13flores.com\/fr\/wp-json\/wp\/v2\/media?parent=2552"}],"wp:term":[{"taxonomy":"product_brand","embeddable":true,"href":"https:\/\/sueca13flores.com\/fr\/wp-json\/wp\/v2\/product_brand?post=2552"},{"taxonomy":"product_cat","embeddable":true,"href":"https:\/\/sueca13flores.com\/fr\/wp-json\/wp\/v2\/product_cat?post=2552"},{"taxonomy":"product_tag","embeddable":true,"href":"https:\/\/sueca13flores.com\/fr\/wp-json\/wp\/v2\/product_tag?post=2552"}],"curies":[{"name":"wp","href":"https:\/\/api.w.org\/{rel}","templated":true}]}}