{"id":2613,"date":"2025-03-03T19:22:32","date_gmt":"2025-03-03T18:22:32","guid":{"rendered":"https:\/\/sueca13flores.com\/?post_type=product&#038;p=2613"},"modified":"2025-03-03T19:23:07","modified_gmt":"2025-03-03T18:23:07","slug":"bouquet-8m-le-fleuriste","status":"publish","type":"product","link":"https:\/\/sueca13flores.com\/fr\/produit\/bouquet-8m-le-fleuriste\/","title":{"rendered":"Bouquet 8M La Florista"},"content":{"rendered":"","protected":false},"excerpt":{"rendered":"<p>&nbsp;<\/p>\n<p>Bouquet surprise de fleurs fra\u00eeches, au choix du fleuriste, pour comm\u00e9morer la Journ\u00e9e de la femme au travail. Tous les bouquets sont accompagn\u00e9s de fleurs color\u00e9es avec quelques touches de violet. Ajoutez une br\u00e8ve d\u00e9dicace gratuite.<\/p>","protected":false},"featured_media":2614,"comment_status":"open","ping_status":"closed","template":"","meta":[],"product_brand":[],"product_cat":[41],"product_tag":[],"class_list":{"0":"post-2613","1":"product","2":"type-product","3":"status-publish","4":"has-post-thumbnail","6":"product_cat-dia-de-la-mujer","8":"first","9":"instock","10":"taxable","11":"shipping-taxable","12":"purchasable","13":"product-type-simple"},"_links":{"self":[{"href":"https:\/\/sueca13flores.com\/fr\/wp-json\/wp\/v2\/product\/2613","targetHints":{"allow":["GET"]}}],"collection":[{"href":"https:\/\/sueca13flores.com\/fr\/wp-json\/wp\/v2\/product"}],"about":[{"href":"https:\/\/sueca13flores.com\/fr\/wp-json\/wp\/v2\/types\/product"}],"replies":[{"embeddable":true,"href":"https:\/\/sueca13flores.com\/fr\/wp-json\/wp\/v2\/comments?post=2613"}],"wp:featuredmedia":[{"embeddable":true,"href":"https:\/\/sueca13flores.com\/fr\/wp-json\/wp\/v2\/media\/2614"}],"wp:attachment":[{"href":"https:\/\/sueca13flores.com\/fr\/wp-json\/wp\/v2\/media?parent=2613"}],"wp:term":[{"taxonomy":"product_brand","embeddable":true,"href":"https:\/\/sueca13flores.com\/fr\/wp-json\/wp\/v2\/product_brand?post=2613"},{"taxonomy":"product_cat","embeddable":true,"href":"https:\/\/sueca13flores.com\/fr\/wp-json\/wp\/v2\/product_cat?post=2613"},{"taxonomy":"product_tag","embeddable":true,"href":"https:\/\/sueca13flores.com\/fr\/wp-json\/wp\/v2\/product_tag?post=2613"}],"curies":[{"name":"wp","href":"https:\/\/api.w.org\/{rel}","templated":true}]}}