{"id":2773,"date":"2025-04-27T11:16:34","date_gmt":"2025-04-27T09:16:34","guid":{"rendered":"https:\/\/sueca13flores.com\/?post_type=product&#038;p=2773"},"modified":"2025-04-27T11:16:35","modified_gmt":"2025-04-27T09:16:35","slug":"la-dolceta-bouquet","status":"publish","type":"product","link":"https:\/\/sueca13flores.com\/fr\/produit\/la-dolceta-bouquet\/","title":{"rendered":"Le bouquet La Dol\u00e7eta"},"content":{"rendered":"","protected":false},"excerpt":{"rendered":"<p>&nbsp;<\/p>\n<p>Le bouquet le plus doux et le plus coquet de la collection. Une combinaison parfaite de couleurs douces comme les roses blanches, les hortensias bleus, des touches de verdure aromatique comme le lentisque, la douceur du limonium blanc et la touche sp\u00e9ciale des v\u00e9roniques, font de ce bouquet un plaisir pour les sens et un cadeau unique qui restera grav\u00e9 dans les m\u00e9moires pendant de nombreuses ann\u00e9es.<\/p>\n<p>Tous nos bouquets sont confectionn\u00e9s avec le plus grand soin, avec des fleurs de qualit\u00e9 sup\u00e9rieure et beaucoup d'art floral.<\/p>\n<p>Vous pouvez ajouter gratuitement une courte d\u00e9dicace.<\/p>","protected":false},"featured_media":2776,"comment_status":"closed","ping_status":"closed","template":"","meta":[],"product_brand":[],"product_cat":[42,26],"product_tag":[],"class_list":{"0":"post-2773","1":"product","2":"type-product","3":"status-publish","4":"has-post-thumbnail","6":"product_cat-dia-de-la-madre","7":"product_cat-composiciones-de-flores-y-plantas","9":"first","10":"instock","11":"taxable","12":"shipping-taxable","13":"purchasable","14":"product-type-simple"},"_links":{"self":[{"href":"https:\/\/sueca13flores.com\/fr\/wp-json\/wp\/v2\/product\/2773","targetHints":{"allow":["GET"]}}],"collection":[{"href":"https:\/\/sueca13flores.com\/fr\/wp-json\/wp\/v2\/product"}],"about":[{"href":"https:\/\/sueca13flores.com\/fr\/wp-json\/wp\/v2\/types\/product"}],"replies":[{"embeddable":true,"href":"https:\/\/sueca13flores.com\/fr\/wp-json\/wp\/v2\/comments?post=2773"}],"wp:featuredmedia":[{"embeddable":true,"href":"https:\/\/sueca13flores.com\/fr\/wp-json\/wp\/v2\/media\/2776"}],"wp:attachment":[{"href":"https:\/\/sueca13flores.com\/fr\/wp-json\/wp\/v2\/media?parent=2773"}],"wp:term":[{"taxonomy":"product_brand","embeddable":true,"href":"https:\/\/sueca13flores.com\/fr\/wp-json\/wp\/v2\/product_brand?post=2773"},{"taxonomy":"product_cat","embeddable":true,"href":"https:\/\/sueca13flores.com\/fr\/wp-json\/wp\/v2\/product_cat?post=2773"},{"taxonomy":"product_tag","embeddable":true,"href":"https:\/\/sueca13flores.com\/fr\/wp-json\/wp\/v2\/product_tag?post=2773"}],"curies":[{"name":"wp","href":"https:\/\/api.w.org\/{rel}","templated":true}]}}